{"id":160,"date":"2018-04-26T21:44:06","date_gmt":"2018-04-26T21:44:06","guid":{"rendered":"https:\/\/www.cnbs.gob.hn\/dimtra\/?page_id=160"},"modified":"2022-03-31T14:08:14","modified_gmt":"2022-03-31T20:08:14","slug":"preguntas-frecuentes","status":"publish","type":"page","link":"https:\/\/www.cnbs.gob.hn\/dimtra\/preguntas-frecuentes\/","title":{"rendered":"Preguntas Frecuentes"},"content":{"rendered":"\t\t<div data-elementor-type=\"wp-post\" data-elementor-id=\"160\" class=\"elementor elementor-160 elementor-bc-flex-widget\">\n\t\t\t\t\t\t<section class=\"elementor-section elementor-top-section elementor-element elementor-element-11509f6 elementor-section-boxed elementor-section-height-default elementor-section-height-default\" data-id=\"11509f6\" data-element_type=\"section\" data-e-type=\"section\">\n\t\t\t\t\t\t<div class=\"elementor-container elementor-column-gap-default\">\n\t\t\t\t\t<div class=\"elementor-column elementor-col-100 elementor-top-column elementor-element elementor-element-b99a0fb\" data-id=\"b99a0fb\" data-element_type=\"column\" data-e-type=\"column\">\n\t\t\t<div class=\"elementor-widget-wrap elementor-element-populated\">\n\t\t\t\t\t\t<div class=\"elementor-element elementor-element-25a65ca elementor-widget elementor-widget-accordion\" data-id=\"25a65ca\" data-element_type=\"widget\" data-e-type=\"widget\" data-widget_type=\"accordion.default\">\n\t\t\t\t<div class=\"elementor-widget-container\">\n\t\t\t\t\t\t\t<div class=\"elementor-accordion\">\n\t\t\t\t\t\t\t<div class=\"elementor-accordion-item\">\n\t\t\t\t\t<div id=\"elementor-tab-title-3941\" class=\"elementor-tab-title\" data-tab=\"1\" role=\"button\" aria-controls=\"elementor-tab-content-3941\" aria-expanded=\"false\">\n\t\t\t\t\t\t\t\t\t\t\t\t\t<span class=\"elementor-accordion-icon elementor-accordion-icon-left\" aria-hidden=\"true\">\n\t\t\t\t\t\t\t\t\t\t\t\t\t\t\t<i class=\"elementor-accordion-icon-closed fa fa-plus\"><\/i>\n\t\t\t\t\t\t\t\t<i class=\"elementor-accordion-icon-opened fa fa-minus\"><\/i>\n\t\t\t\t\t\t\t\t\t\t\t\t\t\t<\/span>\n\t\t\t\t\t\t\t\t\t\t\t\t<a class=\"elementor-accordion-title\" tabindex=\"0\">1)\t\u00bfQu\u00e9 es Disciplina de Mercado?<\/a>\n\t\t\t\t\t<\/div>\n\t\t\t\t\t<div id=\"elementor-tab-content-3941\" class=\"elementor-tab-content elementor-clearfix\" data-tab=\"1\" role=\"region\" aria-labelledby=\"elementor-tab-title-3941\"><p><i class=\"fa fa-hand-o-right\" style=\"font-size: 20px; color: green;\"><\/i> Publicaci\u00f3n de informaci\u00f3n cuantitativa y cualitativa referida al capital, a las exposiciones al riesgo, a los procesos de evaluaci\u00f3n del riesgo y a la suficiencia del capital a fin de revelar el perfil de riesgo del Sistema a los participantes del mercado.<\/p><\/div>\n\t\t\t\t<\/div>\n\t\t\t\t\t\t\t<div class=\"elementor-accordion-item\">\n\t\t\t\t\t<div id=\"elementor-tab-title-3942\" class=\"elementor-tab-title\" data-tab=\"2\" role=\"button\" aria-controls=\"elementor-tab-content-3942\" aria-expanded=\"false\">\n\t\t\t\t\t\t\t\t\t\t\t\t\t<span class=\"elementor-accordion-icon elementor-accordion-icon-left\" aria-hidden=\"true\">\n\t\t\t\t\t\t\t\t\t\t\t\t\t\t\t<i class=\"elementor-accordion-icon-closed fa fa-plus\"><\/i>\n\t\t\t\t\t\t\t\t<i class=\"elementor-accordion-icon-opened fa fa-minus\"><\/i>\n\t\t\t\t\t\t\t\t\t\t\t\t\t\t<\/span>\n\t\t\t\t\t\t\t\t\t\t\t\t<a class=\"elementor-accordion-title\" tabindex=\"0\">2)\t\u00bfQu\u00e9 es Conducta de Mercado?<\/a>\n\t\t\t\t\t<\/div>\n\t\t\t\t\t<div id=\"elementor-tab-content-3942\" class=\"elementor-tab-content elementor-clearfix\" data-tab=\"2\" role=\"region\" aria-labelledby=\"elementor-tab-title-3942\"><p><i class=\"fa fa-hand-o-right\" style=\"font-size: 20px; color: green;\"><\/i>\u00a0La Conducta de Mercado corresponde a las buenas pr\u00e1cticas en materia de regulaci\u00f3n, supervisi\u00f3n y transparencia que deber\u00e1n considerar los sectores financieros supervisados, tendientes a la protecci\u00f3n de los derechos\u00a0de los usuarios financieros y p\u00fablico en general, as\u00ed como, de los potenciales usuarios financieros, considerando aspectos tales como trato justo y transparencia de la comercializaci\u00f3n de los servicios y beneficios asociados a estos. Las buenas pr\u00e1cticas deben ser aplicables no solo a nivel corporativo del supervisado, sino que tambi\u00e9n a sus empleados, inversionistas inclusive hasta ente regulador.<\/p><\/div>\n\t\t\t\t<\/div>\n\t\t\t\t\t\t\t<div class=\"elementor-accordion-item\">\n\t\t\t\t\t<div id=\"elementor-tab-title-3943\" class=\"elementor-tab-title\" data-tab=\"3\" role=\"button\" aria-controls=\"elementor-tab-content-3943\" aria-expanded=\"false\">\n\t\t\t\t\t\t\t\t\t\t\t\t\t<span class=\"elementor-accordion-icon elementor-accordion-icon-left\" aria-hidden=\"true\">\n\t\t\t\t\t\t\t\t\t\t\t\t\t\t\t<i class=\"elementor-accordion-icon-closed fa fa-plus\"><\/i>\n\t\t\t\t\t\t\t\t<i class=\"elementor-accordion-icon-opened fa fa-minus\"><\/i>\n\t\t\t\t\t\t\t\t\t\t\t\t\t\t<\/span>\n\t\t\t\t\t\t\t\t\t\t\t\t<a class=\"elementor-accordion-title\" tabindex=\"0\">3)\t\u00bfEn qu\u00e9 beneficia la Disciplina de Mercado al Usuario Financiero?<\/a>\n\t\t\t\t\t<\/div>\n\t\t\t\t\t<div id=\"elementor-tab-content-3943\" class=\"elementor-tab-content elementor-clearfix\" data-tab=\"3\" role=\"region\" aria-labelledby=\"elementor-tab-title-3943\"><p><i class=\"fa fa-hand-o-right\" style=\"font-size: 20px; color: green;\"><\/i>\u00a0A evaluar informaci\u00f3n esencial divulgada por el sistema financiero nacional en relaci\u00f3n a los productos y servicios que ofrecen, lo que hace fortalecer la confianza al usuario financiero que utiliza los servicios ofrecidos por estos.<\/p><\/div>\n\t\t\t\t<\/div>\n\t\t\t\t\t\t\t<div class=\"elementor-accordion-item\">\n\t\t\t\t\t<div id=\"elementor-tab-title-3944\" class=\"elementor-tab-title\" data-tab=\"4\" role=\"button\" aria-controls=\"elementor-tab-content-3944\" aria-expanded=\"false\">\n\t\t\t\t\t\t\t\t\t\t\t\t\t<span class=\"elementor-accordion-icon elementor-accordion-icon-left\" aria-hidden=\"true\">\n\t\t\t\t\t\t\t\t\t\t\t\t\t\t\t<i class=\"elementor-accordion-icon-closed fa fa-plus\"><\/i>\n\t\t\t\t\t\t\t\t<i class=\"elementor-accordion-icon-opened fa fa-minus\"><\/i>\n\t\t\t\t\t\t\t\t\t\t\t\t\t\t<\/span>\n\t\t\t\t\t\t\t\t\t\t\t\t<a class=\"elementor-accordion-title\" tabindex=\"0\">4)\t\u00bfQu\u00e9 es CONOCE Y COMPARA y para qu\u00e9 sirve?<\/a>\n\t\t\t\t\t<\/div>\n\t\t\t\t\t<div id=\"elementor-tab-content-3944\" class=\"elementor-tab-content elementor-clearfix\" data-tab=\"4\" role=\"region\" aria-labelledby=\"elementor-tab-title-3944\"><p><i class=\"fa fa-hand-o-right\" style=\"font-size: 20px; color: green;\"><\/i>\u00a0Es la herramienta que contiene informaci\u00f3n sobre tasas de inter\u00e9s, costos y comisiones asociados, plazos, beneficios y requisitos de productos y servicios que ofrecen las instituciones financieras supervisadas. Sirve para la toma de decisiones adecuadas por parte de los usuarios financieros y p\u00fablico en general.<\/p><\/div>\n\t\t\t\t<\/div>\n\t\t\t\t\t\t\t<div class=\"elementor-accordion-item\">\n\t\t\t\t\t<div id=\"elementor-tab-title-3945\" class=\"elementor-tab-title\" data-tab=\"5\" role=\"button\" aria-controls=\"elementor-tab-content-3945\" aria-expanded=\"false\">\n\t\t\t\t\t\t\t\t\t\t\t\t\t<span class=\"elementor-accordion-icon elementor-accordion-icon-left\" aria-hidden=\"true\">\n\t\t\t\t\t\t\t\t\t\t\t\t\t\t\t<i class=\"elementor-accordion-icon-closed fa fa-plus\"><\/i>\n\t\t\t\t\t\t\t\t<i class=\"elementor-accordion-icon-opened fa fa-minus\"><\/i>\n\t\t\t\t\t\t\t\t\t\t\t\t\t\t<\/span>\n\t\t\t\t\t\t\t\t\t\t\t\t<a class=\"elementor-accordion-title\" tabindex=\"0\">5)\t\u00bfQu\u00e9 es LISTADO DE INSTITUCIONES FINANCIERAS y para qu\u00e9 sirve?<\/a>\n\t\t\t\t\t<\/div>\n\t\t\t\t\t<div id=\"elementor-tab-content-3945\" class=\"elementor-tab-content elementor-clearfix\" data-tab=\"5\" role=\"region\" aria-labelledby=\"elementor-tab-title-3945\"><p><i class=\"fa fa-hand-o-right\" style=\"font-size: 20px; color: green;\"><\/i> Esta herramienta muestra las instituciones supervisadas, reguladas por la Comisi\u00f3n Nacional de Bancos y Seguros (CNBS); sirve para que el usuario conozca la ubicaci\u00f3n geogr\u00e1fica de cada una de ellas, as\u00ed como, la de sus agencias y sucursales a nivel nacional, a b\u00fasqueda puede realizarse por el sector o instituci\u00f3n de su inter\u00e9s.<\/p><\/div>\n\t\t\t\t<\/div>\n\t\t\t\t\t\t\t\t<\/div>\n\t\t\t\t\t\t<\/div>\n\t\t\t\t<\/div>\n\t\t\t\t\t<\/div>\n\t\t<\/div>\n\t\t\t\t\t<\/div>\n\t\t<\/section>\n\t\t\t\t<\/div>\n\t\t","protected":false},"excerpt":{"rendered":"<p>1) \u00bfQu\u00e9 es Disciplina de Mercado? Publicaci\u00f3n de informaci\u00f3n cuantitativa y cualitativa referida al capital, a las exposiciones al riesgo, a los procesos de evaluaci\u00f3n del<span class=\"excerpt-hellip\"> [\u2026]<\/span><\/p>\n","protected":false},"author":2,"featured_media":0,"parent":0,"menu_order":0,"comment_status":"closed","ping_status":"closed","template":"","meta":{"_crdt_document":"","footnotes":""},"class_list":["post-160","page","type-page","status-publish","hentry"],"yoast_head":"<!-- This site is optimized with the Yoast SEO plugin v27.6 - https:\/\/yoast.com\/product\/yoast-seo-wordpress\/ -->\n<title>Preguntas Frecuentes - CNBS - GEIFG - Disciplina de Mercado y Transparencia<\/title>\n<meta name=\"robots\" content=\"index, follow, max-snippet:-1, max-image-preview:large, max-video-preview:-1\" \/>\n<link rel=\"canonical\" href=\"https:\/\/www.cnbs.gob.hn\/dimtra\/preguntas-frecuentes\/\" \/>\n<meta property=\"og:locale\" content=\"es_ES\" \/>\n<meta property=\"og:type\" content=\"article\" \/>\n<meta property=\"og:title\" content=\"Preguntas Frecuentes - CNBS - GEIFG - Disciplina de Mercado y Transparencia\" \/>\n<meta property=\"og:description\" content=\"1) \u00bfQu\u00e9 es Disciplina de Mercado? Publicaci\u00f3n de informaci\u00f3n cuantitativa y cualitativa referida al capital, a las exposiciones al riesgo, a los procesos de evaluaci\u00f3n del [\u2026]\" \/>\n<meta property=\"og:url\" content=\"https:\/\/www.cnbs.gob.hn\/dimtra\/preguntas-frecuentes\/\" \/>\n<meta property=\"og:site_name\" content=\"CNBS - GEIFG - Disciplina de Mercado y Transparencia\" \/>\n<meta property=\"article:modified_time\" content=\"2022-03-31T20:08:14+00:00\" \/>\n<meta name=\"twitter:card\" content=\"summary_large_image\" \/>\n<script type=\"application\/ld+json\" class=\"yoast-schema-graph\">{\"@context\":\"https:\\\/\\\/schema.org\",\"@graph\":[{\"@type\":\"WebPage\",\"@id\":\"https:\\\/\\\/www.cnbs.gob.hn\\\/dimtra\\\/preguntas-frecuentes\\\/\",\"url\":\"https:\\\/\\\/www.cnbs.gob.hn\\\/dimtra\\\/preguntas-frecuentes\\\/\",\"name\":\"Preguntas Frecuentes - CNBS - GEIFG - Disciplina de Mercado y Transparencia\",\"isPartOf\":{\"@id\":\"https:\\\/\\\/www.cnbs.gob.hn\\\/dimtra\\\/#website\"},\"datePublished\":\"2018-04-26T21:44:06+00:00\",\"dateModified\":\"2022-03-31T20:08:14+00:00\",\"breadcrumb\":{\"@id\":\"https:\\\/\\\/www.cnbs.gob.hn\\\/dimtra\\\/preguntas-frecuentes\\\/#breadcrumb\"},\"inLanguage\":\"es\",\"potentialAction\":[{\"@type\":\"ReadAction\",\"target\":[\"https:\\\/\\\/www.cnbs.gob.hn\\\/dimtra\\\/preguntas-frecuentes\\\/\"]}]},{\"@type\":\"BreadcrumbList\",\"@id\":\"https:\\\/\\\/www.cnbs.gob.hn\\\/dimtra\\\/preguntas-frecuentes\\\/#breadcrumb\",\"itemListElement\":[{\"@type\":\"ListItem\",\"position\":1,\"name\":\"Home\",\"item\":\"https:\\\/\\\/www.cnbs.gob.hn\\\/dimtra\\\/\"},{\"@type\":\"ListItem\",\"position\":2,\"name\":\"Preguntas Frecuentes\"}]},{\"@type\":\"WebSite\",\"@id\":\"https:\\\/\\\/www.cnbs.gob.hn\\\/dimtra\\\/#website\",\"url\":\"https:\\\/\\\/www.cnbs.gob.hn\\\/dimtra\\\/\",\"name\":\"CNBS - GEIFG - Disciplina de Mercado y Transparencia\",\"description\":\"CNBS - GEIFG - Disciplina de Mercado y Transparencia\",\"alternateName\":\"DIMTRA\",\"potentialAction\":[{\"@type\":\"SearchAction\",\"target\":{\"@type\":\"EntryPoint\",\"urlTemplate\":\"https:\\\/\\\/www.cnbs.gob.hn\\\/dimtra\\\/?s={search_term_string}\"},\"query-input\":{\"@type\":\"PropertyValueSpecification\",\"valueRequired\":true,\"valueName\":\"search_term_string\"}}],\"inLanguage\":\"es\"}]}<\/script>\n<!-- \/ Yoast SEO plugin. -->","yoast_head_json":{"title":"Preguntas Frecuentes - CNBS - GEIFG - Disciplina de Mercado y Transparencia","robots":{"index":"index","follow":"follow","max-snippet":"max-snippet:-1","max-image-preview":"max-image-preview:large","max-video-preview":"max-video-preview:-1"},"canonical":"https:\/\/www.cnbs.gob.hn\/dimtra\/preguntas-frecuentes\/","og_locale":"es_ES","og_type":"article","og_title":"Preguntas Frecuentes - CNBS - GEIFG - Disciplina de Mercado y Transparencia","og_description":"1) \u00bfQu\u00e9 es Disciplina de Mercado? Publicaci\u00f3n de informaci\u00f3n cuantitativa y cualitativa referida al capital, a las exposiciones al riesgo, a los procesos de evaluaci\u00f3n del [\u2026]","og_url":"https:\/\/www.cnbs.gob.hn\/dimtra\/preguntas-frecuentes\/","og_site_name":"CNBS - GEIFG - Disciplina de Mercado y Transparencia","article_modified_time":"2022-03-31T20:08:14+00:00","twitter_card":"summary_large_image","schema":{"@context":"https:\/\/schema.org","@graph":[{"@type":"WebPage","@id":"https:\/\/www.cnbs.gob.hn\/dimtra\/preguntas-frecuentes\/","url":"https:\/\/www.cnbs.gob.hn\/dimtra\/preguntas-frecuentes\/","name":"Preguntas Frecuentes - CNBS - GEIFG - Disciplina de Mercado y Transparencia","isPartOf":{"@id":"https:\/\/www.cnbs.gob.hn\/dimtra\/#website"},"datePublished":"2018-04-26T21:44:06+00:00","dateModified":"2022-03-31T20:08:14+00:00","breadcrumb":{"@id":"https:\/\/www.cnbs.gob.hn\/dimtra\/preguntas-frecuentes\/#breadcrumb"},"inLanguage":"es","potentialAction":[{"@type":"ReadAction","target":["https:\/\/www.cnbs.gob.hn\/dimtra\/preguntas-frecuentes\/"]}]},{"@type":"BreadcrumbList","@id":"https:\/\/www.cnbs.gob.hn\/dimtra\/preguntas-frecuentes\/#breadcrumb","itemListElement":[{"@type":"ListItem","position":1,"name":"Home","item":"https:\/\/www.cnbs.gob.hn\/dimtra\/"},{"@type":"ListItem","position":2,"name":"Preguntas Frecuentes"}]},{"@type":"WebSite","@id":"https:\/\/www.cnbs.gob.hn\/dimtra\/#website","url":"https:\/\/www.cnbs.gob.hn\/dimtra\/","name":"CNBS - GEIFG - Disciplina de Mercado y Transparencia","description":"CNBS - GEIFG - Disciplina de Mercado y Transparencia","alternateName":"DIMTRA","potentialAction":[{"@type":"SearchAction","target":{"@type":"EntryPoint","urlTemplate":"https:\/\/www.cnbs.gob.hn\/dimtra\/?s={search_term_string}"},"query-input":{"@type":"PropertyValueSpecification","valueRequired":true,"valueName":"search_term_string"}}],"inLanguage":"es"}]}},"_links":{"self":[{"href":"https:\/\/www.cnbs.gob.hn\/dimtra\/wp-json\/wp\/v2\/pages\/160","targetHints":{"allow":["GET"]}}],"collection":[{"href":"https:\/\/www.cnbs.gob.hn\/dimtra\/wp-json\/wp\/v2\/pages"}],"about":[{"href":"https:\/\/www.cnbs.gob.hn\/dimtra\/wp-json\/wp\/v2\/types\/page"}],"author":[{"embeddable":true,"href":"https:\/\/www.cnbs.gob.hn\/dimtra\/wp-json\/wp\/v2\/users\/2"}],"replies":[{"embeddable":true,"href":"https:\/\/www.cnbs.gob.hn\/dimtra\/wp-json\/wp\/v2\/comments?post=160"}],"version-history":[{"count":37,"href":"https:\/\/www.cnbs.gob.hn\/dimtra\/wp-json\/wp\/v2\/pages\/160\/revisions"}],"predecessor-version":[{"id":345,"href":"https:\/\/www.cnbs.gob.hn\/dimtra\/wp-json\/wp\/v2\/pages\/160\/revisions\/345"}],"wp:attachment":[{"href":"https:\/\/www.cnbs.gob.hn\/dimtra\/wp-json\/wp\/v2\/media?parent=160"}],"curies":[{"name":"wp","href":"https:\/\/api.w.org\/{rel}","templated":true}]}}