{"id":3085,"date":"2022-03-21T11:45:40","date_gmt":"2022-03-21T17:45:40","guid":{"rendered":"https:\/\/www.cnbs.gob.hn\/dimtra\/?page_id=3085"},"modified":"2022-10-26T09:22:13","modified_gmt":"2022-10-26T15:22:13","slug":"preguntas-sobre-productos-financieros-activos","status":"publish","type":"page","link":"https:\/\/www.cnbs.gob.hn\/dimtra\/preguntas-sobre-productos-financieros-activos\/","title":{"rendered":"Preguntas sobre Productos Financieros Activos"},"content":{"rendered":"\n<ul class=\"wp-block-list\">\n<li><strong>\u00bfQu\u00e9 es un producto financiero activo?<\/strong><\/li>\n<\/ul>\n\n\n\n<p class=\"wp-block-paragraph\">R\/ Son productos de financiamiento por los cuales las instituciones financieras supervisadas prestan dinero a sus clientes por un tiempo determinado como, por ejemplo, cr\u00e9ditos por consumo, pr\u00e9stamos hipotecarios, pr\u00e9stamos fiduciarios, entre otros.<\/p>\n\n\n\n<p class=\"wp-block-paragraph\"><strong>Cr\u00e9ditos o Pr\u00e9stamos<\/strong><\/p>\n\n\n\n<ul class=\"wp-block-list\">\n<li><strong>\u00bfQu\u00e9 es un cr\u00e9dito o pr\u00e9stamo?<\/strong><\/li>\n<\/ul>\n\n\n\n<p class=\"wp-block-paragraph\">R\/ Es una operaci\u00f3n financiera donde una instituci\u00f3n financiera supervisada (acreedor) le concede una cantidad de dinero, a una persona o empresa (deudor), comprometi\u00e9ndose el deudor a devolver todo el dinero m\u00e1s un inter\u00e9s y otros costos asociados por el uso de esa cantidad.<\/p>\n\n\n\n<ul class=\"wp-block-list\">\n<li><strong>\u00bfCu\u00e1les son los tipos de cr\u00e9ditos o pr\u00e9stamos?<\/strong><\/li>\n<\/ul>\n\n\n\n<p class=\"wp-block-paragraph\">R\/ Cr\u00e9ditos de consumo (pr\u00e9stamo personal o tarjeta de cr\u00e9dito), cr\u00e9ditos hipotecarios (pr\u00e9stamos para vivienda), pr\u00e9stamos para veh\u00edculos, microcr\u00e9ditos.<\/p>\n\n\n\n<p class=\"wp-block-paragraph\"><strong>Pr\u00e9stamos Personales<\/strong><\/p>\n\n\n\n<ul class=\"wp-block-list\">\n<li><strong>\u00bfQu\u00e9 es un pr\u00e9stamo personal o de consumo?<\/strong><\/li>\n<\/ul>\n\n\n\n<p class=\"wp-block-paragraph\">R\/ Son pr\u00e9stamos destinados a satisfacer necesidades eventuales de dinero para adquirir bienes o servicios personales.<\/p>\n\n\n\n<ul class=\"wp-block-list\">\n<li>\u00bf<strong>Qu\u00e9 debes considerar al querer adquirir un pr\u00e9stamo personal? <\/strong>R\/ Primero, debes revisar tu presupuesto para conocer si tienes la capacidad de pago para adquirir un pr\u00e9stamo personal. Luego, debes tomar en cuenta el destino que le dar\u00e1s al pr\u00e9stamo, la tasa de inter\u00e9s anual que te cobrar\u00e1 la instituci\u00f3n financiera supervisada, la duraci\u00f3n o plazo (recuerda que un cr\u00e9dito a largo plazo reduce la cuota, pero aumenta el inter\u00e9s a pagar), los costos y comisiones, la periodicidad de las cuotas y los requisitos para optar a dicho pr\u00e9stamo.<\/li>\n<\/ul>\n\n\n\n<p class=\"wp-block-paragraph\"><strong>Pr\u00e9stamos de Veh\u00edculos<\/strong><\/p>\n\n\n\n<ul class=\"wp-block-list\">\n<li><strong>\u00bfQu\u00e9 es un pr\u00e9stamo de veh\u00edculo?<\/strong><\/li>\n<\/ul>\n\n\n\n<p class=\"wp-block-paragraph\">R\/ Un pr\u00e9stamo de veh\u00edculo es un pr\u00e9stamo realizado por las instituciones financieras supervisadas con el \u00fanico objetivo de adquirir un auto o una moto ya sean nuevos o usados. A diferencia de un cr\u00e9dito de consumo, el financiamiento de veh\u00edculo solo te permitir\u00e1 destinar el dinero a este fin.<\/p>\n\n\n\n<ul class=\"wp-block-list\">\n<li><strong>\u00bfQu\u00e9 debes tener en cuenta al solicitar un pr\u00e9stamo para veh\u00edculo?<\/strong><\/li>\n<\/ul>\n\n\n\n<p class=\"wp-block-paragraph\">R\/ Primero, debes revisar tu presupuesto para conocer si tienes la capacidad de pago para adquirir un pr\u00e9stamo de veh\u00edculo. Luego, debes tomar en cuenta la tasa de inter\u00e9s anual y el plazo del pr\u00e9stamo (recuerda que un cr\u00e9dito a largo plazo reduce la cuota, pero aumenta el inter\u00e9s a pagar); tambi\u00e9n considerar los costos y comisiones, la periodicidad de las cuotas y los requisitos que exige la instituci\u00f3n financiera supervisada.<\/p>\n\n\n\n<p class=\"wp-block-paragraph\"><strong>Microcr\u00e9ditos<\/strong><\/p>\n\n\n\n<ul class=\"wp-block-list\">\n<li><strong>\u00bfQu\u00e9 son los microcr\u00e9ditos?<\/strong><\/li>\n<\/ul>\n\n\n\n<p class=\"wp-block-paragraph\">R\/ Son pr\u00e9stamos en efectivo otorgado a personas naturales o jur\u00eddicas que tengan un emprendimiento o PYME, para financiar sus actividades de producci\u00f3n, comercio o prestaci\u00f3n de servicios.<\/p>\n\n\n\n<ul class=\"wp-block-list\">\n<li><strong>\u00bfQu\u00e9 debes considerar previo a adquirir un microcr\u00e9dito?<\/strong><\/li>\n<\/ul>\n\n\n\n<p class=\"wp-block-paragraph\">R\/ Primero, debes revisar el presupuesto de tu negocio para conocer si tienes la capacidad de pago. Debes estar seguro del objetivo de tu negocio para saber en qu\u00e9 destinaras el dinero solicitado; asimismo, tener en cuenta la tasa de inter\u00e9s y la duraci\u00f3n del cr\u00e9dito (recuerda que el largo plazo reduce la cuota, pero aumenta el inter\u00e9s a pagar), los costos y comisiones, periodicidad de las cuotas y los requisitos que exige la instituci\u00f3n financiera supervisada para ver si aplicas al microcr\u00e9dito.<\/p>\n\n\n\n<p class=\"wp-block-paragraph\"><strong>Tarjetas de Cr\u00e9dito<\/strong><\/p>\n\n\n\n<ul class=\"wp-block-list\">\n<li><strong>\u00bfQu\u00e9 es una tarjeta de cr\u00e9dito?<\/strong><\/li>\n<\/ul>\n\n\n\n<p class=\"wp-block-paragraph\">R\/ Es un documento con el nombre de la persona que ha contratado con una instituci\u00f3n financiera supervisada, una l\u00ednea de cr\u00e9dito con un l\u00edmite de compra y un l\u00edmite de cr\u00e9dito. El usuario puede utilizar la tarjeta de cr\u00e9dito en la realizaci\u00f3n de diversas compras de bienes o servicios, oblig\u00e1ndose a restituir al emisor de la tarjeta de cr\u00e9dito, el valor de dichas compras.<\/p>\n\n\n\n<ul class=\"wp-block-list\">\n<li><strong>\u00bfQu\u00e9 debo considerar al elegir una Tarjeta de Cr\u00e9dito?<\/strong><\/li>\n<\/ul>\n\n\n\n<p class=\"wp-block-paragraph\">R\/ Algunas de las variables que debes considerar son la Tasa de Inter\u00e9s Anual, el Costo Anual Total (CAT) que incluye los intereses, costos y comisiones, y gastos, el Plazo para realizar tu pago m\u00ednimo o de contado, el Costo y moneda del cobro de la membres\u00eda, Tasa de Inter\u00e9s Moratoria.<\/p>\n\n\n\n<ul class=\"wp-block-list\">\n<li><strong>\u00bfCu\u00e1les son los cargos y seguros que adquiero por Ley al contratar una Tarjeta de Cr\u00e9dito?<\/strong><\/li>\n<\/ul>\n\n\n\n<p class=\"wp-block-paragraph\">R\/ Los costos y cargos autorizador por la Ley de Tarjeta de Cr\u00e9dito son: costo por membres\u00eda, comisi\u00f3n por retiros mayor a L400.00 en cajeros autom\u00e1ticos, costo por seguro de deuda, cargo por rehabilitaci\u00f3n de l\u00ednea y cargo por sobregiros.<\/p>\n","protected":false},"excerpt":{"rendered":"<p>R\/ Son productos de financiamiento por los cuales las instituciones financieras supervisadas prestan dinero a sus clientes por un tiempo determinado como, por ejemplo, cr\u00e9ditos por<span class=\"excerpt-hellip\"> [\u2026]<\/span><\/p>\n","protected":false},"author":7,"featured_media":0,"parent":0,"menu_order":0,"comment_status":"closed","ping_status":"closed","template":"","meta":{"_crdt_document":"","footnotes":""},"class_list":["post-3085","page","type-page","status-publish","hentry"],"yoast_head":"<!-- This site is optimized with the Yoast SEO plugin v27.5 - https:\/\/yoast.com\/product\/yoast-seo-wordpress\/ -->\n<title>Preguntas sobre Productos Financieros Activos - CNBS - GEIFG - Disciplina de Mercado y Transparencia<\/title>\n<meta name=\"robots\" content=\"index, follow, max-snippet:-1, max-image-preview:large, max-video-preview:-1\" \/>\n<link rel=\"canonical\" href=\"https:\/\/www.cnbs.gob.hn\/dimtra\/preguntas-sobre-productos-financieros-activos\/\" \/>\n<meta property=\"og:locale\" content=\"es_ES\" \/>\n<meta property=\"og:type\" content=\"article\" \/>\n<meta property=\"og:title\" content=\"Preguntas sobre Productos Financieros Activos - CNBS - GEIFG - Disciplina de Mercado y Transparencia\" \/>\n<meta property=\"og:description\" content=\"R\/ Son productos de financiamiento por los cuales las instituciones financieras supervisadas prestan dinero a sus clientes por un tiempo determinado como, por ejemplo, cr\u00e9ditos por [\u2026]\" \/>\n<meta property=\"og:url\" content=\"https:\/\/www.cnbs.gob.hn\/dimtra\/preguntas-sobre-productos-financieros-activos\/\" \/>\n<meta property=\"og:site_name\" content=\"CNBS - GEIFG - Disciplina de Mercado y Transparencia\" \/>\n<meta property=\"article:modified_time\" content=\"2022-10-26T15:22:13+00:00\" \/>\n<meta name=\"twitter:card\" content=\"summary_large_image\" \/>\n<script type=\"application\/ld+json\" class=\"yoast-schema-graph\">{\"@context\":\"https:\\\/\\\/schema.org\",\"@graph\":[{\"@type\":\"WebPage\",\"@id\":\"https:\\\/\\\/www.cnbs.gob.hn\\\/dimtra\\\/preguntas-sobre-productos-financieros-activos\\\/\",\"url\":\"https:\\\/\\\/www.cnbs.gob.hn\\\/dimtra\\\/preguntas-sobre-productos-financieros-activos\\\/\",\"name\":\"Preguntas sobre Productos Financieros Activos - CNBS - GEIFG - Disciplina de Mercado y Transparencia\",\"isPartOf\":{\"@id\":\"https:\\\/\\\/www.cnbs.gob.hn\\\/dimtra\\\/#website\"},\"datePublished\":\"2022-03-21T17:45:40+00:00\",\"dateModified\":\"2022-10-26T15:22:13+00:00\",\"breadcrumb\":{\"@id\":\"https:\\\/\\\/www.cnbs.gob.hn\\\/dimtra\\\/preguntas-sobre-productos-financieros-activos\\\/#breadcrumb\"},\"inLanguage\":\"es\",\"potentialAction\":[{\"@type\":\"ReadAction\",\"target\":[\"https:\\\/\\\/www.cnbs.gob.hn\\\/dimtra\\\/preguntas-sobre-productos-financieros-activos\\\/\"]}]},{\"@type\":\"BreadcrumbList\",\"@id\":\"https:\\\/\\\/www.cnbs.gob.hn\\\/dimtra\\\/preguntas-sobre-productos-financieros-activos\\\/#breadcrumb\",\"itemListElement\":[{\"@type\":\"ListItem\",\"position\":1,\"name\":\"Home\",\"item\":\"https:\\\/\\\/www.cnbs.gob.hn\\\/dimtra\\\/\"},{\"@type\":\"ListItem\",\"position\":2,\"name\":\"Preguntas sobre Productos Financieros Activos\"}]},{\"@type\":\"WebSite\",\"@id\":\"https:\\\/\\\/www.cnbs.gob.hn\\\/dimtra\\\/#website\",\"url\":\"https:\\\/\\\/www.cnbs.gob.hn\\\/dimtra\\\/\",\"name\":\"CNBS - GEIFG - Disciplina de Mercado y Transparencia\",\"description\":\"CNBS - GEIFG - Disciplina de Mercado y Transparencia\",\"alternateName\":\"DIMTRA\",\"potentialAction\":[{\"@type\":\"SearchAction\",\"target\":{\"@type\":\"EntryPoint\",\"urlTemplate\":\"https:\\\/\\\/www.cnbs.gob.hn\\\/dimtra\\\/?s={search_term_string}\"},\"query-input\":{\"@type\":\"PropertyValueSpecification\",\"valueRequired\":true,\"valueName\":\"search_term_string\"}}],\"inLanguage\":\"es\"}]}<\/script>\n<!-- \/ Yoast SEO plugin. -->","yoast_head_json":{"title":"Preguntas sobre Productos Financieros Activos - CNBS - GEIFG - Disciplina de Mercado y Transparencia","robots":{"index":"index","follow":"follow","max-snippet":"max-snippet:-1","max-image-preview":"max-image-preview:large","max-video-preview":"max-video-preview:-1"},"canonical":"https:\/\/www.cnbs.gob.hn\/dimtra\/preguntas-sobre-productos-financieros-activos\/","og_locale":"es_ES","og_type":"article","og_title":"Preguntas sobre Productos Financieros Activos - CNBS - GEIFG - Disciplina de Mercado y Transparencia","og_description":"R\/ Son productos de financiamiento por los cuales las instituciones financieras supervisadas prestan dinero a sus clientes por un tiempo determinado como, por ejemplo, cr\u00e9ditos por [\u2026]","og_url":"https:\/\/www.cnbs.gob.hn\/dimtra\/preguntas-sobre-productos-financieros-activos\/","og_site_name":"CNBS - GEIFG - Disciplina de Mercado y Transparencia","article_modified_time":"2022-10-26T15:22:13+00:00","twitter_card":"summary_large_image","schema":{"@context":"https:\/\/schema.org","@graph":[{"@type":"WebPage","@id":"https:\/\/www.cnbs.gob.hn\/dimtra\/preguntas-sobre-productos-financieros-activos\/","url":"https:\/\/www.cnbs.gob.hn\/dimtra\/preguntas-sobre-productos-financieros-activos\/","name":"Preguntas sobre Productos Financieros Activos - CNBS - GEIFG - Disciplina de Mercado y Transparencia","isPartOf":{"@id":"https:\/\/www.cnbs.gob.hn\/dimtra\/#website"},"datePublished":"2022-03-21T17:45:40+00:00","dateModified":"2022-10-26T15:22:13+00:00","breadcrumb":{"@id":"https:\/\/www.cnbs.gob.hn\/dimtra\/preguntas-sobre-productos-financieros-activos\/#breadcrumb"},"inLanguage":"es","potentialAction":[{"@type":"ReadAction","target":["https:\/\/www.cnbs.gob.hn\/dimtra\/preguntas-sobre-productos-financieros-activos\/"]}]},{"@type":"BreadcrumbList","@id":"https:\/\/www.cnbs.gob.hn\/dimtra\/preguntas-sobre-productos-financieros-activos\/#breadcrumb","itemListElement":[{"@type":"ListItem","position":1,"name":"Home","item":"https:\/\/www.cnbs.gob.hn\/dimtra\/"},{"@type":"ListItem","position":2,"name":"Preguntas sobre Productos Financieros Activos"}]},{"@type":"WebSite","@id":"https:\/\/www.cnbs.gob.hn\/dimtra\/#website","url":"https:\/\/www.cnbs.gob.hn\/dimtra\/","name":"CNBS - GEIFG - Disciplina de Mercado y Transparencia","description":"CNBS - GEIFG - Disciplina de Mercado y Transparencia","alternateName":"DIMTRA","potentialAction":[{"@type":"SearchAction","target":{"@type":"EntryPoint","urlTemplate":"https:\/\/www.cnbs.gob.hn\/dimtra\/?s={search_term_string}"},"query-input":{"@type":"PropertyValueSpecification","valueRequired":true,"valueName":"search_term_string"}}],"inLanguage":"es"}]}},"_links":{"self":[{"href":"https:\/\/www.cnbs.gob.hn\/dimtra\/wp-json\/wp\/v2\/pages\/3085","targetHints":{"allow":["GET"]}}],"collection":[{"href":"https:\/\/www.cnbs.gob.hn\/dimtra\/wp-json\/wp\/v2\/pages"}],"about":[{"href":"https:\/\/www.cnbs.gob.hn\/dimtra\/wp-json\/wp\/v2\/types\/page"}],"author":[{"embeddable":true,"href":"https:\/\/www.cnbs.gob.hn\/dimtra\/wp-json\/wp\/v2\/users\/7"}],"replies":[{"embeddable":true,"href":"https:\/\/www.cnbs.gob.hn\/dimtra\/wp-json\/wp\/v2\/comments?post=3085"}],"version-history":[{"count":2,"href":"https:\/\/www.cnbs.gob.hn\/dimtra\/wp-json\/wp\/v2\/pages\/3085\/revisions"}],"predecessor-version":[{"id":3121,"href":"https:\/\/www.cnbs.gob.hn\/dimtra\/wp-json\/wp\/v2\/pages\/3085\/revisions\/3121"}],"wp:attachment":[{"href":"https:\/\/www.cnbs.gob.hn\/dimtra\/wp-json\/wp\/v2\/media?parent=3085"}],"curies":[{"name":"wp","href":"https:\/\/api.w.org\/{rel}","templated":true}]}}