{"id":1839,"date":"2021-11-03T14:26:52","date_gmt":"2021-11-03T20:26:52","guid":{"rendered":"https:\/\/www.cnbs.gob.hn\/educacionfinanciera\/?page_id=1839"},"modified":"2026-02-16T16:18:12","modified_gmt":"2026-02-16T22:18:12","slug":"finanzas-para-los-ninos","status":"publish","type":"page","link":"https:\/\/www.cnbs.gob.hn\/educacionfinanciera\/finanzas-para-los-ninos\/","title":{"rendered":"Finanzas para los ni\u00f1os"},"content":{"rendered":"\t\t<div data-elementor-type=\"wp-page\" data-elementor-id=\"1839\" class=\"elementor elementor-1839\" data-elementor-post-type=\"page\">\n\t\t\t\t\t\t<section class=\"elementor-section elementor-top-section elementor-element elementor-element-bf1d107 elementor-section-boxed elementor-section-height-default elementor-section-height-default\" data-id=\"bf1d107\" data-element_type=\"section\" data-e-type=\"section\">\n\t\t\t\t\t\t<div class=\"elementor-container elementor-column-gap-default\">\n\t\t\t\t\t<div class=\"elementor-column elementor-col-33 elementor-top-column elementor-element elementor-element-58d8b43\" data-id=\"58d8b43\" data-element_type=\"column\" data-e-type=\"column\">\n\t\t\t<div class=\"elementor-widget-wrap elementor-element-populated\">\n\t\t\t\t\t\t<div class=\"elementor-element elementor-element-a9ba269 elementor-widget elementor-widget-image\" data-id=\"a9ba269\" data-element_type=\"widget\" data-e-type=\"widget\" data-widget_type=\"image.default\">\n\t\t\t\t<div class=\"elementor-widget-container\">\n\t\t\t\t\t\t\t\t\t\t\t\t\t\t\t\t<a href=\"http:\/\/gpuf.comision.hn\/educacionfinanciera\/wp-content\/uploads\/sites\/2\/2018\/04\/finanzas-child.jpg\" data-elementor-open-lightbox=\"yes\" data-elementor-lightbox-title=\"finanzas-child\" data-e-action-hash=\"#elementor-action%3Aaction%3Dlightbox%26settings%3DeyJpZCI6Ijg2MyIsInVybCI6Imh0dHBzOlwvXC93d3cuY25icy5nb2IuaG5cL2VkdWNhY2lvbmZpbmFuY2llcmFcL3dwLWNvbnRlbnRcL3VwbG9hZHNcLzIwMThcLzA0XC9maW5hbnphcy1jaGlsZC5qcGcifQ%3D%3D\">\n\t\t\t\t\t\t\t<img fetchpriority=\"high\" decoding=\"async\" width=\"1280\" height=\"853\" src=\"https:\/\/www.cnbs.gob.hn\/educacionfinanciera\/wp-content\/uploads\/2018\/04\/finanzas-child.jpg\" class=\"elementor-animation-grow attachment-full size-full wp-image-863\" alt=\"\" srcset=\"https:\/\/www.cnbs.gob.hn\/educacionfinanciera\/wp-content\/uploads\/2018\/04\/finanzas-child.jpg 1280w, https:\/\/www.cnbs.gob.hn\/educacionfinanciera\/wp-content\/uploads\/2018\/04\/finanzas-child-300x200.jpg 300w, https:\/\/www.cnbs.gob.hn\/educacionfinanciera\/wp-content\/uploads\/2018\/04\/finanzas-child-1024x682.jpg 1024w, https:\/\/www.cnbs.gob.hn\/educacionfinanciera\/wp-content\/uploads\/2018\/04\/finanzas-child-768x512.jpg 768w, https:\/\/www.cnbs.gob.hn\/educacionfinanciera\/wp-content\/uploads\/2018\/04\/finanzas-child-219x146.jpg 219w, https:\/\/www.cnbs.gob.hn\/educacionfinanciera\/wp-content\/uploads\/2018\/04\/finanzas-child-50x33.jpg 50w, https:\/\/www.cnbs.gob.hn\/educacionfinanciera\/wp-content\/uploads\/2018\/04\/finanzas-child-113x75.jpg 113w\" sizes=\"(max-width:767px) 480px, (max-width:1280px) 100vw, 1280px\" \/>\t\t\t\t\t\t\t\t<\/a>\n\t\t\t\t\t\t\t\t\t\t\t\t\t\t\t<\/div>\n\t\t\t\t<\/div>\n\t\t\t\t<div class=\"elementor-element elementor-element-0075220 elementor-widget elementor-widget-spacer\" data-id=\"0075220\" data-element_type=\"widget\" data-e-type=\"widget\" data-widget_type=\"spacer.default\">\n\t\t\t\t<div class=\"elementor-widget-container\">\n\t\t\t\t\t\t\t<div class=\"elementor-spacer\">\n\t\t\t<div class=\"elementor-spacer-inner\"><\/div>\n\t\t<\/div>\n\t\t\t\t\t\t<\/div>\n\t\t\t\t<\/div>\n\t\t\t\t<div class=\"elementor-element elementor-element-c0908dc elementor-widget elementor-widget-image\" data-id=\"c0908dc\" data-element_type=\"widget\" data-e-type=\"widget\" data-widget_type=\"image.default\">\n\t\t\t\t<div class=\"elementor-widget-container\">\n\t\t\t\t\t\t\t\t\t\t\t\t\t\t\t<img decoding=\"async\" width=\"1024\" height=\"1024\" src=\"https:\/\/www.cnbs.gob.hn\/educacionfinanciera\/wp-content\/uploads\/2021\/12\/FDTRbmYXsAAx8HP.jpg\" class=\"attachment-large size-large wp-image-1940\" alt=\"\" srcset=\"https:\/\/www.cnbs.gob.hn\/educacionfinanciera\/wp-content\/uploads\/2021\/12\/FDTRbmYXsAAx8HP.jpg 1024w, https:\/\/www.cnbs.gob.hn\/educacionfinanciera\/wp-content\/uploads\/2021\/12\/FDTRbmYXsAAx8HP-300x300.jpg 300w, https:\/\/www.cnbs.gob.hn\/educacionfinanciera\/wp-content\/uploads\/2021\/12\/FDTRbmYXsAAx8HP-150x150.jpg 150w, https:\/\/www.cnbs.gob.hn\/educacionfinanciera\/wp-content\/uploads\/2021\/12\/FDTRbmYXsAAx8HP-768x768.jpg 768w, https:\/\/www.cnbs.gob.hn\/educacionfinanciera\/wp-content\/uploads\/2021\/12\/FDTRbmYXsAAx8HP-146x146.jpg 146w, https:\/\/www.cnbs.gob.hn\/educacionfinanciera\/wp-content\/uploads\/2021\/12\/FDTRbmYXsAAx8HP-50x50.jpg 50w, https:\/\/www.cnbs.gob.hn\/educacionfinanciera\/wp-content\/uploads\/2021\/12\/FDTRbmYXsAAx8HP-75x75.jpg 75w, https:\/\/www.cnbs.gob.hn\/educacionfinanciera\/wp-content\/uploads\/2021\/12\/FDTRbmYXsAAx8HP-85x85.jpg 85w, https:\/\/www.cnbs.gob.hn\/educacionfinanciera\/wp-content\/uploads\/2021\/12\/FDTRbmYXsAAx8HP-80x80.jpg 80w\" sizes=\"(max-width:767px) 480px, (max-width:1024px) 100vw, 1024px\" \/>\t\t\t\t\t\t\t\t\t\t\t\t\t\t\t<\/div>\n\t\t\t\t<\/div>\n\t\t\t\t<div class=\"elementor-element elementor-element-39ad45d elementor-widget elementor-widget-text-editor\" data-id=\"39ad45d\" data-element_type=\"widget\" data-e-type=\"widget\" data-widget_type=\"text-editor.default\">\n\t\t\t\t<div class=\"elementor-widget-container\">\n\t\t\t\t\t\t\t\t\t<p><span data-offset-key=\"9cb3h-0-0\">La CNBS y la <\/span><span class=\"diy96o5h\" spellcheck=\"false\" data-offset-key=\"9cb3h-1-0\"><span data-offset-key=\"9cb3h-1-0\">Sparkassenstiftung Alemana Latinoam\u00e9rica y el Caribe<\/span><\/span><span data-offset-key=\"9cb3h-2-0\">, les invitan a participar en el Circuito del Ahorro, el cual es una actividad interactiva para ni\u00f1as y ni\u00f1os y j\u00f3venes de 7 a 18 a\u00f1os. <strong>\u00a1Hagamos del ahorro un h\u00e1bito para toda la vida!<\/strong><\/span><\/p><p><strong><a href=\"https:\/\/www.diamundialdelahorro.sparkassenstiftung-latinoamerica.org\/cnbs\">Acceder al Juego<\/a><\/strong><\/p>\t\t\t\t\t\t\t\t<\/div>\n\t\t\t\t<\/div>\n\t\t\t\t\t<\/div>\n\t\t<\/div>\n\t\t\t\t<div class=\"elementor-column elementor-col-66 elementor-top-column elementor-element elementor-element-84ec7ee\" data-id=\"84ec7ee\" data-element_type=\"column\" data-e-type=\"column\">\n\t\t\t<div class=\"elementor-widget-wrap elementor-element-populated\">\n\t\t\t\t\t\t<div class=\"elementor-element elementor-element-9417729 elementor-widget elementor-widget-text-editor\" data-id=\"9417729\" data-element_type=\"widget\" data-e-type=\"widget\" data-widget_type=\"text-editor.default\">\n\t\t\t\t<div class=\"elementor-widget-container\">\n\t\t\t\t\t\t\t\t\t<h4 class=\"orange\"><strong>\u00bfCu\u00e1ndo comienza la educaci\u00f3n financiera para los ni\u00f1os?<\/strong><\/h4><p class=\"just\">Contrario a lo que muchos piensan, la educaci\u00f3n financiera en los ni\u00f1os puede comenzar desde muy corta edad. El aprendizaje comienza con el ejemplo, si sus padres administran adecuadamente sus recursos financieros, ellos observar\u00e1n que en casa no falta nada creciendo adem\u00e1s con mayor tranquilidad y estabilidad.<\/p><p class=\"just\">Si los padres son compradores impulsivos, ellos tambi\u00e9n pueden aprender esa conducta, y si los padres tienen dificultades financieras ellos lo perciben cuando por ejemplo los llaman del banco para cobrarles, por ello es importante la comunicaci\u00f3n con sus hijos, para que ellos vayan d\u00e1ndole el valor a la administraci\u00f3n de su dinero.<\/p><p class=\"just\">Si usted le da una mesada a su hijo, puede aconsejarle c\u00f3mo puede utilizarlo, ya sea ahorrando o apartando una parte del dinero para el ahorro.<\/p><p class=\"just\">Si \u00e9l quiere un juguete, puede decirle \u201cvamos a ahorrar para que lo tengas\u201d y hacer un plan conjunto d\u00f3nde \u00e9l tambi\u00e9n utilice sus recursos para obtenerlo.<\/p><p class=\"just\">Puede ayudarlo a abrir una cuenta infantil en d\u00f3nde vaya haciendo sus dep\u00f3sitos y explicarle que un d\u00eda le puede servir para su vejez.<\/p><p class=\"just\">Los juegos que implican el uso del dinero e inversiones en propiedades pueden ayudarlo a comprender jugando que las inversiones pueden hacerle ganar o perder ingresos, dependiendo del uso que les den al administrarlas.<\/p><p class=\"just\">Un ni\u00f1o que ya sabe leer, escribir, sumar y restar puede llevar un registro sencillo donde le muestre cu\u00e1nto dinero recibe y cu\u00e1nto gasta.<\/p><p class=\"just\">Tambi\u00e9n puede orientarlo a entender el valor del dinero con ejemplos comparativos, por ejemplo: Si ud. le d\u00e1 Lps. 20 semanal, puede explicarle que con dos billetes de Lps. 20 puede comprar una porci\u00f3n de pollo, o que los 20 lempiras son equivalentes a 4 churros de 5 lempiras cada uno.<\/p><p class=\"just\">La educaci\u00f3n financiera temprana puede ayudar a los ni\u00f1os a tener una vida futura m\u00e1s segura y tranquila.<\/p><p class=\"just\"><b>Canci\u00f3n: Si tu guardas, siempre tienes &#8211; versi\u00f3n escolar.\u00a0<a class=\"orange\" href=\"http:\/\/www.cnbs.gob.hn\/sefhn2017\/canciones\/si-tu-guardas-siempre-tienes-version-escolar.mp3\">Esc\u00fachala aqu\u00ed.<\/a><\/b><\/p><p class=\"just\"><b>Canci\u00f3n: Si tu guardas, siempre tienes &#8211; versi\u00f3n popular.\u00a0<a class=\"orange\" href=\"http:\/\/www.cnbs.gob.hn\/sefhn2017\/canciones\/si-tu-guardas-siempre-tienes-version-popular.mp3\">Esc\u00fachala aqu\u00ed.<\/a><\/b><\/p><h4><strong>Gu\u00edas de Educaci\u00f3n Financiera y m\u00e1s canciones de Educaci\u00f3n Financiera las encuentras<\/strong> <a href=\"https:\/\/sef.cnbs.gob.hn\/RecursosEducacionFinanciera\" target=\"_blank\" rel=\"noopener\">aqu\u00ed.<\/a><\/h4>\t\t\t\t\t\t\t\t<\/div>\n\t\t\t\t<\/div>\n\t\t\t\t<div class=\"elementor-element elementor-element-e96a908 elementor-widget elementor-widget-image\" data-id=\"e96a908\" data-element_type=\"widget\" data-e-type=\"widget\" data-widget_type=\"image.default\">\n\t\t\t\t<div class=\"elementor-widget-container\">\n\t\t\t\t\t\t\t\t\t\t\t\t\t\t\t\t<a href=\"https:\/\/cnbs.gob.hn\/atencion-usuario-financiero\/el-club-del-ahorro-webapp\/\">\n\t\t\t\t\t\t\t<img decoding=\"async\" width=\"1536\" height=\"491\" src=\"https:\/\/www.cnbs.gob.hn\/educacionfinanciera\/wp-content\/uploads\/2020\/08\/club-del-ahorro-1536x491.jpg\" class=\"attachment-1536x1536 size-1536x1536 wp-image-1694\" alt=\"\" srcset=\"https:\/\/www.cnbs.gob.hn\/educacionfinanciera\/wp-content\/uploads\/2020\/08\/club-del-ahorro-1536x491.jpg 1536w, https:\/\/www.cnbs.gob.hn\/educacionfinanciera\/wp-content\/uploads\/2020\/08\/club-del-ahorro-300x96.jpg 300w, https:\/\/www.cnbs.gob.hn\/educacionfinanciera\/wp-content\/uploads\/2020\/08\/club-del-ahorro-1024x327.jpg 1024w, https:\/\/www.cnbs.gob.hn\/educacionfinanciera\/wp-content\/uploads\/2020\/08\/club-del-ahorro-768x245.jpg 768w, https:\/\/www.cnbs.gob.hn\/educacionfinanciera\/wp-content\/uploads\/2020\/08\/club-del-ahorro-260x83.jpg 260w, https:\/\/www.cnbs.gob.hn\/educacionfinanciera\/wp-content\/uploads\/2020\/08\/club-del-ahorro-50x16.jpg 50w, https:\/\/www.cnbs.gob.hn\/educacionfinanciera\/wp-content\/uploads\/2020\/08\/club-del-ahorro-150x48.jpg 150w, https:\/\/www.cnbs.gob.hn\/educacionfinanciera\/wp-content\/uploads\/2020\/08\/club-del-ahorro.jpg 2034w\" sizes=\"(max-width:767px) 480px, (max-width:1536px) 100vw, 1536px\" \/>\t\t\t\t\t\t\t\t<\/a>\n\t\t\t\t\t\t\t\t\t\t\t\t\t\t\t<\/div>\n\t\t\t\t<\/div>\n\t\t\t\t\t<\/div>\n\t\t<\/div>\n\t\t\t\t\t<\/div>\n\t\t<\/section>\n\t\t\t\t<section class=\"elementor-section elementor-top-section elementor-element elementor-element-3316106 elementor-section-boxed elementor-section-height-default elementor-section-height-default\" data-id=\"3316106\" data-element_type=\"section\" data-e-type=\"section\">\n\t\t\t\t\t\t<div class=\"elementor-container elementor-column-gap-default\">\n\t\t\t\t\t<div class=\"elementor-column elementor-col-100 elementor-top-column elementor-element elementor-element-9020400\" data-id=\"9020400\" data-element_type=\"column\" data-e-type=\"column\">\n\t\t\t<div class=\"elementor-widget-wrap\">\n\t\t\t\t\t\t\t<\/div>\n\t\t<\/div>\n\t\t\t\t\t<\/div>\n\t\t<\/section>\n\t\t\t\t<\/div>\n\t\t","protected":false},"excerpt":{"rendered":"<p>La CNBS y la Sparkassenstiftung Alemana Latinoam\u00e9rica y el Caribe, les invitan a participar en el Circuito del Ahorro, el cual es una actividad interactiva para<span class=\"excerpt-hellip\"> [\u2026]<\/span><\/p>\n","protected":false},"author":7,"featured_media":0,"parent":0,"menu_order":0,"comment_status":"closed","ping_status":"closed","template":"","meta":{"footnotes":""},"class_list":["post-1839","page","type-page","status-publish","hentry"],"yoast_head":"<!-- This site is optimized with the Yoast SEO plugin v27.6 - https:\/\/yoast.com\/product\/yoast-seo-wordpress\/ -->\n<title>Finanzas para los ni\u00f1os - CNBS - GEIFG - Educaci\u00f3n Financiera<\/title>\n<meta name=\"robots\" content=\"index, follow, max-snippet:-1, max-image-preview:large, max-video-preview:-1\" \/>\n<link rel=\"canonical\" href=\"https:\/\/www.cnbs.gob.hn\/educacionfinanciera\/finanzas-para-los-ninos\/\" \/>\n<meta property=\"og:locale\" content=\"es_ES\" \/>\n<meta property=\"og:type\" content=\"article\" \/>\n<meta property=\"og:title\" content=\"Finanzas para los ni\u00f1os - CNBS - GEIFG - Educaci\u00f3n Financiera\" \/>\n<meta property=\"og:description\" content=\"La CNBS y la Sparkassenstiftung Alemana Latinoam\u00e9rica y el Caribe, les invitan a participar en el Circuito del Ahorro, el cual es una actividad interactiva para [\u2026]\" \/>\n<meta property=\"og:url\" content=\"https:\/\/www.cnbs.gob.hn\/educacionfinanciera\/finanzas-para-los-ninos\/\" \/>\n<meta property=\"og:site_name\" content=\"CNBS - GEIFG - Educaci\u00f3n Financiera\" \/>\n<meta property=\"article:modified_time\" content=\"2026-02-16T22:18:12+00:00\" \/>\n<meta property=\"og:image\" content=\"https:\/\/www.cnbs.gob.hn\/educacionfinanciera\/wp-content\/uploads\/2018\/04\/finanzas-child.jpg\" \/>\n\t<meta property=\"og:image:width\" content=\"1280\" \/>\n\t<meta property=\"og:image:height\" content=\"853\" \/>\n\t<meta property=\"og:image:type\" content=\"image\/jpeg\" \/>\n<meta name=\"twitter:card\" content=\"summary_large_image\" \/>\n<meta name=\"twitter:label1\" content=\"Tiempo de lectura\" \/>\n\t<meta name=\"twitter:data1\" content=\"3 minutos\" \/>\n<script type=\"application\/ld+json\" class=\"yoast-schema-graph\">{\"@context\":\"https:\\\/\\\/schema.org\",\"@graph\":[{\"@type\":\"WebPage\",\"@id\":\"https:\\\/\\\/www.cnbs.gob.hn\\\/educacionfinanciera\\\/finanzas-para-los-ninos\\\/\",\"url\":\"https:\\\/\\\/www.cnbs.gob.hn\\\/educacionfinanciera\\\/finanzas-para-los-ninos\\\/\",\"name\":\"Finanzas para los ni\u00f1os - CNBS - GEIFG - Educaci\u00f3n Financiera\",\"isPartOf\":{\"@id\":\"https:\\\/\\\/www.cnbs.gob.hn\\\/educacionfinanciera\\\/#website\"},\"primaryImageOfPage\":{\"@id\":\"https:\\\/\\\/www.cnbs.gob.hn\\\/educacionfinanciera\\\/finanzas-para-los-ninos\\\/#primaryimage\"},\"image\":{\"@id\":\"https:\\\/\\\/www.cnbs.gob.hn\\\/educacionfinanciera\\\/finanzas-para-los-ninos\\\/#primaryimage\"},\"thumbnailUrl\":\"https:\\\/\\\/www.cnbs.gob.hn\\\/educacionfinanciera\\\/wp-content\\\/uploads\\\/2018\\\/04\\\/finanzas-child.jpg\",\"datePublished\":\"2021-11-03T20:26:52+00:00\",\"dateModified\":\"2026-02-16T22:18:12+00:00\",\"breadcrumb\":{\"@id\":\"https:\\\/\\\/www.cnbs.gob.hn\\\/educacionfinanciera\\\/finanzas-para-los-ninos\\\/#breadcrumb\"},\"inLanguage\":\"es\",\"potentialAction\":[{\"@type\":\"ReadAction\",\"target\":[\"https:\\\/\\\/www.cnbs.gob.hn\\\/educacionfinanciera\\\/finanzas-para-los-ninos\\\/\"]}]},{\"@type\":\"ImageObject\",\"inLanguage\":\"es\",\"@id\":\"https:\\\/\\\/www.cnbs.gob.hn\\\/educacionfinanciera\\\/finanzas-para-los-ninos\\\/#primaryimage\",\"url\":\"https:\\\/\\\/www.cnbs.gob.hn\\\/educacionfinanciera\\\/wp-content\\\/uploads\\\/2018\\\/04\\\/finanzas-child.jpg\",\"contentUrl\":\"https:\\\/\\\/www.cnbs.gob.hn\\\/educacionfinanciera\\\/wp-content\\\/uploads\\\/2018\\\/04\\\/finanzas-child.jpg\"},{\"@type\":\"BreadcrumbList\",\"@id\":\"https:\\\/\\\/www.cnbs.gob.hn\\\/educacionfinanciera\\\/finanzas-para-los-ninos\\\/#breadcrumb\",\"itemListElement\":[{\"@type\":\"ListItem\",\"position\":1,\"name\":\"Home\",\"item\":\"https:\\\/\\\/www.cnbs.gob.hn\\\/educacionfinanciera\\\/\"},{\"@type\":\"ListItem\",\"position\":2,\"name\":\"Finanzas para los ni\u00f1os\"}]},{\"@type\":\"WebSite\",\"@id\":\"https:\\\/\\\/www.cnbs.gob.hn\\\/educacionfinanciera\\\/#website\",\"url\":\"https:\\\/\\\/www.cnbs.gob.hn\\\/educacionfinanciera\\\/\",\"name\":\"CNBS - GEIFG - Educaci\u00f3n Financiera\",\"description\":\"\",\"publisher\":{\"@id\":\"https:\\\/\\\/www.cnbs.gob.hn\\\/educacionfinanciera\\\/#organization\"},\"potentialAction\":[{\"@type\":\"SearchAction\",\"target\":{\"@type\":\"EntryPoint\",\"urlTemplate\":\"https:\\\/\\\/www.cnbs.gob.hn\\\/educacionfinanciera\\\/?s={search_term_string}\"},\"query-input\":{\"@type\":\"PropertyValueSpecification\",\"valueRequired\":true,\"valueName\":\"search_term_string\"}}],\"inLanguage\":\"es\"},{\"@type\":\"Organization\",\"@id\":\"https:\\\/\\\/www.cnbs.gob.hn\\\/educacionfinanciera\\\/#organization\",\"name\":\"CNBS - GEIFG - Educaci\u00f3n Financiera\",\"url\":\"https:\\\/\\\/www.cnbs.gob.hn\\\/educacionfinanciera\\\/\",\"logo\":{\"@type\":\"ImageObject\",\"inLanguage\":\"es\",\"@id\":\"https:\\\/\\\/www.cnbs.gob.hn\\\/educacionfinanciera\\\/#\\\/schema\\\/logo\\\/image\\\/\",\"url\":\"https:\\\/\\\/www.cnbs.gob.hn\\\/educacionfinanciera\\\/wp-content\\\/uploads\\\/2020\\\/11\\\/Logo-CNBS-SOLO.png\",\"contentUrl\":\"https:\\\/\\\/www.cnbs.gob.hn\\\/educacionfinanciera\\\/wp-content\\\/uploads\\\/2020\\\/11\\\/Logo-CNBS-SOLO.png\",\"width\":2250,\"height\":2250,\"caption\":\"CNBS - GEIFG - Educaci\u00f3n Financiera\"},\"image\":{\"@id\":\"https:\\\/\\\/www.cnbs.gob.hn\\\/educacionfinanciera\\\/#\\\/schema\\\/logo\\\/image\\\/\"}}]}<\/script>\n<!-- \/ Yoast SEO plugin. -->","yoast_head_json":{"title":"Finanzas para los ni\u00f1os - CNBS - GEIFG - Educaci\u00f3n Financiera","robots":{"index":"index","follow":"follow","max-snippet":"max-snippet:-1","max-image-preview":"max-image-preview:large","max-video-preview":"max-video-preview:-1"},"canonical":"https:\/\/www.cnbs.gob.hn\/educacionfinanciera\/finanzas-para-los-ninos\/","og_locale":"es_ES","og_type":"article","og_title":"Finanzas para los ni\u00f1os - CNBS - GEIFG - Educaci\u00f3n Financiera","og_description":"La CNBS y la Sparkassenstiftung Alemana Latinoam\u00e9rica y el Caribe, les invitan a participar en el Circuito del Ahorro, el cual es una actividad interactiva para [\u2026]","og_url":"https:\/\/www.cnbs.gob.hn\/educacionfinanciera\/finanzas-para-los-ninos\/","og_site_name":"CNBS - GEIFG - Educaci\u00f3n Financiera","article_modified_time":"2026-02-16T22:18:12+00:00","og_image":[{"width":1280,"height":853,"url":"https:\/\/www.cnbs.gob.hn\/educacionfinanciera\/wp-content\/uploads\/2018\/04\/finanzas-child.jpg","type":"image\/jpeg"}],"twitter_card":"summary_large_image","twitter_misc":{"Tiempo de lectura":"3 minutos"},"schema":{"@context":"https:\/\/schema.org","@graph":[{"@type":"WebPage","@id":"https:\/\/www.cnbs.gob.hn\/educacionfinanciera\/finanzas-para-los-ninos\/","url":"https:\/\/www.cnbs.gob.hn\/educacionfinanciera\/finanzas-para-los-ninos\/","name":"Finanzas para los ni\u00f1os - CNBS - GEIFG - Educaci\u00f3n Financiera","isPartOf":{"@id":"https:\/\/www.cnbs.gob.hn\/educacionfinanciera\/#website"},"primaryImageOfPage":{"@id":"https:\/\/www.cnbs.gob.hn\/educacionfinanciera\/finanzas-para-los-ninos\/#primaryimage"},"image":{"@id":"https:\/\/www.cnbs.gob.hn\/educacionfinanciera\/finanzas-para-los-ninos\/#primaryimage"},"thumbnailUrl":"https:\/\/www.cnbs.gob.hn\/educacionfinanciera\/wp-content\/uploads\/2018\/04\/finanzas-child.jpg","datePublished":"2021-11-03T20:26:52+00:00","dateModified":"2026-02-16T22:18:12+00:00","breadcrumb":{"@id":"https:\/\/www.cnbs.gob.hn\/educacionfinanciera\/finanzas-para-los-ninos\/#breadcrumb"},"inLanguage":"es","potentialAction":[{"@type":"ReadAction","target":["https:\/\/www.cnbs.gob.hn\/educacionfinanciera\/finanzas-para-los-ninos\/"]}]},{"@type":"ImageObject","inLanguage":"es","@id":"https:\/\/www.cnbs.gob.hn\/educacionfinanciera\/finanzas-para-los-ninos\/#primaryimage","url":"https:\/\/www.cnbs.gob.hn\/educacionfinanciera\/wp-content\/uploads\/2018\/04\/finanzas-child.jpg","contentUrl":"https:\/\/www.cnbs.gob.hn\/educacionfinanciera\/wp-content\/uploads\/2018\/04\/finanzas-child.jpg"},{"@type":"BreadcrumbList","@id":"https:\/\/www.cnbs.gob.hn\/educacionfinanciera\/finanzas-para-los-ninos\/#breadcrumb","itemListElement":[{"@type":"ListItem","position":1,"name":"Home","item":"https:\/\/www.cnbs.gob.hn\/educacionfinanciera\/"},{"@type":"ListItem","position":2,"name":"Finanzas para los ni\u00f1os"}]},{"@type":"WebSite","@id":"https:\/\/www.cnbs.gob.hn\/educacionfinanciera\/#website","url":"https:\/\/www.cnbs.gob.hn\/educacionfinanciera\/","name":"CNBS - GEIFG - Educaci\u00f3n Financiera","description":"","publisher":{"@id":"https:\/\/www.cnbs.gob.hn\/educacionfinanciera\/#organization"},"potentialAction":[{"@type":"SearchAction","target":{"@type":"EntryPoint","urlTemplate":"https:\/\/www.cnbs.gob.hn\/educacionfinanciera\/?s={search_term_string}"},"query-input":{"@type":"PropertyValueSpecification","valueRequired":true,"valueName":"search_term_string"}}],"inLanguage":"es"},{"@type":"Organization","@id":"https:\/\/www.cnbs.gob.hn\/educacionfinanciera\/#organization","name":"CNBS - GEIFG - Educaci\u00f3n Financiera","url":"https:\/\/www.cnbs.gob.hn\/educacionfinanciera\/","logo":{"@type":"ImageObject","inLanguage":"es","@id":"https:\/\/www.cnbs.gob.hn\/educacionfinanciera\/#\/schema\/logo\/image\/","url":"https:\/\/www.cnbs.gob.hn\/educacionfinanciera\/wp-content\/uploads\/2020\/11\/Logo-CNBS-SOLO.png","contentUrl":"https:\/\/www.cnbs.gob.hn\/educacionfinanciera\/wp-content\/uploads\/2020\/11\/Logo-CNBS-SOLO.png","width":2250,"height":2250,"caption":"CNBS - GEIFG - Educaci\u00f3n Financiera"},"image":{"@id":"https:\/\/www.cnbs.gob.hn\/educacionfinanciera\/#\/schema\/logo\/image\/"}}]}},"_links":{"self":[{"href":"https:\/\/www.cnbs.gob.hn\/educacionfinanciera\/wp-json\/wp\/v2\/pages\/1839","targetHints":{"allow":["GET"]}}],"collection":[{"href":"https:\/\/www.cnbs.gob.hn\/educacionfinanciera\/wp-json\/wp\/v2\/pages"}],"about":[{"href":"https:\/\/www.cnbs.gob.hn\/educacionfinanciera\/wp-json\/wp\/v2\/types\/page"}],"author":[{"embeddable":true,"href":"https:\/\/www.cnbs.gob.hn\/educacionfinanciera\/wp-json\/wp\/v2\/users\/7"}],"replies":[{"embeddable":true,"href":"https:\/\/www.cnbs.gob.hn\/educacionfinanciera\/wp-json\/wp\/v2\/comments?post=1839"}],"version-history":[{"count":13,"href":"https:\/\/www.cnbs.gob.hn\/educacionfinanciera\/wp-json\/wp\/v2\/pages\/1839\/revisions"}],"predecessor-version":[{"id":8009,"href":"https:\/\/www.cnbs.gob.hn\/educacionfinanciera\/wp-json\/wp\/v2\/pages\/1839\/revisions\/8009"}],"wp:attachment":[{"href":"https:\/\/www.cnbs.gob.hn\/educacionfinanciera\/wp-json\/wp\/v2\/media?parent=1839"}],"curies":[{"name":"wp","href":"https:\/\/api.w.org\/{rel}","templated":true}]}}