{"id":1857,"date":"2021-12-08T13:20:37","date_gmt":"2021-12-08T19:20:37","guid":{"rendered":"https:\/\/www.cnbs.gob.hn\/educacionfinanciera\/?page_id=1857"},"modified":"2021-12-08T13:27:48","modified_gmt":"2021-12-08T19:27:48","slug":"finanzas-del-emprendedor-2","status":"publish","type":"page","link":"https:\/\/www.cnbs.gob.hn\/educacionfinanciera\/finanzas-del-emprendedor-2\/","title":{"rendered":"Finanzas del Emprendedor"},"content":{"rendered":"\t\t<div data-elementor-type=\"wp-page\" data-elementor-id=\"1857\" class=\"elementor elementor-1857\" data-elementor-post-type=\"page\">\n\t\t\t\t\t\t<section class=\"elementor-section elementor-top-section elementor-element elementor-element-6c4cd75f elementor-section-boxed elementor-section-height-default elementor-section-height-default\" data-id=\"6c4cd75f\" data-element_type=\"section\" data-e-type=\"section\">\n\t\t\t\t\t\t<div class=\"elementor-container elementor-column-gap-default\">\n\t\t\t\t\t<div class=\"elementor-column elementor-col-100 elementor-top-column elementor-element elementor-element-3c79bb28\" data-id=\"3c79bb28\" data-element_type=\"column\" data-e-type=\"column\">\n\t\t\t<div class=\"elementor-widget-wrap elementor-element-populated\">\n\t\t\t\t\t\t<div class=\"elementor-element elementor-element-1fc52eb elementor-widget elementor-widget-heading\" data-id=\"1fc52eb\" data-element_type=\"widget\" data-e-type=\"widget\" data-widget_type=\"heading.default\">\n\t\t\t\t<div class=\"elementor-widget-container\">\n\t\t\t\t\t<h2 class=\"elementor-heading-title elementor-size-default\">Finanzas del Emprendedor<\/h2>\t\t\t\t<\/div>\n\t\t\t\t<\/div>\n\t\t\t\t<div class=\"elementor-element elementor-element-2169d693 elementor-widget elementor-widget-text-editor\" data-id=\"2169d693\" data-element_type=\"widget\" data-e-type=\"widget\" data-widget_type=\"text-editor.default\">\n\t\t\t\t<div class=\"elementor-widget-container\">\n\t\t\t\t\t\t\t\t\t\n<figure class=\"wp-block-image size-large\"><img fetchpriority=\"high\" decoding=\"async\" class=\"alignright wp-image-1858 size-epic-350x250\" src=\"https:\/\/cnbs.gob.hn\/atencion-usuario-financiero\/educacionfinanciera\/wp-content\/uploads\/sites\/2\/2021\/12\/adult-3051650_1280-1-350x250.jpg\" alt=\"\" width=\"350\" height=\"250\" \/><\/figure>\n\n<p class=\"just\">El emprendedor es aquella persona que invierte en una idea o iniciativa empresarial con la idea de obtener lucro o utilidades sobre su inversi\u00f3n. Hay emprendedores en el sector formal de la econom\u00eda pero hay much\u00edsimos en el sector informal. Por ello es muy importante que para minimizar sus riesgos tomen las decisiones m\u00e1s oportunas que les ayuden a sacar sus emprendimientos adelante.<\/p>\n<p class=\"just\">Un emprendedor debe conocer sobre el entorno jur\u00eddico, econ\u00f3mico y financiero en el que se desenvuelve su empresa. Debe saber cu\u00e1les son sus capacidades o limitantes en materia financiera cuando es comerciante individual o cuando forma parte de una sociedad mercantil.<\/p>\n<p class=\"just\">Debe conocer cu\u00e1les son los tipos de dep\u00f3sitos a los que puede acceder, los cr\u00e9ditos con sus condiciones, avales, seguros, descuentos comerciales, medios de pago, operaciones de comercio exterior, leasing, futuros, opciones entre otros recursos que pueden ayudarle a mejorar su gesti\u00f3n financiera.<\/p>\n<p class=\"just\">En la CNBS hemos desarrollado m\u00f3dulos de educaci\u00f3n financiera b\u00e1sica, por lo que le recomendamos iniciar su formaci\u00f3n en educaci\u00f3n financiera b\u00e1sica para que contin\u00fae posteriormente con los temas propios de un empresario.<\/p>\n<p class=\"just\">Para acceder a los m\u00f3dulos de educaci\u00f3n financiera b\u00e1sica pulse\u00a0<a class=\"orange\" href=\"https:\/\/cnbs.gob.hn\/atencion-usuario-financiero\/educacionfinanciera\/otros-recursos\/#\">aqu\u00ed.<\/a><\/p>\n\t\t\t\t\t\t\t\t<\/div>\n\t\t\t\t<\/div>\n\t\t\t\t\t<\/div>\n\t\t<\/div>\n\t\t\t\t\t<\/div>\n\t\t<\/section>\n\t\t\t\t<\/div>\n\t\t","protected":false},"excerpt":{"rendered":"<p>Finanzas del Emprendedor<\/p>\n","protected":false},"author":7,"featured_media":0,"parent":0,"menu_order":0,"comment_status":"closed","ping_status":"closed","template":"","meta":{"footnotes":""},"class_list":["post-1857","page","type-page","status-publish","hentry"],"yoast_head":"<!-- This site is optimized with the Yoast SEO plugin v27.3 - https:\/\/yoast.com\/product\/yoast-seo-wordpress\/ -->\n<title>Finanzas del Emprendedor - CNBS - GEIFG - Educaci\u00f3n Financiera<\/title>\n<meta name=\"robots\" content=\"index, follow, max-snippet:-1, max-image-preview:large, max-video-preview:-1\" \/>\n<link rel=\"canonical\" href=\"https:\/\/www.cnbs.gob.hn\/educacionfinanciera\/finanzas-del-emprendedor-2\/\" \/>\n<meta property=\"og:locale\" content=\"es_ES\" \/>\n<meta property=\"og:type\" content=\"article\" \/>\n<meta property=\"og:title\" content=\"Finanzas del Emprendedor - CNBS - GEIFG - Educaci\u00f3n Financiera\" \/>\n<meta property=\"og:description\" content=\"Finanzas del Emprendedor\" \/>\n<meta property=\"og:url\" content=\"https:\/\/www.cnbs.gob.hn\/educacionfinanciera\/finanzas-del-emprendedor-2\/\" \/>\n<meta property=\"og:site_name\" content=\"CNBS - GEIFG - Educaci\u00f3n Financiera\" \/>\n<meta property=\"article:modified_time\" content=\"2021-12-08T19:27:48+00:00\" \/>\n<meta property=\"og:image\" content=\"https:\/\/www.cnbs.gob.hn\/educacionfinanciera\/wp-content\/uploads\/2021\/12\/adult-3051650_1280-1-350x250.jpg\" \/>\n<meta name=\"twitter:card\" content=\"summary_large_image\" \/>\n<meta name=\"twitter:label1\" content=\"Tiempo de lectura\" \/>\n\t<meta name=\"twitter:data1\" content=\"1 minuto\" \/>\n<script type=\"application\/ld+json\" class=\"yoast-schema-graph\">{\"@context\":\"https:\\\/\\\/schema.org\",\"@graph\":[{\"@type\":\"WebPage\",\"@id\":\"https:\\\/\\\/www.cnbs.gob.hn\\\/educacionfinanciera\\\/finanzas-del-emprendedor-2\\\/\",\"url\":\"https:\\\/\\\/www.cnbs.gob.hn\\\/educacionfinanciera\\\/finanzas-del-emprendedor-2\\\/\",\"name\":\"Finanzas del Emprendedor - CNBS - GEIFG - Educaci\u00f3n Financiera\",\"isPartOf\":{\"@id\":\"https:\\\/\\\/www.cnbs.gob.hn\\\/educacionfinanciera\\\/#website\"},\"primaryImageOfPage\":{\"@id\":\"https:\\\/\\\/www.cnbs.gob.hn\\\/educacionfinanciera\\\/finanzas-del-emprendedor-2\\\/#primaryimage\"},\"image\":{\"@id\":\"https:\\\/\\\/www.cnbs.gob.hn\\\/educacionfinanciera\\\/finanzas-del-emprendedor-2\\\/#primaryimage\"},\"thumbnailUrl\":\"https:\\\/\\\/www.cnbs.gob.hn\\\/educacionfinanciera\\\/wp-content\\\/uploads\\\/2021\\\/12\\\/adult-3051650_1280-1-350x250.jpg\",\"datePublished\":\"2021-12-08T19:20:37+00:00\",\"dateModified\":\"2021-12-08T19:27:48+00:00\",\"breadcrumb\":{\"@id\":\"https:\\\/\\\/www.cnbs.gob.hn\\\/educacionfinanciera\\\/finanzas-del-emprendedor-2\\\/#breadcrumb\"},\"inLanguage\":\"es\",\"potentialAction\":[{\"@type\":\"ReadAction\",\"target\":[\"https:\\\/\\\/www.cnbs.gob.hn\\\/educacionfinanciera\\\/finanzas-del-emprendedor-2\\\/\"]}]},{\"@type\":\"ImageObject\",\"inLanguage\":\"es\",\"@id\":\"https:\\\/\\\/www.cnbs.gob.hn\\\/educacionfinanciera\\\/finanzas-del-emprendedor-2\\\/#primaryimage\",\"url\":\"https:\\\/\\\/www.cnbs.gob.hn\\\/educacionfinanciera\\\/wp-content\\\/uploads\\\/2021\\\/12\\\/adult-3051650_1280-1.jpg\",\"contentUrl\":\"https:\\\/\\\/www.cnbs.gob.hn\\\/educacionfinanciera\\\/wp-content\\\/uploads\\\/2021\\\/12\\\/adult-3051650_1280-1.jpg\",\"width\":1280,\"height\":853},{\"@type\":\"BreadcrumbList\",\"@id\":\"https:\\\/\\\/www.cnbs.gob.hn\\\/educacionfinanciera\\\/finanzas-del-emprendedor-2\\\/#breadcrumb\",\"itemListElement\":[{\"@type\":\"ListItem\",\"position\":1,\"name\":\"Home\",\"item\":\"https:\\\/\\\/www.cnbs.gob.hn\\\/educacionfinanciera\\\/\"},{\"@type\":\"ListItem\",\"position\":2,\"name\":\"Finanzas del Emprendedor\"}]},{\"@type\":\"WebSite\",\"@id\":\"https:\\\/\\\/www.cnbs.gob.hn\\\/educacionfinanciera\\\/#website\",\"url\":\"https:\\\/\\\/www.cnbs.gob.hn\\\/educacionfinanciera\\\/\",\"name\":\"CNBS - GEIFG - Educaci\u00f3n Financiera\",\"description\":\"\",\"publisher\":{\"@id\":\"https:\\\/\\\/www.cnbs.gob.hn\\\/educacionfinanciera\\\/#organization\"},\"potentialAction\":[{\"@type\":\"SearchAction\",\"target\":{\"@type\":\"EntryPoint\",\"urlTemplate\":\"https:\\\/\\\/www.cnbs.gob.hn\\\/educacionfinanciera\\\/?s={search_term_string}\"},\"query-input\":{\"@type\":\"PropertyValueSpecification\",\"valueRequired\":true,\"valueName\":\"search_term_string\"}}],\"inLanguage\":\"es\"},{\"@type\":\"Organization\",\"@id\":\"https:\\\/\\\/www.cnbs.gob.hn\\\/educacionfinanciera\\\/#organization\",\"name\":\"CNBS - GEIFG - Educaci\u00f3n Financiera\",\"url\":\"https:\\\/\\\/www.cnbs.gob.hn\\\/educacionfinanciera\\\/\",\"logo\":{\"@type\":\"ImageObject\",\"inLanguage\":\"es\",\"@id\":\"https:\\\/\\\/www.cnbs.gob.hn\\\/educacionfinanciera\\\/#\\\/schema\\\/logo\\\/image\\\/\",\"url\":\"https:\\\/\\\/www.cnbs.gob.hn\\\/educacionfinanciera\\\/wp-content\\\/uploads\\\/2020\\\/11\\\/Logo-CNBS-SOLO.png\",\"contentUrl\":\"https:\\\/\\\/www.cnbs.gob.hn\\\/educacionfinanciera\\\/wp-content\\\/uploads\\\/2020\\\/11\\\/Logo-CNBS-SOLO.png\",\"width\":2250,\"height\":2250,\"caption\":\"CNBS - GEIFG - Educaci\u00f3n Financiera\"},\"image\":{\"@id\":\"https:\\\/\\\/www.cnbs.gob.hn\\\/educacionfinanciera\\\/#\\\/schema\\\/logo\\\/image\\\/\"}}]}<\/script>\n<!-- \/ Yoast SEO plugin. -->","yoast_head_json":{"title":"Finanzas del Emprendedor - CNBS - GEIFG - Educaci\u00f3n Financiera","robots":{"index":"index","follow":"follow","max-snippet":"max-snippet:-1","max-image-preview":"max-image-preview:large","max-video-preview":"max-video-preview:-1"},"canonical":"https:\/\/www.cnbs.gob.hn\/educacionfinanciera\/finanzas-del-emprendedor-2\/","og_locale":"es_ES","og_type":"article","og_title":"Finanzas del Emprendedor - CNBS - GEIFG - Educaci\u00f3n Financiera","og_description":"Finanzas del Emprendedor","og_url":"https:\/\/www.cnbs.gob.hn\/educacionfinanciera\/finanzas-del-emprendedor-2\/","og_site_name":"CNBS - GEIFG - Educaci\u00f3n Financiera","article_modified_time":"2021-12-08T19:27:48+00:00","og_image":[{"url":"https:\/\/www.cnbs.gob.hn\/educacionfinanciera\/wp-content\/uploads\/2021\/12\/adult-3051650_1280-1-350x250.jpg","type":"","width":"","height":""}],"twitter_card":"summary_large_image","twitter_misc":{"Tiempo de lectura":"1 minuto"},"schema":{"@context":"https:\/\/schema.org","@graph":[{"@type":"WebPage","@id":"https:\/\/www.cnbs.gob.hn\/educacionfinanciera\/finanzas-del-emprendedor-2\/","url":"https:\/\/www.cnbs.gob.hn\/educacionfinanciera\/finanzas-del-emprendedor-2\/","name":"Finanzas del Emprendedor - CNBS - GEIFG - Educaci\u00f3n Financiera","isPartOf":{"@id":"https:\/\/www.cnbs.gob.hn\/educacionfinanciera\/#website"},"primaryImageOfPage":{"@id":"https:\/\/www.cnbs.gob.hn\/educacionfinanciera\/finanzas-del-emprendedor-2\/#primaryimage"},"image":{"@id":"https:\/\/www.cnbs.gob.hn\/educacionfinanciera\/finanzas-del-emprendedor-2\/#primaryimage"},"thumbnailUrl":"https:\/\/www.cnbs.gob.hn\/educacionfinanciera\/wp-content\/uploads\/2021\/12\/adult-3051650_1280-1-350x250.jpg","datePublished":"2021-12-08T19:20:37+00:00","dateModified":"2021-12-08T19:27:48+00:00","breadcrumb":{"@id":"https:\/\/www.cnbs.gob.hn\/educacionfinanciera\/finanzas-del-emprendedor-2\/#breadcrumb"},"inLanguage":"es","potentialAction":[{"@type":"ReadAction","target":["https:\/\/www.cnbs.gob.hn\/educacionfinanciera\/finanzas-del-emprendedor-2\/"]}]},{"@type":"ImageObject","inLanguage":"es","@id":"https:\/\/www.cnbs.gob.hn\/educacionfinanciera\/finanzas-del-emprendedor-2\/#primaryimage","url":"https:\/\/www.cnbs.gob.hn\/educacionfinanciera\/wp-content\/uploads\/2021\/12\/adult-3051650_1280-1.jpg","contentUrl":"https:\/\/www.cnbs.gob.hn\/educacionfinanciera\/wp-content\/uploads\/2021\/12\/adult-3051650_1280-1.jpg","width":1280,"height":853},{"@type":"BreadcrumbList","@id":"https:\/\/www.cnbs.gob.hn\/educacionfinanciera\/finanzas-del-emprendedor-2\/#breadcrumb","itemListElement":[{"@type":"ListItem","position":1,"name":"Home","item":"https:\/\/www.cnbs.gob.hn\/educacionfinanciera\/"},{"@type":"ListItem","position":2,"name":"Finanzas del Emprendedor"}]},{"@type":"WebSite","@id":"https:\/\/www.cnbs.gob.hn\/educacionfinanciera\/#website","url":"https:\/\/www.cnbs.gob.hn\/educacionfinanciera\/","name":"CNBS - GEIFG - Educaci\u00f3n Financiera","description":"","publisher":{"@id":"https:\/\/www.cnbs.gob.hn\/educacionfinanciera\/#organization"},"potentialAction":[{"@type":"SearchAction","target":{"@type":"EntryPoint","urlTemplate":"https:\/\/www.cnbs.gob.hn\/educacionfinanciera\/?s={search_term_string}"},"query-input":{"@type":"PropertyValueSpecification","valueRequired":true,"valueName":"search_term_string"}}],"inLanguage":"es"},{"@type":"Organization","@id":"https:\/\/www.cnbs.gob.hn\/educacionfinanciera\/#organization","name":"CNBS - GEIFG - Educaci\u00f3n Financiera","url":"https:\/\/www.cnbs.gob.hn\/educacionfinanciera\/","logo":{"@type":"ImageObject","inLanguage":"es","@id":"https:\/\/www.cnbs.gob.hn\/educacionfinanciera\/#\/schema\/logo\/image\/","url":"https:\/\/www.cnbs.gob.hn\/educacionfinanciera\/wp-content\/uploads\/2020\/11\/Logo-CNBS-SOLO.png","contentUrl":"https:\/\/www.cnbs.gob.hn\/educacionfinanciera\/wp-content\/uploads\/2020\/11\/Logo-CNBS-SOLO.png","width":2250,"height":2250,"caption":"CNBS - GEIFG - Educaci\u00f3n Financiera"},"image":{"@id":"https:\/\/www.cnbs.gob.hn\/educacionfinanciera\/#\/schema\/logo\/image\/"}}]}},"_links":{"self":[{"href":"https:\/\/www.cnbs.gob.hn\/educacionfinanciera\/wp-json\/wp\/v2\/pages\/1857","targetHints":{"allow":["GET"]}}],"collection":[{"href":"https:\/\/www.cnbs.gob.hn\/educacionfinanciera\/wp-json\/wp\/v2\/pages"}],"about":[{"href":"https:\/\/www.cnbs.gob.hn\/educacionfinanciera\/wp-json\/wp\/v2\/types\/page"}],"author":[{"embeddable":true,"href":"https:\/\/www.cnbs.gob.hn\/educacionfinanciera\/wp-json\/wp\/v2\/users\/7"}],"replies":[{"embeddable":true,"href":"https:\/\/www.cnbs.gob.hn\/educacionfinanciera\/wp-json\/wp\/v2\/comments?post=1857"}],"version-history":[{"count":10,"href":"https:\/\/www.cnbs.gob.hn\/educacionfinanciera\/wp-json\/wp\/v2\/pages\/1857\/revisions"}],"predecessor-version":[{"id":1874,"href":"https:\/\/www.cnbs.gob.hn\/educacionfinanciera\/wp-json\/wp\/v2\/pages\/1857\/revisions\/1874"}],"wp:attachment":[{"href":"https:\/\/www.cnbs.gob.hn\/educacionfinanciera\/wp-json\/wp\/v2\/media?parent=1857"}],"curies":[{"name":"wp","href":"https:\/\/api.w.org\/{rel}","templated":true}]}}