{"id":279,"date":"2018-04-10T16:41:21","date_gmt":"2018-04-10T16:41:21","guid":{"rendered":"https:\/\/www.cnbs.gob.hn\/educacionfinanciera\/?page_id=279"},"modified":"2023-01-30T15:11:05","modified_gmt":"2023-01-30T21:11:05","slug":"identificando-como-compra-usted","status":"publish","type":"page","link":"https:\/\/www.cnbs.gob.hn\/educacionfinanciera\/el-presupuesto\/identificando-como-compra-usted\/","title":{"rendered":"Identificando c\u00f3mo compra usted"},"content":{"rendered":"\t\t<div data-elementor-type=\"wp-post\" data-elementor-id=\"279\" class=\"elementor elementor-279\" data-elementor-post-type=\"page\">\n\t\t\t\t\t\t<section class=\"elementor-section elementor-top-section elementor-element elementor-element-25fc9491 elementor-section-boxed elementor-section-height-default elementor-section-height-default\" data-id=\"25fc9491\" data-element_type=\"section\" data-e-type=\"section\">\n\t\t\t\t\t\t<div class=\"elementor-container elementor-column-gap-default\">\n\t\t\t\t\t<div class=\"elementor-column elementor-col-100 elementor-top-column elementor-element elementor-element-3cec0406\" data-id=\"3cec0406\" data-element_type=\"column\" data-e-type=\"column\">\n\t\t\t<div class=\"elementor-widget-wrap elementor-element-populated\">\n\t\t\t\t\t\t\t<\/div>\n\t\t<\/div>\n\t\t\t\t\t<\/div>\n\t\t<\/section>\n\t\t\t\t<section class=\"elementor-section elementor-top-section elementor-element elementor-element-3fda6a7 elementor-section-boxed elementor-section-height-default elementor-section-height-default\" data-id=\"3fda6a7\" data-element_type=\"section\" data-e-type=\"section\">\n\t\t\t\t\t\t<div class=\"elementor-container elementor-column-gap-default\">\n\t\t\t\t\t<div class=\"elementor-column elementor-col-33 elementor-top-column elementor-element elementor-element-7d2876d\" data-id=\"7d2876d\" data-element_type=\"column\" data-e-type=\"column\">\n\t\t\t<div class=\"elementor-widget-wrap elementor-element-populated\">\n\t\t\t\t\t\t<div class=\"elementor-element elementor-element-5a72fee elementor-view-default elementor-widget elementor-widget-icon\" data-id=\"5a72fee\" data-element_type=\"widget\" data-e-type=\"widget\" data-widget_type=\"icon.default\">\n\t\t\t\t<div class=\"elementor-widget-container\">\n\t\t\t\t\t\t\t<div class=\"elementor-icon-wrapper\">\n\t\t\t<div class=\"elementor-icon\">\n\t\t\t<i aria-hidden=\"true\" class=\"fas fa-star\"><\/i>\t\t\t<\/div>\n\t\t<\/div>\n\t\t\t\t\t\t<\/div>\n\t\t\t\t<\/div>\n\t\t\t\t\t<\/div>\n\t\t<\/div>\n\t\t\t\t<div class=\"elementor-column elementor-col-33 elementor-top-column elementor-element elementor-element-4c7938c\" data-id=\"4c7938c\" data-element_type=\"column\" data-e-type=\"column\">\n\t\t\t<div class=\"elementor-widget-wrap elementor-element-populated\">\n\t\t\t\t\t\t<div class=\"elementor-element elementor-element-87b1027 elementor-widget elementor-widget-text-editor\" data-id=\"87b1027\" data-element_type=\"widget\" data-e-type=\"widget\" data-widget_type=\"text-editor.default\">\n\t\t\t\t<div class=\"elementor-widget-container\">\n\t\t\t\t\t\t\t\t\t<h4 id=\"presupuesto9\">\u00bfSabe usted c\u00f3mo realiza sus compras?<\/h4><p class=\"just\">La forma en que gasta su dinero est\u00e1 relacionada en la manera en la que compra. Usted puede tener compras razonadas y compras impulsivas.<\/p><p class=\"just\">Cuando usted compra de forma razonada, usted est\u00e1 plenamente consciente porqu\u00e9 decidi\u00f3 adquirir ese producto, usted pudo haber definido con anterioridad esa compra. Otra forma de comprar de manera razonada, es cuando usted contempl\u00f3 adquirirlo previamente sin tener mucha seguridad del modelo, pero defini\u00f3 exactamente el producto en la tienda o comercio.<\/p><p class=\"just\">Las compras impulsivas como su nombre lo indica, se realizan sin mucho pensamiento o an\u00e1lisis, no se ha razonado previamente su adquisici\u00f3n, por lo que responden a un impulso.<\/p><p class=\"just\">Usted puede comprar de manera impulsiva, cuando por ejemplo estando en el supermercado record\u00f3 la necesidad de ese producto al verlo en el anaquel. Otra forma de compra impulsiva es aquella que realiza cuando no conoce un producto y al verlo expuesto decide probarlo. Por \u00faltimo, y tipificada como una adicci\u00f3n, est\u00e1n las compras impulsivas que realizan aquellas personas que llenan necesidades psicol\u00f3gicas por el mero hecho de comprar. Estas personas son adictas y necesitan ayuda profesional.<\/p><p class=\"just\">La mejor forma de comprar es aquella en la que usted analiza que productos realmente necesita, y que se ajusta a un presupuesto establecido; tener disciplina a la hora de comprar le ahorrar\u00e1 dinero y le permitir\u00e1 llegar a fin de mes con mayor tranquilidad.<\/p>\t\t\t\t\t\t\t\t<\/div>\n\t\t\t\t<\/div>\n\t\t\t\t<div class=\"elementor-element elementor-element-6d43a8c elementor-widget elementor-widget-image\" data-id=\"6d43a8c\" data-element_type=\"widget\" data-e-type=\"widget\" data-widget_type=\"image.default\">\n\t\t\t\t<div class=\"elementor-widget-container\">\n\t\t\t\t\t\t\t\t\t\t\t\t\t\t\t\t<a href=\"https:\/\/www.cnbs.gob.hn\/educacionfinanciera\/wp-content\/uploads\/2023\/01\/ComprasInteligentes_Navidad.png\" data-elementor-open-lightbox=\"yes\" data-elementor-lightbox-title=\"ComprasInteligentes_Navidad\" data-e-action-hash=\"#elementor-action%3Aaction%3Dlightbox%26settings%3DeyJpZCI6NDUyMywidXJsIjoiaHR0cHM6XC9cL3d3dy5jbmJzLmdvYi5oblwvZWR1Y2FjaW9uZmluYW5jaWVyYVwvd3AtY29udGVudFwvdXBsb2Fkc1wvMjAyM1wvMDFcL0NvbXByYXNJbnRlbGlnZW50ZXNfTmF2aWRhZC5wbmcifQ%3D%3D\">\n\t\t\t\t\t\t\t<img fetchpriority=\"high\" decoding=\"async\" width=\"1024\" height=\"735\" src=\"https:\/\/www.cnbs.gob.hn\/educacionfinanciera\/wp-content\/uploads\/2023\/01\/ComprasInteligentes_Navidad-1024x735.png\" class=\"attachment-large size-large wp-image-4523\" alt=\"\" srcset=\"https:\/\/www.cnbs.gob.hn\/educacionfinanciera\/wp-content\/uploads\/2023\/01\/ComprasInteligentes_Navidad-1024x735.png 1024w, https:\/\/www.cnbs.gob.hn\/educacionfinanciera\/wp-content\/uploads\/2023\/01\/ComprasInteligentes_Navidad-300x215.png 300w, https:\/\/www.cnbs.gob.hn\/educacionfinanciera\/wp-content\/uploads\/2023\/01\/ComprasInteligentes_Navidad-768x551.png 768w, https:\/\/www.cnbs.gob.hn\/educacionfinanciera\/wp-content\/uploads\/2023\/01\/ComprasInteligentes_Navidad-1536x1102.png 1536w, https:\/\/www.cnbs.gob.hn\/educacionfinanciera\/wp-content\/uploads\/2023\/01\/ComprasInteligentes_Navidad-2048x1469.png 2048w, https:\/\/www.cnbs.gob.hn\/educacionfinanciera\/wp-content\/uploads\/2023\/01\/ComprasInteligentes_Navidad-204x146.png 204w, https:\/\/www.cnbs.gob.hn\/educacionfinanciera\/wp-content\/uploads\/2023\/01\/ComprasInteligentes_Navidad-50x36.png 50w, https:\/\/www.cnbs.gob.hn\/educacionfinanciera\/wp-content\/uploads\/2023\/01\/ComprasInteligentes_Navidad-105x75.png 105w\" sizes=\"(max-width:767px) 480px, (max-width:1024px) 100vw, 1024px\" \/>\t\t\t\t\t\t\t\t<\/a>\n\t\t\t\t\t\t\t\t\t\t\t\t\t\t\t<\/div>\n\t\t\t\t<\/div>\n\t\t\t\t\t<\/div>\n\t\t<\/div>\n\t\t\t\t<div class=\"elementor-column elementor-col-33 elementor-top-column elementor-element elementor-element-7a805fe\" data-id=\"7a805fe\" data-element_type=\"column\" data-e-type=\"column\">\n\t\t\t<div class=\"elementor-widget-wrap elementor-element-populated\">\n\t\t\t\t\t\t<div class=\"elementor-element elementor-element-cf6a246 elementor-widget elementor-widget-image\" data-id=\"cf6a246\" data-element_type=\"widget\" data-e-type=\"widget\" data-widget_type=\"image.default\">\n\t\t\t\t<div class=\"elementor-widget-container\">\n\t\t\t\t\t\t\t\t\t\t\t\t\t\t\t<img decoding=\"async\" width=\"600\" height=\"400\" src=\"https:\/\/www.cnbs.gob.hn\/educacionfinanciera\/wp-content\/uploads\/2018\/04\/identificando-como-compra.jpg\" class=\"attachment-large size-large wp-image-518\" alt=\"\" srcset=\"https:\/\/www.cnbs.gob.hn\/educacionfinanciera\/wp-content\/uploads\/2018\/04\/identificando-como-compra.jpg 600w, https:\/\/www.cnbs.gob.hn\/educacionfinanciera\/wp-content\/uploads\/2018\/04\/identificando-como-compra-300x200.jpg 300w, https:\/\/www.cnbs.gob.hn\/educacionfinanciera\/wp-content\/uploads\/2018\/04\/identificando-como-compra-219x146.jpg 219w, https:\/\/www.cnbs.gob.hn\/educacionfinanciera\/wp-content\/uploads\/2018\/04\/identificando-como-compra-50x33.jpg 50w, https:\/\/www.cnbs.gob.hn\/educacionfinanciera\/wp-content\/uploads\/2018\/04\/identificando-como-compra-113x75.jpg 113w\" sizes=\"(max-width:767px) 480px, 600px\" \/>\t\t\t\t\t\t\t\t\t\t\t\t\t\t\t<\/div>\n\t\t\t\t<\/div>\n\t\t\t\t\t<\/div>\n\t\t<\/div>\n\t\t\t\t\t<\/div>\n\t\t<\/section>\n\t\t\t\t<\/div>\n\t\t","protected":false},"excerpt":{"rendered":"<p>\u00bfSabe usted c\u00f3mo realiza sus compras? La forma en que gasta su dinero est\u00e1 relacionada en la manera en la que compra. Usted puede tener compras<span class=\"excerpt-hellip\"> [\u2026]<\/span><\/p>\n","protected":false},"author":1,"featured_media":0,"parent":234,"menu_order":0,"comment_status":"closed","ping_status":"closed","template":"","meta":{"footnotes":""},"class_list":["post-279","page","type-page","status-publish","hentry"],"yoast_head":"<!-- This site is optimized with the Yoast SEO plugin v27.3 - https:\/\/yoast.com\/product\/yoast-seo-wordpress\/ -->\n<title>Identificando c\u00f3mo compra usted - CNBS - GEIFG - Educaci\u00f3n Financiera<\/title>\n<meta name=\"robots\" content=\"index, follow, max-snippet:-1, max-image-preview:large, max-video-preview:-1\" \/>\n<link rel=\"canonical\" href=\"https:\/\/www.cnbs.gob.hn\/educacionfinanciera\/el-presupuesto\/identificando-como-compra-usted\/\" \/>\n<meta property=\"og:locale\" content=\"es_ES\" \/>\n<meta property=\"og:type\" content=\"article\" \/>\n<meta property=\"og:title\" content=\"Identificando c\u00f3mo compra usted - CNBS - GEIFG - Educaci\u00f3n Financiera\" \/>\n<meta property=\"og:description\" content=\"\u00bfSabe usted c\u00f3mo realiza sus compras? La forma en que gasta su dinero est\u00e1 relacionada en la manera en la que compra. Usted puede tener compras [\u2026]\" \/>\n<meta property=\"og:url\" content=\"https:\/\/www.cnbs.gob.hn\/educacionfinanciera\/el-presupuesto\/identificando-como-compra-usted\/\" \/>\n<meta property=\"og:site_name\" content=\"CNBS - GEIFG - Educaci\u00f3n Financiera\" \/>\n<meta property=\"article:modified_time\" content=\"2023-01-30T21:11:05+00:00\" \/>\n<meta property=\"og:image\" content=\"https:\/\/www.cnbs.gob.hn\/educacionfinanciera\/wp-content\/uploads\/2023\/01\/ComprasInteligentes_Navidad-1024x735.png\" \/>\n<meta name=\"twitter:card\" content=\"summary_large_image\" \/>\n<meta name=\"twitter:label1\" content=\"Tiempo de lectura\" \/>\n\t<meta name=\"twitter:data1\" content=\"1 minuto\" \/>\n<script type=\"application\/ld+json\" class=\"yoast-schema-graph\">{\"@context\":\"https:\\\/\\\/schema.org\",\"@graph\":[{\"@type\":\"WebPage\",\"@id\":\"https:\\\/\\\/www.cnbs.gob.hn\\\/educacionfinanciera\\\/el-presupuesto\\\/identificando-como-compra-usted\\\/\",\"url\":\"https:\\\/\\\/www.cnbs.gob.hn\\\/educacionfinanciera\\\/el-presupuesto\\\/identificando-como-compra-usted\\\/\",\"name\":\"Identificando c\u00f3mo compra usted - CNBS - GEIFG - Educaci\u00f3n Financiera\",\"isPartOf\":{\"@id\":\"https:\\\/\\\/www.cnbs.gob.hn\\\/educacionfinanciera\\\/#website\"},\"primaryImageOfPage\":{\"@id\":\"https:\\\/\\\/www.cnbs.gob.hn\\\/educacionfinanciera\\\/el-presupuesto\\\/identificando-como-compra-usted\\\/#primaryimage\"},\"image\":{\"@id\":\"https:\\\/\\\/www.cnbs.gob.hn\\\/educacionfinanciera\\\/el-presupuesto\\\/identificando-como-compra-usted\\\/#primaryimage\"},\"thumbnailUrl\":\"https:\\\/\\\/www.cnbs.gob.hn\\\/educacionfinanciera\\\/wp-content\\\/uploads\\\/2023\\\/01\\\/ComprasInteligentes_Navidad-1024x735.png\",\"datePublished\":\"2018-04-10T16:41:21+00:00\",\"dateModified\":\"2023-01-30T21:11:05+00:00\",\"breadcrumb\":{\"@id\":\"https:\\\/\\\/www.cnbs.gob.hn\\\/educacionfinanciera\\\/el-presupuesto\\\/identificando-como-compra-usted\\\/#breadcrumb\"},\"inLanguage\":\"es\",\"potentialAction\":[{\"@type\":\"ReadAction\",\"target\":[\"https:\\\/\\\/www.cnbs.gob.hn\\\/educacionfinanciera\\\/el-presupuesto\\\/identificando-como-compra-usted\\\/\"]}]},{\"@type\":\"ImageObject\",\"inLanguage\":\"es\",\"@id\":\"https:\\\/\\\/www.cnbs.gob.hn\\\/educacionfinanciera\\\/el-presupuesto\\\/identificando-como-compra-usted\\\/#primaryimage\",\"url\":\"https:\\\/\\\/www.cnbs.gob.hn\\\/educacionfinanciera\\\/wp-content\\\/uploads\\\/2023\\\/01\\\/ComprasInteligentes_Navidad.png\",\"contentUrl\":\"https:\\\/\\\/www.cnbs.gob.hn\\\/educacionfinanciera\\\/wp-content\\\/uploads\\\/2023\\\/01\\\/ComprasInteligentes_Navidad.png\",\"width\":5384,\"height\":3862},{\"@type\":\"BreadcrumbList\",\"@id\":\"https:\\\/\\\/www.cnbs.gob.hn\\\/educacionfinanciera\\\/el-presupuesto\\\/identificando-como-compra-usted\\\/#breadcrumb\",\"itemListElement\":[{\"@type\":\"ListItem\",\"position\":1,\"name\":\"Home\",\"item\":\"https:\\\/\\\/www.cnbs.gob.hn\\\/educacionfinanciera\\\/\"},{\"@type\":\"ListItem\",\"position\":2,\"name\":\"El Presupuesto\",\"item\":\"https:\\\/\\\/www.cnbs.gob.hn\\\/educacionfinanciera\\\/el-presupuesto\\\/\"},{\"@type\":\"ListItem\",\"position\":3,\"name\":\"Identificando c\u00f3mo compra usted\"}]},{\"@type\":\"WebSite\",\"@id\":\"https:\\\/\\\/www.cnbs.gob.hn\\\/educacionfinanciera\\\/#website\",\"url\":\"https:\\\/\\\/www.cnbs.gob.hn\\\/educacionfinanciera\\\/\",\"name\":\"CNBS - GEIFG - Educaci\u00f3n Financiera\",\"description\":\"\",\"publisher\":{\"@id\":\"https:\\\/\\\/www.cnbs.gob.hn\\\/educacionfinanciera\\\/#organization\"},\"potentialAction\":[{\"@type\":\"SearchAction\",\"target\":{\"@type\":\"EntryPoint\",\"urlTemplate\":\"https:\\\/\\\/www.cnbs.gob.hn\\\/educacionfinanciera\\\/?s={search_term_string}\"},\"query-input\":{\"@type\":\"PropertyValueSpecification\",\"valueRequired\":true,\"valueName\":\"search_term_string\"}}],\"inLanguage\":\"es\"},{\"@type\":\"Organization\",\"@id\":\"https:\\\/\\\/www.cnbs.gob.hn\\\/educacionfinanciera\\\/#organization\",\"name\":\"CNBS - GEIFG - Educaci\u00f3n Financiera\",\"url\":\"https:\\\/\\\/www.cnbs.gob.hn\\\/educacionfinanciera\\\/\",\"logo\":{\"@type\":\"ImageObject\",\"inLanguage\":\"es\",\"@id\":\"https:\\\/\\\/www.cnbs.gob.hn\\\/educacionfinanciera\\\/#\\\/schema\\\/logo\\\/image\\\/\",\"url\":\"https:\\\/\\\/www.cnbs.gob.hn\\\/educacionfinanciera\\\/wp-content\\\/uploads\\\/2020\\\/11\\\/Logo-CNBS-SOLO.png\",\"contentUrl\":\"https:\\\/\\\/www.cnbs.gob.hn\\\/educacionfinanciera\\\/wp-content\\\/uploads\\\/2020\\\/11\\\/Logo-CNBS-SOLO.png\",\"width\":2250,\"height\":2250,\"caption\":\"CNBS - GEIFG - Educaci\u00f3n Financiera\"},\"image\":{\"@id\":\"https:\\\/\\\/www.cnbs.gob.hn\\\/educacionfinanciera\\\/#\\\/schema\\\/logo\\\/image\\\/\"}}]}<\/script>\n<!-- \/ Yoast SEO plugin. -->","yoast_head_json":{"title":"Identificando c\u00f3mo compra usted - CNBS - GEIFG - Educaci\u00f3n Financiera","robots":{"index":"index","follow":"follow","max-snippet":"max-snippet:-1","max-image-preview":"max-image-preview:large","max-video-preview":"max-video-preview:-1"},"canonical":"https:\/\/www.cnbs.gob.hn\/educacionfinanciera\/el-presupuesto\/identificando-como-compra-usted\/","og_locale":"es_ES","og_type":"article","og_title":"Identificando c\u00f3mo compra usted - CNBS - GEIFG - Educaci\u00f3n Financiera","og_description":"\u00bfSabe usted c\u00f3mo realiza sus compras? La forma en que gasta su dinero est\u00e1 relacionada en la manera en la que compra. Usted puede tener compras [\u2026]","og_url":"https:\/\/www.cnbs.gob.hn\/educacionfinanciera\/el-presupuesto\/identificando-como-compra-usted\/","og_site_name":"CNBS - GEIFG - Educaci\u00f3n Financiera","article_modified_time":"2023-01-30T21:11:05+00:00","og_image":[{"url":"https:\/\/www.cnbs.gob.hn\/educacionfinanciera\/wp-content\/uploads\/2023\/01\/ComprasInteligentes_Navidad-1024x735.png","type":"","width":"","height":""}],"twitter_card":"summary_large_image","twitter_misc":{"Tiempo de lectura":"1 minuto"},"schema":{"@context":"https:\/\/schema.org","@graph":[{"@type":"WebPage","@id":"https:\/\/www.cnbs.gob.hn\/educacionfinanciera\/el-presupuesto\/identificando-como-compra-usted\/","url":"https:\/\/www.cnbs.gob.hn\/educacionfinanciera\/el-presupuesto\/identificando-como-compra-usted\/","name":"Identificando c\u00f3mo compra usted - CNBS - GEIFG - Educaci\u00f3n Financiera","isPartOf":{"@id":"https:\/\/www.cnbs.gob.hn\/educacionfinanciera\/#website"},"primaryImageOfPage":{"@id":"https:\/\/www.cnbs.gob.hn\/educacionfinanciera\/el-presupuesto\/identificando-como-compra-usted\/#primaryimage"},"image":{"@id":"https:\/\/www.cnbs.gob.hn\/educacionfinanciera\/el-presupuesto\/identificando-como-compra-usted\/#primaryimage"},"thumbnailUrl":"https:\/\/www.cnbs.gob.hn\/educacionfinanciera\/wp-content\/uploads\/2023\/01\/ComprasInteligentes_Navidad-1024x735.png","datePublished":"2018-04-10T16:41:21+00:00","dateModified":"2023-01-30T21:11:05+00:00","breadcrumb":{"@id":"https:\/\/www.cnbs.gob.hn\/educacionfinanciera\/el-presupuesto\/identificando-como-compra-usted\/#breadcrumb"},"inLanguage":"es","potentialAction":[{"@type":"ReadAction","target":["https:\/\/www.cnbs.gob.hn\/educacionfinanciera\/el-presupuesto\/identificando-como-compra-usted\/"]}]},{"@type":"ImageObject","inLanguage":"es","@id":"https:\/\/www.cnbs.gob.hn\/educacionfinanciera\/el-presupuesto\/identificando-como-compra-usted\/#primaryimage","url":"https:\/\/www.cnbs.gob.hn\/educacionfinanciera\/wp-content\/uploads\/2023\/01\/ComprasInteligentes_Navidad.png","contentUrl":"https:\/\/www.cnbs.gob.hn\/educacionfinanciera\/wp-content\/uploads\/2023\/01\/ComprasInteligentes_Navidad.png","width":5384,"height":3862},{"@type":"BreadcrumbList","@id":"https:\/\/www.cnbs.gob.hn\/educacionfinanciera\/el-presupuesto\/identificando-como-compra-usted\/#breadcrumb","itemListElement":[{"@type":"ListItem","position":1,"name":"Home","item":"https:\/\/www.cnbs.gob.hn\/educacionfinanciera\/"},{"@type":"ListItem","position":2,"name":"El Presupuesto","item":"https:\/\/www.cnbs.gob.hn\/educacionfinanciera\/el-presupuesto\/"},{"@type":"ListItem","position":3,"name":"Identificando c\u00f3mo compra usted"}]},{"@type":"WebSite","@id":"https:\/\/www.cnbs.gob.hn\/educacionfinanciera\/#website","url":"https:\/\/www.cnbs.gob.hn\/educacionfinanciera\/","name":"CNBS - GEIFG - Educaci\u00f3n Financiera","description":"","publisher":{"@id":"https:\/\/www.cnbs.gob.hn\/educacionfinanciera\/#organization"},"potentialAction":[{"@type":"SearchAction","target":{"@type":"EntryPoint","urlTemplate":"https:\/\/www.cnbs.gob.hn\/educacionfinanciera\/?s={search_term_string}"},"query-input":{"@type":"PropertyValueSpecification","valueRequired":true,"valueName":"search_term_string"}}],"inLanguage":"es"},{"@type":"Organization","@id":"https:\/\/www.cnbs.gob.hn\/educacionfinanciera\/#organization","name":"CNBS - GEIFG - Educaci\u00f3n Financiera","url":"https:\/\/www.cnbs.gob.hn\/educacionfinanciera\/","logo":{"@type":"ImageObject","inLanguage":"es","@id":"https:\/\/www.cnbs.gob.hn\/educacionfinanciera\/#\/schema\/logo\/image\/","url":"https:\/\/www.cnbs.gob.hn\/educacionfinanciera\/wp-content\/uploads\/2020\/11\/Logo-CNBS-SOLO.png","contentUrl":"https:\/\/www.cnbs.gob.hn\/educacionfinanciera\/wp-content\/uploads\/2020\/11\/Logo-CNBS-SOLO.png","width":2250,"height":2250,"caption":"CNBS - GEIFG - Educaci\u00f3n Financiera"},"image":{"@id":"https:\/\/www.cnbs.gob.hn\/educacionfinanciera\/#\/schema\/logo\/image\/"}}]}},"_links":{"self":[{"href":"https:\/\/www.cnbs.gob.hn\/educacionfinanciera\/wp-json\/wp\/v2\/pages\/279","targetHints":{"allow":["GET"]}}],"collection":[{"href":"https:\/\/www.cnbs.gob.hn\/educacionfinanciera\/wp-json\/wp\/v2\/pages"}],"about":[{"href":"https:\/\/www.cnbs.gob.hn\/educacionfinanciera\/wp-json\/wp\/v2\/types\/page"}],"author":[{"embeddable":true,"href":"https:\/\/www.cnbs.gob.hn\/educacionfinanciera\/wp-json\/wp\/v2\/users\/1"}],"replies":[{"embeddable":true,"href":"https:\/\/www.cnbs.gob.hn\/educacionfinanciera\/wp-json\/wp\/v2\/comments?post=279"}],"version-history":[{"count":27,"href":"https:\/\/www.cnbs.gob.hn\/educacionfinanciera\/wp-json\/wp\/v2\/pages\/279\/revisions"}],"predecessor-version":[{"id":4526,"href":"https:\/\/www.cnbs.gob.hn\/educacionfinanciera\/wp-json\/wp\/v2\/pages\/279\/revisions\/4526"}],"up":[{"embeddable":true,"href":"https:\/\/www.cnbs.gob.hn\/educacionfinanciera\/wp-json\/wp\/v2\/pages\/234"}],"wp:attachment":[{"href":"https:\/\/www.cnbs.gob.hn\/educacionfinanciera\/wp-json\/wp\/v2\/media?parent=279"}],"curies":[{"name":"wp","href":"https:\/\/api.w.org\/{rel}","templated":true}]}}