{"id":388,"date":"2018-04-11T18:26:41","date_gmt":"2018-04-11T18:26:41","guid":{"rendered":"https:\/\/www.cnbs.gob.hn\/educacionfinanciera\/?page_id=388"},"modified":"2023-07-11T10:31:55","modified_gmt":"2023-07-11T16:31:55","slug":"presupuesto-en-casos-especiales-de-la-vida","status":"publish","type":"page","link":"https:\/\/www.cnbs.gob.hn\/educacionfinanciera\/el-presupuesto\/presupuesto-en-casos-especiales-de-la-vida\/","title":{"rendered":"Presupuesto en casos especiales de la vida"},"content":{"rendered":"\t\t<div data-elementor-type=\"wp-post\" data-elementor-id=\"388\" class=\"elementor elementor-388\" data-elementor-post-type=\"page\">\n\t\t\t\t\t\t<section class=\"elementor-section elementor-top-section elementor-element elementor-element-2efa0247 elementor-section-boxed elementor-section-height-default elementor-section-height-default\" data-id=\"2efa0247\" data-element_type=\"section\" data-e-type=\"section\">\n\t\t\t\t\t\t<div class=\"elementor-container elementor-column-gap-default\">\n\t\t\t\t\t<div class=\"elementor-column elementor-col-33 elementor-top-column elementor-element elementor-element-1eed9a8a\" data-id=\"1eed9a8a\" data-element_type=\"column\" data-e-type=\"column\">\n\t\t\t<div class=\"elementor-widget-wrap elementor-element-populated\">\n\t\t\t\t\t\t<div class=\"elementor-element elementor-element-3ae8aee elementor-view-default elementor-widget elementor-widget-icon\" data-id=\"3ae8aee\" data-element_type=\"widget\" data-e-type=\"widget\" data-widget_type=\"icon.default\">\n\t\t\t\t<div class=\"elementor-widget-container\">\n\t\t\t\t\t\t\t<div class=\"elementor-icon-wrapper\">\n\t\t\t<div class=\"elementor-icon\">\n\t\t\t\t\t\t\t<i class=\"fa fa-medkit\" aria-hidden=\"true\"><\/i>\n\t\t\t\t\t\t<\/div>\n\t\t<\/div>\n\t\t\t\t\t\t<\/div>\n\t\t\t\t<\/div>\n\t\t\t\t\t<\/div>\n\t\t<\/div>\n\t\t\t\t<div class=\"elementor-column elementor-col-33 elementor-top-column elementor-element elementor-element-5a31bec\" data-id=\"5a31bec\" data-element_type=\"column\" data-e-type=\"column\">\n\t\t\t<div class=\"elementor-widget-wrap elementor-element-populated\">\n\t\t\t\t\t\t<div class=\"elementor-element elementor-element-2dd87eab elementor-widget elementor-widget-text-editor\" data-id=\"2dd87eab\" data-element_type=\"widget\" data-e-type=\"widget\" data-widget_type=\"text-editor.default\">\n\t\t\t\t<div class=\"elementor-widget-container\">\n\t\t\t\t\t\t\t\t\t<p style=\"text-indent: 0px;\"><span style=\"font-size: 1.52em;\">\u00bfSe enferm\u00f3 y necesita un presupuesto especial?<\/span><\/p><p class=\"just\">Si usted est\u00e1 demasiado enfermo para trabajar, su situaci\u00f3n financiera puede cambiar r\u00e1pidamente, es necesario revisar r\u00e1pidamente su presupuesto.<\/p><p><span style=\"text-indent: 0em;\">Tan pronto como sea posible cuando usted se enferma, piense en c\u00f3mo esto podr\u00eda afectar sus finanzas. Usted puede estar de baja laboral por un tiempo, o tal vez no pueda volver a trabajar. Sea lo que sea, revisar su presupuesto y tratar de asegurarse de que no est\u00e1 gastando m\u00e1s de lo que ingresa &#8211; m\u00e1s temprano que tarde.<\/span><\/p><h4 id=\"presupuesto34\">\u00bfQu\u00e9 puede hacer para hacer frente a una p\u00e9rdida de sus ingresos?<\/h4><p class=\"just\">Un presupuesto no es m\u00e1s que una lista de todos sus ingresos y gastos por ello al perder sus ingresos debe procurar cuanto antes recortar algunos gastos.<\/p><p class=\"just\">Despu\u00e9s de haber perdido su trabajo, su ingreso ser\u00e1 menor. Calcule que gasto se puede recortar para asegurarse de no gastar m\u00e1s de su ingreso total del hogar. Si usted ha sido ordenado con su presupuesto, deber\u00eda tener un ahorro con el cu\u00e1l puede mantenerse mientras encuentra uno nuevo.<\/p><p class=\"just\">Usted tambi\u00e9n puede ahorrar en lo esencial, como las facturas de energ\u00eda y compras innecesarias, ahorro en servicios p\u00fablicos y las facturas de tel\u00e9fono, etc.<\/p><p class=\"just\">\u00a0<\/p>\t\t\t\t\t\t\t\t<\/div>\n\t\t\t\t<\/div>\n\t\t\t\t\t<\/div>\n\t\t<\/div>\n\t\t\t\t<div class=\"elementor-column elementor-col-33 elementor-top-column elementor-element elementor-element-9a82ca3\" data-id=\"9a82ca3\" data-element_type=\"column\" data-e-type=\"column\">\n\t\t\t<div class=\"elementor-widget-wrap elementor-element-populated\">\n\t\t\t\t\t\t<div class=\"elementor-element elementor-element-c14291c elementor-widget elementor-widget-image\" data-id=\"c14291c\" data-element_type=\"widget\" data-e-type=\"widget\" data-widget_type=\"image.default\">\n\t\t\t\t<div class=\"elementor-widget-container\">\n\t\t\t\t\t\t\t\t\t\t\t\t\t\t\t<img decoding=\"async\" src=\"https:\/\/www.cnbs.gob.hn\/educacionfinanciera\/wp-content\/uploads\/elementor\/thumbs\/Controlando-su-situacion-financiera-q99jd2ixsh65j3987csoi7lqxoruazzrfhhkj85fvk.jpg\" alt=\"Business construction site with cranes building word PLAN. Little builders, engineers and architect working as a team. Modern flat style concept vector illustration isolated on white background.\" \/>\t\t\t\t\t\t\t\t\t\t\t\t\t\t\t<\/div>\n\t\t\t\t<\/div>\n\t\t\t\t<div class=\"elementor-element elementor-element-de03523 elementor-widget elementor-widget-image\" data-id=\"de03523\" data-element_type=\"widget\" data-e-type=\"widget\" data-widget_type=\"image.default\">\n\t\t\t\t<div class=\"elementor-widget-container\">\n\t\t\t\t\t\t\t\t\t\t\t\t\t\t\t\t<a href=\"https:\/\/www.cnbs.gob.hn\/educacionfinanciera\/wp-content\/uploads\/2023\/01\/Presupuesto_Con_Regla.png\" data-elementor-open-lightbox=\"yes\" data-elementor-lightbox-title=\"Presupuesto_Con_Regla\" data-e-action-hash=\"#elementor-action%3Aaction%3Dlightbox%26settings%3DeyJpZCI6NDU0MSwidXJsIjoiaHR0cHM6XC9cL3d3dy5jbmJzLmdvYi5oblwvZWR1Y2FjaW9uZmluYW5jaWVyYVwvd3AtY29udGVudFwvdXBsb2Fkc1wvMjAyM1wvMDFcL1ByZXN1cHVlc3RvX0Nvbl9SZWdsYS5wbmcifQ%3D%3D\">\n\t\t\t\t\t\t\t<img fetchpriority=\"high\" decoding=\"async\" width=\"808\" height=\"1024\" src=\"https:\/\/www.cnbs.gob.hn\/educacionfinanciera\/wp-content\/uploads\/2023\/01\/Presupuesto_Con_Regla-808x1024.png\" class=\"attachment-large size-large wp-image-4541\" alt=\"\" srcset=\"https:\/\/www.cnbs.gob.hn\/educacionfinanciera\/wp-content\/uploads\/2023\/01\/Presupuesto_Con_Regla-808x1024.png 808w, https:\/\/www.cnbs.gob.hn\/educacionfinanciera\/wp-content\/uploads\/2023\/01\/Presupuesto_Con_Regla-237x300.png 237w, https:\/\/www.cnbs.gob.hn\/educacionfinanciera\/wp-content\/uploads\/2023\/01\/Presupuesto_Con_Regla-768x973.png 768w, https:\/\/www.cnbs.gob.hn\/educacionfinanciera\/wp-content\/uploads\/2023\/01\/Presupuesto_Con_Regla-1212x1536.png 1212w, https:\/\/www.cnbs.gob.hn\/educacionfinanciera\/wp-content\/uploads\/2023\/01\/Presupuesto_Con_Regla-1616x2048.png 1616w, https:\/\/www.cnbs.gob.hn\/educacionfinanciera\/wp-content\/uploads\/2023\/01\/Presupuesto_Con_Regla-115x146.png 115w, https:\/\/www.cnbs.gob.hn\/educacionfinanciera\/wp-content\/uploads\/2023\/01\/Presupuesto_Con_Regla-39x50.png 39w, https:\/\/www.cnbs.gob.hn\/educacionfinanciera\/wp-content\/uploads\/2023\/01\/Presupuesto_Con_Regla-59x75.png 59w\" sizes=\"(max-width:767px) 480px, (max-width:808px) 100vw, 808px\" \/>\t\t\t\t\t\t\t\t<\/a>\n\t\t\t\t\t\t\t\t\t\t\t\t\t\t\t<\/div>\n\t\t\t\t<\/div>\n\t\t\t\t\t<\/div>\n\t\t<\/div>\n\t\t\t\t\t<\/div>\n\t\t<\/section>\n\t\t\t\t<\/div>\n\t\t","protected":false},"excerpt":{"rendered":"<p>\u00bfSe enferm\u00f3 y necesita un presupuesto especial? Si usted est\u00e1 demasiado enfermo para trabajar, su situaci\u00f3n financiera puede cambiar r\u00e1pidamente, es necesario revisar r\u00e1pidamente su presupuesto.<span class=\"excerpt-hellip\"> [\u2026]<\/span><\/p>\n","protected":false},"author":1,"featured_media":0,"parent":234,"menu_order":0,"comment_status":"closed","ping_status":"closed","template":"","meta":{"footnotes":""},"class_list":["post-388","page","type-page","status-publish","hentry"],"yoast_head":"<!-- This site is optimized with the Yoast SEO plugin v27.3 - https:\/\/yoast.com\/product\/yoast-seo-wordpress\/ -->\n<title>Presupuesto en casos especiales de la vida - CNBS - GEIFG - Educaci\u00f3n Financiera<\/title>\n<meta name=\"robots\" content=\"index, follow, max-snippet:-1, max-image-preview:large, max-video-preview:-1\" \/>\n<link rel=\"canonical\" href=\"https:\/\/www.cnbs.gob.hn\/educacionfinanciera\/el-presupuesto\/presupuesto-en-casos-especiales-de-la-vida\/\" \/>\n<meta property=\"og:locale\" content=\"es_ES\" \/>\n<meta property=\"og:type\" content=\"article\" \/>\n<meta property=\"og:title\" content=\"Presupuesto en casos especiales de la vida - CNBS - GEIFG - Educaci\u00f3n Financiera\" \/>\n<meta property=\"og:description\" content=\"\u00bfSe enferm\u00f3 y necesita un presupuesto especial? Si usted est\u00e1 demasiado enfermo para trabajar, su situaci\u00f3n financiera puede cambiar r\u00e1pidamente, es necesario revisar r\u00e1pidamente su presupuesto. [\u2026]\" \/>\n<meta property=\"og:url\" content=\"https:\/\/www.cnbs.gob.hn\/educacionfinanciera\/el-presupuesto\/presupuesto-en-casos-especiales-de-la-vida\/\" \/>\n<meta property=\"og:site_name\" content=\"CNBS - GEIFG - Educaci\u00f3n Financiera\" \/>\n<meta property=\"article:modified_time\" content=\"2023-07-11T16:31:55+00:00\" \/>\n<meta property=\"og:image\" content=\"https:\/\/www.cnbs.gob.hn\/educacionfinanciera\/wp-content\/uploads\/elementor\/thumbs\/Controlando-su-situacion-financiera-q99jd2ixsh65j3987csoi7lqxoruazzrfhhkj85fvk.jpg\" \/>\n<meta name=\"twitter:card\" content=\"summary_large_image\" \/>\n<meta name=\"twitter:label1\" content=\"Tiempo de lectura\" \/>\n\t<meta name=\"twitter:data1\" content=\"1 minuto\" \/>\n<script type=\"application\/ld+json\" class=\"yoast-schema-graph\">{\"@context\":\"https:\\\/\\\/schema.org\",\"@graph\":[{\"@type\":\"WebPage\",\"@id\":\"https:\\\/\\\/www.cnbs.gob.hn\\\/educacionfinanciera\\\/el-presupuesto\\\/presupuesto-en-casos-especiales-de-la-vida\\\/\",\"url\":\"https:\\\/\\\/www.cnbs.gob.hn\\\/educacionfinanciera\\\/el-presupuesto\\\/presupuesto-en-casos-especiales-de-la-vida\\\/\",\"name\":\"Presupuesto en casos especiales de la vida - CNBS - GEIFG - Educaci\u00f3n Financiera\",\"isPartOf\":{\"@id\":\"https:\\\/\\\/www.cnbs.gob.hn\\\/educacionfinanciera\\\/#website\"},\"primaryImageOfPage\":{\"@id\":\"https:\\\/\\\/www.cnbs.gob.hn\\\/educacionfinanciera\\\/el-presupuesto\\\/presupuesto-en-casos-especiales-de-la-vida\\\/#primaryimage\"},\"image\":{\"@id\":\"https:\\\/\\\/www.cnbs.gob.hn\\\/educacionfinanciera\\\/el-presupuesto\\\/presupuesto-en-casos-especiales-de-la-vida\\\/#primaryimage\"},\"thumbnailUrl\":\"https:\\\/\\\/www.cnbs.gob.hn\\\/educacionfinanciera\\\/wp-content\\\/uploads\\\/elementor\\\/thumbs\\\/Controlando-su-situacion-financiera-q99jd2ixsh65j3987csoi7lqxoruazzrfhhkj85fvk.jpg\",\"datePublished\":\"2018-04-11T18:26:41+00:00\",\"dateModified\":\"2023-07-11T16:31:55+00:00\",\"breadcrumb\":{\"@id\":\"https:\\\/\\\/www.cnbs.gob.hn\\\/educacionfinanciera\\\/el-presupuesto\\\/presupuesto-en-casos-especiales-de-la-vida\\\/#breadcrumb\"},\"inLanguage\":\"es\",\"potentialAction\":[{\"@type\":\"ReadAction\",\"target\":[\"https:\\\/\\\/www.cnbs.gob.hn\\\/educacionfinanciera\\\/el-presupuesto\\\/presupuesto-en-casos-especiales-de-la-vida\\\/\"]}]},{\"@type\":\"ImageObject\",\"inLanguage\":\"es\",\"@id\":\"https:\\\/\\\/www.cnbs.gob.hn\\\/educacionfinanciera\\\/el-presupuesto\\\/presupuesto-en-casos-especiales-de-la-vida\\\/#primaryimage\",\"url\":\"https:\\\/\\\/www.cnbs.gob.hn\\\/educacionfinanciera\\\/wp-content\\\/uploads\\\/elementor\\\/thumbs\\\/Controlando-su-situacion-financiera-q99jd2ixsh65j3987csoi7lqxoruazzrfhhkj85fvk.jpg\",\"contentUrl\":\"https:\\\/\\\/www.cnbs.gob.hn\\\/educacionfinanciera\\\/wp-content\\\/uploads\\\/elementor\\\/thumbs\\\/Controlando-su-situacion-financiera-q99jd2ixsh65j3987csoi7lqxoruazzrfhhkj85fvk.jpg\"},{\"@type\":\"BreadcrumbList\",\"@id\":\"https:\\\/\\\/www.cnbs.gob.hn\\\/educacionfinanciera\\\/el-presupuesto\\\/presupuesto-en-casos-especiales-de-la-vida\\\/#breadcrumb\",\"itemListElement\":[{\"@type\":\"ListItem\",\"position\":1,\"name\":\"Home\",\"item\":\"https:\\\/\\\/www.cnbs.gob.hn\\\/educacionfinanciera\\\/\"},{\"@type\":\"ListItem\",\"position\":2,\"name\":\"El Presupuesto\",\"item\":\"https:\\\/\\\/www.cnbs.gob.hn\\\/educacionfinanciera\\\/el-presupuesto\\\/\"},{\"@type\":\"ListItem\",\"position\":3,\"name\":\"Presupuesto en casos especiales de la vida\"}]},{\"@type\":\"WebSite\",\"@id\":\"https:\\\/\\\/www.cnbs.gob.hn\\\/educacionfinanciera\\\/#website\",\"url\":\"https:\\\/\\\/www.cnbs.gob.hn\\\/educacionfinanciera\\\/\",\"name\":\"CNBS - GEIFG - Educaci\u00f3n Financiera\",\"description\":\"\",\"publisher\":{\"@id\":\"https:\\\/\\\/www.cnbs.gob.hn\\\/educacionfinanciera\\\/#organization\"},\"potentialAction\":[{\"@type\":\"SearchAction\",\"target\":{\"@type\":\"EntryPoint\",\"urlTemplate\":\"https:\\\/\\\/www.cnbs.gob.hn\\\/educacionfinanciera\\\/?s={search_term_string}\"},\"query-input\":{\"@type\":\"PropertyValueSpecification\",\"valueRequired\":true,\"valueName\":\"search_term_string\"}}],\"inLanguage\":\"es\"},{\"@type\":\"Organization\",\"@id\":\"https:\\\/\\\/www.cnbs.gob.hn\\\/educacionfinanciera\\\/#organization\",\"name\":\"CNBS - GEIFG - Educaci\u00f3n Financiera\",\"url\":\"https:\\\/\\\/www.cnbs.gob.hn\\\/educacionfinanciera\\\/\",\"logo\":{\"@type\":\"ImageObject\",\"inLanguage\":\"es\",\"@id\":\"https:\\\/\\\/www.cnbs.gob.hn\\\/educacionfinanciera\\\/#\\\/schema\\\/logo\\\/image\\\/\",\"url\":\"https:\\\/\\\/www.cnbs.gob.hn\\\/educacionfinanciera\\\/wp-content\\\/uploads\\\/2020\\\/11\\\/Logo-CNBS-SOLO.png\",\"contentUrl\":\"https:\\\/\\\/www.cnbs.gob.hn\\\/educacionfinanciera\\\/wp-content\\\/uploads\\\/2020\\\/11\\\/Logo-CNBS-SOLO.png\",\"width\":2250,\"height\":2250,\"caption\":\"CNBS - GEIFG - Educaci\u00f3n Financiera\"},\"image\":{\"@id\":\"https:\\\/\\\/www.cnbs.gob.hn\\\/educacionfinanciera\\\/#\\\/schema\\\/logo\\\/image\\\/\"}}]}<\/script>\n<!-- \/ Yoast SEO plugin. -->","yoast_head_json":{"title":"Presupuesto en casos especiales de la vida - CNBS - GEIFG - Educaci\u00f3n Financiera","robots":{"index":"index","follow":"follow","max-snippet":"max-snippet:-1","max-image-preview":"max-image-preview:large","max-video-preview":"max-video-preview:-1"},"canonical":"https:\/\/www.cnbs.gob.hn\/educacionfinanciera\/el-presupuesto\/presupuesto-en-casos-especiales-de-la-vida\/","og_locale":"es_ES","og_type":"article","og_title":"Presupuesto en casos especiales de la vida - CNBS - GEIFG - Educaci\u00f3n Financiera","og_description":"\u00bfSe enferm\u00f3 y necesita un presupuesto especial? Si usted est\u00e1 demasiado enfermo para trabajar, su situaci\u00f3n financiera puede cambiar r\u00e1pidamente, es necesario revisar r\u00e1pidamente su presupuesto. [\u2026]","og_url":"https:\/\/www.cnbs.gob.hn\/educacionfinanciera\/el-presupuesto\/presupuesto-en-casos-especiales-de-la-vida\/","og_site_name":"CNBS - GEIFG - Educaci\u00f3n Financiera","article_modified_time":"2023-07-11T16:31:55+00:00","og_image":[{"url":"https:\/\/www.cnbs.gob.hn\/educacionfinanciera\/wp-content\/uploads\/elementor\/thumbs\/Controlando-su-situacion-financiera-q99jd2ixsh65j3987csoi7lqxoruazzrfhhkj85fvk.jpg","type":"","width":"","height":""}],"twitter_card":"summary_large_image","twitter_misc":{"Tiempo de lectura":"1 minuto"},"schema":{"@context":"https:\/\/schema.org","@graph":[{"@type":"WebPage","@id":"https:\/\/www.cnbs.gob.hn\/educacionfinanciera\/el-presupuesto\/presupuesto-en-casos-especiales-de-la-vida\/","url":"https:\/\/www.cnbs.gob.hn\/educacionfinanciera\/el-presupuesto\/presupuesto-en-casos-especiales-de-la-vida\/","name":"Presupuesto en casos especiales de la vida - CNBS - GEIFG - Educaci\u00f3n Financiera","isPartOf":{"@id":"https:\/\/www.cnbs.gob.hn\/educacionfinanciera\/#website"},"primaryImageOfPage":{"@id":"https:\/\/www.cnbs.gob.hn\/educacionfinanciera\/el-presupuesto\/presupuesto-en-casos-especiales-de-la-vida\/#primaryimage"},"image":{"@id":"https:\/\/www.cnbs.gob.hn\/educacionfinanciera\/el-presupuesto\/presupuesto-en-casos-especiales-de-la-vida\/#primaryimage"},"thumbnailUrl":"https:\/\/www.cnbs.gob.hn\/educacionfinanciera\/wp-content\/uploads\/elementor\/thumbs\/Controlando-su-situacion-financiera-q99jd2ixsh65j3987csoi7lqxoruazzrfhhkj85fvk.jpg","datePublished":"2018-04-11T18:26:41+00:00","dateModified":"2023-07-11T16:31:55+00:00","breadcrumb":{"@id":"https:\/\/www.cnbs.gob.hn\/educacionfinanciera\/el-presupuesto\/presupuesto-en-casos-especiales-de-la-vida\/#breadcrumb"},"inLanguage":"es","potentialAction":[{"@type":"ReadAction","target":["https:\/\/www.cnbs.gob.hn\/educacionfinanciera\/el-presupuesto\/presupuesto-en-casos-especiales-de-la-vida\/"]}]},{"@type":"ImageObject","inLanguage":"es","@id":"https:\/\/www.cnbs.gob.hn\/educacionfinanciera\/el-presupuesto\/presupuesto-en-casos-especiales-de-la-vida\/#primaryimage","url":"https:\/\/www.cnbs.gob.hn\/educacionfinanciera\/wp-content\/uploads\/elementor\/thumbs\/Controlando-su-situacion-financiera-q99jd2ixsh65j3987csoi7lqxoruazzrfhhkj85fvk.jpg","contentUrl":"https:\/\/www.cnbs.gob.hn\/educacionfinanciera\/wp-content\/uploads\/elementor\/thumbs\/Controlando-su-situacion-financiera-q99jd2ixsh65j3987csoi7lqxoruazzrfhhkj85fvk.jpg"},{"@type":"BreadcrumbList","@id":"https:\/\/www.cnbs.gob.hn\/educacionfinanciera\/el-presupuesto\/presupuesto-en-casos-especiales-de-la-vida\/#breadcrumb","itemListElement":[{"@type":"ListItem","position":1,"name":"Home","item":"https:\/\/www.cnbs.gob.hn\/educacionfinanciera\/"},{"@type":"ListItem","position":2,"name":"El Presupuesto","item":"https:\/\/www.cnbs.gob.hn\/educacionfinanciera\/el-presupuesto\/"},{"@type":"ListItem","position":3,"name":"Presupuesto en casos especiales de la vida"}]},{"@type":"WebSite","@id":"https:\/\/www.cnbs.gob.hn\/educacionfinanciera\/#website","url":"https:\/\/www.cnbs.gob.hn\/educacionfinanciera\/","name":"CNBS - GEIFG - Educaci\u00f3n Financiera","description":"","publisher":{"@id":"https:\/\/www.cnbs.gob.hn\/educacionfinanciera\/#organization"},"potentialAction":[{"@type":"SearchAction","target":{"@type":"EntryPoint","urlTemplate":"https:\/\/www.cnbs.gob.hn\/educacionfinanciera\/?s={search_term_string}"},"query-input":{"@type":"PropertyValueSpecification","valueRequired":true,"valueName":"search_term_string"}}],"inLanguage":"es"},{"@type":"Organization","@id":"https:\/\/www.cnbs.gob.hn\/educacionfinanciera\/#organization","name":"CNBS - GEIFG - Educaci\u00f3n Financiera","url":"https:\/\/www.cnbs.gob.hn\/educacionfinanciera\/","logo":{"@type":"ImageObject","inLanguage":"es","@id":"https:\/\/www.cnbs.gob.hn\/educacionfinanciera\/#\/schema\/logo\/image\/","url":"https:\/\/www.cnbs.gob.hn\/educacionfinanciera\/wp-content\/uploads\/2020\/11\/Logo-CNBS-SOLO.png","contentUrl":"https:\/\/www.cnbs.gob.hn\/educacionfinanciera\/wp-content\/uploads\/2020\/11\/Logo-CNBS-SOLO.png","width":2250,"height":2250,"caption":"CNBS - GEIFG - Educaci\u00f3n Financiera"},"image":{"@id":"https:\/\/www.cnbs.gob.hn\/educacionfinanciera\/#\/schema\/logo\/image\/"}}]}},"_links":{"self":[{"href":"https:\/\/www.cnbs.gob.hn\/educacionfinanciera\/wp-json\/wp\/v2\/pages\/388","targetHints":{"allow":["GET"]}}],"collection":[{"href":"https:\/\/www.cnbs.gob.hn\/educacionfinanciera\/wp-json\/wp\/v2\/pages"}],"about":[{"href":"https:\/\/www.cnbs.gob.hn\/educacionfinanciera\/wp-json\/wp\/v2\/types\/page"}],"author":[{"embeddable":true,"href":"https:\/\/www.cnbs.gob.hn\/educacionfinanciera\/wp-json\/wp\/v2\/users\/1"}],"replies":[{"embeddable":true,"href":"https:\/\/www.cnbs.gob.hn\/educacionfinanciera\/wp-json\/wp\/v2\/comments?post=388"}],"version-history":[{"count":31,"href":"https:\/\/www.cnbs.gob.hn\/educacionfinanciera\/wp-json\/wp\/v2\/pages\/388\/revisions"}],"predecessor-version":[{"id":5028,"href":"https:\/\/www.cnbs.gob.hn\/educacionfinanciera\/wp-json\/wp\/v2\/pages\/388\/revisions\/5028"}],"up":[{"embeddable":true,"href":"https:\/\/www.cnbs.gob.hn\/educacionfinanciera\/wp-json\/wp\/v2\/pages\/234"}],"wp:attachment":[{"href":"https:\/\/www.cnbs.gob.hn\/educacionfinanciera\/wp-json\/wp\/v2\/media?parent=388"}],"curies":[{"name":"wp","href":"https:\/\/api.w.org\/{rel}","templated":true}]}}