{"id":5738,"date":"2023-08-25T15:20:49","date_gmt":"2023-08-25T21:20:49","guid":{"rendered":"https:\/\/www.cnbs.gob.hn\/educacionfinanciera\/?page_id=5385"},"modified":"2023-08-25T15:20:49","modified_gmt":"2023-08-25T21:20:49","slug":"conoce-y-compara","status":"publish","type":"page","link":"https:\/\/www.cnbs.gob.hn\/educacionfinanciera\/conoce-y-compara\/","title":{"rendered":"Conoce y Compara"},"content":{"rendered":"\t\t<div data-elementor-type=\"wp-page\" data-elementor-id=\"5738\" class=\"elementor elementor-5738\" data-elementor-post-type=\"page\">\n\t\t\t\t\t\t<section class=\"elementor-section elementor-top-section elementor-element elementor-element-bc7ec4a elementor-section-boxed elementor-section-height-default elementor-section-height-default\" data-id=\"bc7ec4a\" data-element_type=\"section\" data-e-type=\"section\">\n\t\t\t\t\t\t<div class=\"elementor-container elementor-column-gap-default\">\n\t\t\t\t\t<div class=\"elementor-column elementor-col-100 elementor-top-column elementor-element elementor-element-29b93ae\" data-id=\"29b93ae\" data-element_type=\"column\" data-e-type=\"column\">\n\t\t\t<div class=\"elementor-widget-wrap elementor-element-populated\">\n\t\t\t\t\t\t<div class=\"elementor-element elementor-element-eadf04e elementor-widget elementor-widget-heading\" data-id=\"eadf04e\" data-element_type=\"widget\" data-e-type=\"widget\" data-widget_type=\"heading.default\">\n\t\t\t\t<div class=\"elementor-widget-container\">\n\t\t\t\t\t<h2 class=\"elementor-heading-title elementor-size-default\">Conoce y Compara<\/h2>\t\t\t\t<\/div>\n\t\t\t\t<\/div>\n\t\t\t\t\t<\/div>\n\t\t<\/div>\n\t\t\t\t\t<\/div>\n\t\t<\/section>\n\t\t\t\t<section class=\"elementor-section elementor-top-section elementor-element elementor-element-38a5055 elementor-section-boxed elementor-section-height-default elementor-section-height-default\" data-id=\"38a5055\" data-element_type=\"section\" data-e-type=\"section\">\n\t\t\t\t\t\t<div class=\"elementor-container elementor-column-gap-default\">\n\t\t\t\t\t<div class=\"elementor-column elementor-col-100 elementor-top-column elementor-element elementor-element-f6330b6\" data-id=\"f6330b6\" data-element_type=\"column\" data-e-type=\"column\">\n\t\t\t<div class=\"elementor-widget-wrap elementor-element-populated\">\n\t\t\t\t\t\t<section class=\"elementor-section elementor-inner-section elementor-element elementor-element-4445333 elementor-section-boxed elementor-section-height-default elementor-section-height-default\" data-id=\"4445333\" data-element_type=\"section\" data-e-type=\"section\">\n\t\t\t\t\t\t<div class=\"elementor-container elementor-column-gap-default\">\n\t\t\t\t\t<div class=\"elementor-column elementor-col-50 elementor-inner-column elementor-element elementor-element-948bb52\" data-id=\"948bb52\" data-element_type=\"column\" data-e-type=\"column\">\n\t\t\t<div class=\"elementor-widget-wrap elementor-element-populated\">\n\t\t\t\t\t\t<div class=\"elementor-element elementor-element-27c0bcc elementor-widget elementor-widget-text-editor\" data-id=\"27c0bcc\" data-element_type=\"widget\" data-e-type=\"widget\" data-widget_type=\"text-editor.default\">\n\t\t\t\t<div class=\"elementor-widget-container\">\n\t\t\t\t\t\t\t\t\t<section class=\"elementor-section elementor-top-section elementor-element elementor-element-177c020 elementor-section-boxed elementor-section-height-default elementor-section-height-default\" data-id=\"177c020\" data-element_type=\"section\"><div class=\"elementor-container elementor-column-gap-default\"><div class=\"elementor-row\"><div class=\"elementor-column elementor-col-100 elementor-top-column elementor-element elementor-element-4404c35\" data-id=\"4404c35\" data-element_type=\"column\"><div class=\"elementor-column-wrap elementor-element-populated\"><div class=\"elementor-widget-wrap\"><div class=\"elementor-element elementor-element-cae7013 elementor-widget elementor-widget-text-editor\" data-id=\"cae7013\" data-element_type=\"widget\" data-widget_type=\"text-editor.default\"><div class=\"elementor-widget-container\"><div class=\"elementor-text-editor elementor-clearfix\"><p>La Comisi\u00f3n Nacional de Bancos y Seguros (CNBS), por medio de la Gerencia de Educaci\u00f3n e Inclusi\u00f3n Financiera y G\u00e9nero (GEIFG), te invita a conocer la herramienta Web #1 en comparaci\u00f3n de productos y servicios financieros en Honduras! Tu \u00fanica opci\u00f3n para comparar Tarjetas de Cr\u00e9dito, Pr\u00e9stamos Personales y para Veh\u00edculos, Microcr\u00e9ditos, as\u00ed como, Cuentas de Ahorro, Cuentas de Cheques, Certificados a Plazo Fijo, Seguro de Vida, Seguro M\u00e9dico, Seguro de Da\u00f1os y Seguro de Veh\u00edculos, en 3 sencillos pasos ingresando a esta direcci\u00f3n:\u00a0<\/p><p><a href=\"https:\/\/conoceycompara.cnbs.gob.hn\/\">https:\/\/conoceycompara.cnbs.gob.hn\/<\/a><\/p><\/div><\/div><\/div><\/div><\/div><\/div><\/div><\/div><\/section>\t\t\t\t\t\t\t\t<\/div>\n\t\t\t\t<\/div>\n\t\t\t\t\t<\/div>\n\t\t<\/div>\n\t\t\t\t<div class=\"elementor-column elementor-col-50 elementor-inner-column elementor-element elementor-element-d73828c\" data-id=\"d73828c\" data-element_type=\"column\" data-e-type=\"column\">\n\t\t\t<div class=\"elementor-widget-wrap elementor-element-populated\">\n\t\t\t\t\t\t<div class=\"elementor-element elementor-element-2a5fd24 elementor-widget elementor-widget-video\" data-id=\"2a5fd24\" data-element_type=\"widget\" data-e-type=\"widget\" data-settings=\"{&quot;video_type&quot;:&quot;hosted&quot;,&quot;autoplay&quot;:&quot;yes&quot;}\" data-widget_type=\"video.default\">\n\t\t\t\t<div class=\"elementor-widget-container\">\n\t\t\t\t\t\t\t<div class=\"e-hosted-video elementor-wrapper elementor-open-inline\">\n\t\t\t\t\t<video class=\"elementor-video\" src=\"https:\/\/cnbs.gob.hn\/test\/wp-content\/uploads\/2023\/08\/Conoce-y-compara.mp4\" autoplay=\"\" controlsList=\"nodownload\"><\/video>\n\t\t\t\t<\/div>\n\t\t\t\t\t\t<\/div>\n\t\t\t\t<\/div>\n\t\t\t\t\t<\/div>\n\t\t<\/div>\n\t\t\t\t\t<\/div>\n\t\t<\/section>\n\t\t\t\t<section class=\"elementor-section elementor-inner-section elementor-element elementor-element-e1d676e elementor-section-boxed elementor-section-height-default elementor-section-height-default\" data-id=\"e1d676e\" data-element_type=\"section\" data-e-type=\"section\">\n\t\t\t\t\t\t<div class=\"elementor-container elementor-column-gap-default\">\n\t\t\t\t\t<div class=\"elementor-column elementor-col-33 elementor-inner-column elementor-element elementor-element-a84e9c5\" data-id=\"a84e9c5\" data-element_type=\"column\" data-e-type=\"column\">\n\t\t\t<div class=\"elementor-widget-wrap elementor-element-populated\">\n\t\t\t\t\t\t<div class=\"elementor-element elementor-element-58f989a elementor-widget elementor-widget-image\" data-id=\"58f989a\" data-element_type=\"widget\" data-e-type=\"widget\" data-widget_type=\"image.default\">\n\t\t\t\t<div class=\"elementor-widget-container\">\n\t\t\t\t\t\t\t\t\t\t\t\t\t\t\t<img decoding=\"async\" src=\"https:\/\/cnbs.gob.hn\/test\/wp-content\/uploads\/2023\/08\/product.png\" alt=\"\" \/>\t\t\t\t\t\t\t\t\t\t\t\t\t\t\t<\/div>\n\t\t\t\t<\/div>\n\t\t\t\t<div class=\"elementor-element elementor-element-7c2304c elementor-widget elementor-widget-heading\" data-id=\"7c2304c\" data-element_type=\"widget\" data-e-type=\"widget\" data-widget_type=\"heading.default\">\n\t\t\t\t<div class=\"elementor-widget-container\">\n\t\t\t\t\t<h4 class=\"elementor-heading-title elementor-size-default\">Elije un producto<\/h4>\t\t\t\t<\/div>\n\t\t\t\t<\/div>\n\t\t\t\t\t<\/div>\n\t\t<\/div>\n\t\t\t\t<div class=\"elementor-column elementor-col-33 elementor-inner-column elementor-element elementor-element-4876c92\" data-id=\"4876c92\" data-element_type=\"column\" data-e-type=\"column\">\n\t\t\t<div class=\"elementor-widget-wrap elementor-element-populated\">\n\t\t\t\t\t\t<div class=\"elementor-element elementor-element-d3d96e7 elementor-widget elementor-widget-image\" data-id=\"d3d96e7\" data-element_type=\"widget\" data-e-type=\"widget\" data-widget_type=\"image.default\">\n\t\t\t\t<div class=\"elementor-widget-container\">\n\t\t\t\t\t\t\t\t\t\t\t\t\t\t\t<img fetchpriority=\"high\" decoding=\"async\" width=\"1024\" height=\"539\" src=\"https:\/\/www.cnbs.gob.hn\/educacionfinanciera\/wp-content\/uploads\/2023\/11\/ANDREA-1.1-1024x539.png\" class=\"attachment-large size-large wp-image-5394\" alt=\"\" srcset=\"https:\/\/www.cnbs.gob.hn\/educacionfinanciera\/wp-content\/uploads\/2023\/11\/ANDREA-1.1-1024x539.png 1024w, https:\/\/www.cnbs.gob.hn\/educacionfinanciera\/wp-content\/uploads\/2023\/11\/ANDREA-1.1-300x158.png 300w, https:\/\/www.cnbs.gob.hn\/educacionfinanciera\/wp-content\/uploads\/2023\/11\/ANDREA-1.1-768x404.png 768w, https:\/\/www.cnbs.gob.hn\/educacionfinanciera\/wp-content\/uploads\/2023\/11\/ANDREA-1.1-260x137.png 260w, https:\/\/www.cnbs.gob.hn\/educacionfinanciera\/wp-content\/uploads\/2023\/11\/ANDREA-1.1-50x26.png 50w, https:\/\/www.cnbs.gob.hn\/educacionfinanciera\/wp-content\/uploads\/2023\/11\/ANDREA-1.1-143x75.png 143w, https:\/\/www.cnbs.gob.hn\/educacionfinanciera\/wp-content\/uploads\/2023\/11\/ANDREA-1.1-750x395.png 750w, https:\/\/www.cnbs.gob.hn\/educacionfinanciera\/wp-content\/uploads\/2023\/11\/ANDREA-1.1-1140x600.png 1140w, https:\/\/www.cnbs.gob.hn\/educacionfinanciera\/wp-content\/uploads\/2023\/11\/ANDREA-1.1.png 1365w\" sizes=\"(max-width:767px) 480px, (max-width:1024px) 100vw, 1024px\" \/>\t\t\t\t\t\t\t\t\t\t\t\t\t\t\t<\/div>\n\t\t\t\t<\/div>\n\t\t\t\t<div class=\"elementor-element elementor-element-60fd453 elementor-widget elementor-widget-heading\" data-id=\"60fd453\" data-element_type=\"widget\" data-e-type=\"widget\" data-widget_type=\"heading.default\">\n\t\t\t\t<div class=\"elementor-widget-container\">\n\t\t\t\t\t<h4 class=\"elementor-heading-title elementor-size-default\">Filtra tu b\u00fasqueda<\/h4>\t\t\t\t<\/div>\n\t\t\t\t<\/div>\n\t\t\t\t\t<\/div>\n\t\t<\/div>\n\t\t\t\t<div class=\"elementor-column elementor-col-33 elementor-inner-column elementor-element elementor-element-dac543b\" data-id=\"dac543b\" data-element_type=\"column\" data-e-type=\"column\">\n\t\t\t<div class=\"elementor-widget-wrap elementor-element-populated\">\n\t\t\t\t\t\t<div class=\"elementor-element elementor-element-69ffe10 elementor-widget elementor-widget-image\" data-id=\"69ffe10\" data-element_type=\"widget\" data-e-type=\"widget\" data-widget_type=\"image.default\">\n\t\t\t\t<div class=\"elementor-widget-container\">\n\t\t\t\t\t\t\t\t\t\t\t\t\t\t\t<img decoding=\"async\" src=\"https:\/\/cnbs.gob.hn\/test\/wp-content\/uploads\/2023\/08\/objetivo.png\" alt=\"\" \/>\t\t\t\t\t\t\t\t\t\t\t\t\t\t\t<\/div>\n\t\t\t\t<\/div>\n\t\t\t\t<div class=\"elementor-element elementor-element-700b425 elementor-widget elementor-widget-heading\" data-id=\"700b425\" data-element_type=\"widget\" data-e-type=\"widget\" data-widget_type=\"heading.default\">\n\t\t\t\t<div class=\"elementor-widget-container\">\n\t\t\t\t\t<h4 class=\"elementor-heading-title elementor-size-default\">Compara resultados<\/h4>\t\t\t\t<\/div>\n\t\t\t\t<\/div>\n\t\t\t\t\t<\/div>\n\t\t<\/div>\n\t\t\t\t\t<\/div>\n\t\t<\/section>\n\t\t\t\t<div class=\"elementor-element elementor-element-5db231f elementor-widget elementor-widget-text-editor\" data-id=\"5db231f\" data-element_type=\"widget\" data-e-type=\"widget\" data-widget_type=\"text-editor.default\">\n\t\t\t\t<div class=\"elementor-widget-container\">\n\t\t\t\t\t\t\t\t\t<section class=\"elementor-section elementor-top-section elementor-element elementor-element-cb9403c elementor-section-boxed elementor-section-height-default elementor-section-height-default\" data-id=\"cb9403c\" data-element_type=\"section\"><div class=\"elementor-container elementor-column-gap-default\"><div class=\"elementor-row\"><div class=\"elementor-column elementor-col-100 elementor-top-column elementor-element elementor-element-051424b\" data-id=\"051424b\" data-element_type=\"column\"><div class=\"elementor-column-wrap elementor-element-populated\"><div class=\"elementor-widget-wrap\"><div class=\"elementor-element elementor-element-42aeeb1 elementor-widget elementor-widget-text-editor\" data-id=\"42aeeb1\" data-element_type=\"widget\" data-widget_type=\"text-editor.default\"><div class=\"elementor-widget-container\"><div class=\"elementor-text-editor elementor-clearfix\"><p>Es la herramienta web que contiene\u00a0informaci\u00f3n sobre tasas de inter\u00e9s, costos, comisiones, datos sobre primas comercial o de tarifa, gastos de emisi\u00f3n, impuestos, prima anual total, coberturas b\u00e1sicas, riesgos cubiertos, beneficios, requisitos, entre otros, de los productos\u00a0y servicios que ofrecen las instituciones financieras supervisadas. Sirve para la toma de decisiones adecuadas de los usuarios financieros y p\u00fablico en general, previo a adquirir un producto financiero.<\/p><p>Utiliza nuestra herramienta de comparaci\u00f3n totalmente gratuita para obtener informaci\u00f3n actualizada e imparcial.<\/p><\/div><\/div><\/div><\/div><\/div><\/div><\/div><\/div><\/section><section class=\"elementor-section elementor-top-section elementor-element elementor-element-62e6b43 elementor-section-boxed elementor-section-height-default elementor-section-height-default\" data-id=\"62e6b43\" data-element_type=\"section\"><div class=\"elementor-container elementor-column-gap-default\"><div class=\"elementor-row\"><div class=\"elementor-column elementor-col-100 elementor-top-column elementor-element elementor-element-f2cd9e7\" data-id=\"f2cd9e7\" data-element_type=\"column\"><div class=\"elementor-column-wrap elementor-element-populated\"><div class=\"elementor-widget-wrap\"><div class=\"elementor-element elementor-element-c627a0a elementor-widget elementor-widget-heading\" data-id=\"c627a0a\" data-element_type=\"widget\" data-widget_type=\"heading.default\"><div class=\"elementor-widget-container\"><h4 class=\"elementor-heading-title elementor-size-default\" style=\"text-align: center;\">Ingresa a la Aplicaci\u00f3n Web o descarga la Aplicaci\u00f3n M\u00f3vil<\/h4><\/div><\/div><\/div><\/div><\/div><\/div><\/div><\/section>\t\t\t\t\t\t\t\t<\/div>\n\t\t\t\t<\/div>\n\t\t\t\t<section class=\"elementor-section elementor-inner-section elementor-element elementor-element-42a4dc7 elementor-section-boxed elementor-section-height-default elementor-section-height-default\" data-id=\"42a4dc7\" data-element_type=\"section\" data-e-type=\"section\">\n\t\t\t\t\t\t<div class=\"elementor-container elementor-column-gap-default\">\n\t\t\t\t\t<div class=\"elementor-column elementor-col-50 elementor-inner-column elementor-element elementor-element-3b40fe3\" data-id=\"3b40fe3\" data-element_type=\"column\" data-e-type=\"column\">\n\t\t\t<div class=\"elementor-widget-wrap elementor-element-populated\">\n\t\t\t\t\t\t<div class=\"elementor-element elementor-element-d6e7278 elementor-widget elementor-widget-image\" data-id=\"d6e7278\" data-element_type=\"widget\" data-e-type=\"widget\" data-widget_type=\"image.default\">\n\t\t\t\t<div class=\"elementor-widget-container\">\n\t\t\t\t\t\t\t\t\t\t\t\t\t\t\t\t<a href=\"https:\/\/play.google.com\/store\/apps\/details?id=hn.cnbs.app\" target=\"_blank\">\n\t\t\t\t\t\t\t<img decoding=\"async\" src=\"https:\/\/cnbs.gob.hn\/test\/wp-content\/uploads\/2023\/08\/google-play-badge-1.png\" alt=\"\" \/>\t\t\t\t\t\t\t\t<\/a>\n\t\t\t\t\t\t\t\t\t\t\t\t\t\t\t<\/div>\n\t\t\t\t<\/div>\n\t\t\t\t\t<\/div>\n\t\t<\/div>\n\t\t\t\t<div class=\"elementor-column elementor-col-50 elementor-inner-column elementor-element elementor-element-55694f2\" data-id=\"55694f2\" data-element_type=\"column\" data-e-type=\"column\">\n\t\t\t<div class=\"elementor-widget-wrap elementor-element-populated\">\n\t\t\t\t\t\t<div class=\"elementor-element elementor-element-07386dc elementor-widget elementor-widget-image\" data-id=\"07386dc\" data-element_type=\"widget\" data-e-type=\"widget\" data-widget_type=\"image.default\">\n\t\t\t\t<div class=\"elementor-widget-container\">\n\t\t\t\t\t\t\t\t\t\t\t\t\t\t\t\t<a href=\"https:\/\/conoceycompara.cnbs.gob.hn\/Inicio.aspx\" target=\"_blank\">\n\t\t\t\t\t\t\t<img decoding=\"async\" src=\"https:\/\/cnbs.gob.hn\/test\/wp-content\/uploads\/2023\/08\/portal-web.png\" alt=\"\" \/>\t\t\t\t\t\t\t\t<\/a>\n\t\t\t\t\t\t\t\t\t\t\t\t\t\t\t<\/div>\n\t\t\t\t<\/div>\n\t\t\t\t\t<\/div>\n\t\t<\/div>\n\t\t\t\t\t<\/div>\n\t\t<\/section>\n\t\t\t\t\t<\/div>\n\t\t<\/div>\n\t\t\t\t\t<\/div>\n\t\t<\/section>\n\t\t\t\t<\/div>\n\t\t","protected":false},"excerpt":{"rendered":"<p>Conoce y Compara La Comisi\u00f3n Nacional de Bancos y Seguros (CNBS), por medio de la Gerencia de Educaci\u00f3n e Inclusi\u00f3n Financiera y G\u00e9nero (GEIFG), te invita<span class=\"excerpt-hellip\"> [\u2026]<\/span><\/p>\n","protected":false},"author":7,"featured_media":0,"parent":0,"menu_order":0,"comment_status":"closed","ping_status":"closed","template":"","meta":{"footnotes":""},"class_list":["post-5738","page","type-page","status-publish","hentry"],"yoast_head":"<!-- This site is optimized with the Yoast SEO plugin v27.2 - https:\/\/yoast.com\/product\/yoast-seo-wordpress\/ -->\n<title>Conoce y Compara - CNBS - GEIFG - Educaci\u00f3n Financiera<\/title>\n<meta name=\"robots\" content=\"index, follow, max-snippet:-1, max-image-preview:large, max-video-preview:-1\" \/>\n<link rel=\"canonical\" href=\"https:\/\/www.cnbs.gob.hn\/educacionfinanciera\/conoce-y-compara\/\" \/>\n<meta property=\"og:locale\" content=\"es_ES\" \/>\n<meta property=\"og:type\" content=\"article\" \/>\n<meta property=\"og:title\" content=\"Conoce y Compara - CNBS - GEIFG - Educaci\u00f3n Financiera\" \/>\n<meta property=\"og:description\" content=\"Conoce y Compara La Comisi\u00f3n Nacional de Bancos y Seguros (CNBS), por medio de la Gerencia de Educaci\u00f3n e Inclusi\u00f3n Financiera y G\u00e9nero (GEIFG), te invita [\u2026]\" \/>\n<meta property=\"og:url\" content=\"https:\/\/www.cnbs.gob.hn\/educacionfinanciera\/conoce-y-compara\/\" \/>\n<meta property=\"og:site_name\" content=\"CNBS - GEIFG - Educaci\u00f3n Financiera\" \/>\n<meta property=\"og:image\" content=\"https:\/\/www.cnbs.gob.hn\/educacionfinanciera\/wp-content\/uploads\/2023\/08\/product.png\" \/>\n<meta name=\"twitter:card\" content=\"summary_large_image\" \/>\n<meta name=\"twitter:label1\" content=\"Tiempo de lectura\" \/>\n\t<meta name=\"twitter:data1\" content=\"1 minuto\" \/>\n<script type=\"application\/ld+json\" class=\"yoast-schema-graph\">{\"@context\":\"https:\/\/schema.org\",\"@graph\":[{\"@type\":\"WebPage\",\"@id\":\"https:\/\/www.cnbs.gob.hn\/educacionfinanciera\/conoce-y-compara\/\",\"url\":\"https:\/\/www.cnbs.gob.hn\/educacionfinanciera\/conoce-y-compara\/\",\"name\":\"Conoce y Compara - CNBS - GEIFG - Educaci\u00f3n Financiera\",\"isPartOf\":{\"@id\":\"https:\/\/www.cnbs.gob.hn\/educacionfinanciera\/#website\"},\"primaryImageOfPage\":{\"@id\":\"https:\/\/www.cnbs.gob.hn\/educacionfinanciera\/conoce-y-compara\/#primaryimage\"},\"image\":{\"@id\":\"https:\/\/www.cnbs.gob.hn\/educacionfinanciera\/conoce-y-compara\/#primaryimage\"},\"thumbnailUrl\":\"https:\/\/www.cnbs.gob.hn\/educacionfinanciera\/wp-content\/uploads\/2023\/08\/product.png\",\"datePublished\":\"2023-08-25T21:20:49+00:00\",\"breadcrumb\":{\"@id\":\"https:\/\/www.cnbs.gob.hn\/educacionfinanciera\/conoce-y-compara\/#breadcrumb\"},\"inLanguage\":\"es\",\"potentialAction\":[{\"@type\":\"ReadAction\",\"target\":[\"https:\/\/www.cnbs.gob.hn\/educacionfinanciera\/conoce-y-compara\/\"]}]},{\"@type\":\"ImageObject\",\"inLanguage\":\"es\",\"@id\":\"https:\/\/www.cnbs.gob.hn\/educacionfinanciera\/conoce-y-compara\/#primaryimage\",\"url\":\"https:\/\/www.cnbs.gob.hn\/educacionfinanciera\/wp-content\/uploads\/2023\/08\/product.png\",\"contentUrl\":\"https:\/\/www.cnbs.gob.hn\/educacionfinanciera\/wp-content\/uploads\/2023\/08\/product.png\"},{\"@type\":\"BreadcrumbList\",\"@id\":\"https:\/\/www.cnbs.gob.hn\/educacionfinanciera\/conoce-y-compara\/#breadcrumb\",\"itemListElement\":[{\"@type\":\"ListItem\",\"position\":1,\"name\":\"Home\",\"item\":\"https:\/\/www.cnbs.gob.hn\/educacionfinanciera\/\"},{\"@type\":\"ListItem\",\"position\":2,\"name\":\"Conoce y Compara\"}]},{\"@type\":\"WebSite\",\"@id\":\"https:\/\/www.cnbs.gob.hn\/educacionfinanciera\/#website\",\"url\":\"https:\/\/www.cnbs.gob.hn\/educacionfinanciera\/\",\"name\":\"CNBS - GEIFG - Educaci\u00f3n Financiera\",\"description\":\"\",\"publisher\":{\"@id\":\"https:\/\/www.cnbs.gob.hn\/educacionfinanciera\/#organization\"},\"potentialAction\":[{\"@type\":\"SearchAction\",\"target\":{\"@type\":\"EntryPoint\",\"urlTemplate\":\"https:\/\/www.cnbs.gob.hn\/educacionfinanciera\/?s={search_term_string}\"},\"query-input\":{\"@type\":\"PropertyValueSpecification\",\"valueRequired\":true,\"valueName\":\"search_term_string\"}}],\"inLanguage\":\"es\"},{\"@type\":\"Organization\",\"@id\":\"https:\/\/www.cnbs.gob.hn\/educacionfinanciera\/#organization\",\"name\":\"CNBS - GEIFG - Educaci\u00f3n Financiera\",\"url\":\"https:\/\/www.cnbs.gob.hn\/educacionfinanciera\/\",\"logo\":{\"@type\":\"ImageObject\",\"inLanguage\":\"es\",\"@id\":\"https:\/\/www.cnbs.gob.hn\/educacionfinanciera\/#\/schema\/logo\/image\/\",\"url\":\"https:\/\/www.cnbs.gob.hn\/educacionfinanciera\/wp-content\/uploads\/2020\/11\/Logo-CNBS-SOLO.png\",\"contentUrl\":\"https:\/\/www.cnbs.gob.hn\/educacionfinanciera\/wp-content\/uploads\/2020\/11\/Logo-CNBS-SOLO.png\",\"width\":2250,\"height\":2250,\"caption\":\"CNBS - GEIFG - Educaci\u00f3n Financiera\"},\"image\":{\"@id\":\"https:\/\/www.cnbs.gob.hn\/educacionfinanciera\/#\/schema\/logo\/image\/\"}}]}<\/script>\n<!-- \/ Yoast SEO plugin. -->","yoast_head_json":{"title":"Conoce y Compara - CNBS - GEIFG - Educaci\u00f3n Financiera","robots":{"index":"index","follow":"follow","max-snippet":"max-snippet:-1","max-image-preview":"max-image-preview:large","max-video-preview":"max-video-preview:-1"},"canonical":"https:\/\/www.cnbs.gob.hn\/educacionfinanciera\/conoce-y-compara\/","og_locale":"es_ES","og_type":"article","og_title":"Conoce y Compara - CNBS - GEIFG - Educaci\u00f3n Financiera","og_description":"Conoce y Compara La Comisi\u00f3n Nacional de Bancos y Seguros (CNBS), por medio de la Gerencia de Educaci\u00f3n e Inclusi\u00f3n Financiera y G\u00e9nero (GEIFG), te invita [\u2026]","og_url":"https:\/\/www.cnbs.gob.hn\/educacionfinanciera\/conoce-y-compara\/","og_site_name":"CNBS - GEIFG - Educaci\u00f3n Financiera","og_image":[{"url":"https:\/\/www.cnbs.gob.hn\/educacionfinanciera\/wp-content\/uploads\/2023\/08\/product.png","type":"","width":"","height":""}],"twitter_card":"summary_large_image","twitter_misc":{"Tiempo de lectura":"1 minuto"},"schema":{"@context":"https:\/\/schema.org","@graph":[{"@type":"WebPage","@id":"https:\/\/www.cnbs.gob.hn\/educacionfinanciera\/conoce-y-compara\/","url":"https:\/\/www.cnbs.gob.hn\/educacionfinanciera\/conoce-y-compara\/","name":"Conoce y Compara - CNBS - GEIFG - Educaci\u00f3n Financiera","isPartOf":{"@id":"https:\/\/www.cnbs.gob.hn\/educacionfinanciera\/#website"},"primaryImageOfPage":{"@id":"https:\/\/www.cnbs.gob.hn\/educacionfinanciera\/conoce-y-compara\/#primaryimage"},"image":{"@id":"https:\/\/www.cnbs.gob.hn\/educacionfinanciera\/conoce-y-compara\/#primaryimage"},"thumbnailUrl":"https:\/\/www.cnbs.gob.hn\/educacionfinanciera\/wp-content\/uploads\/2023\/08\/product.png","datePublished":"2023-08-25T21:20:49+00:00","breadcrumb":{"@id":"https:\/\/www.cnbs.gob.hn\/educacionfinanciera\/conoce-y-compara\/#breadcrumb"},"inLanguage":"es","potentialAction":[{"@type":"ReadAction","target":["https:\/\/www.cnbs.gob.hn\/educacionfinanciera\/conoce-y-compara\/"]}]},{"@type":"ImageObject","inLanguage":"es","@id":"https:\/\/www.cnbs.gob.hn\/educacionfinanciera\/conoce-y-compara\/#primaryimage","url":"https:\/\/www.cnbs.gob.hn\/educacionfinanciera\/wp-content\/uploads\/2023\/08\/product.png","contentUrl":"https:\/\/www.cnbs.gob.hn\/educacionfinanciera\/wp-content\/uploads\/2023\/08\/product.png"},{"@type":"BreadcrumbList","@id":"https:\/\/www.cnbs.gob.hn\/educacionfinanciera\/conoce-y-compara\/#breadcrumb","itemListElement":[{"@type":"ListItem","position":1,"name":"Home","item":"https:\/\/www.cnbs.gob.hn\/educacionfinanciera\/"},{"@type":"ListItem","position":2,"name":"Conoce y Compara"}]},{"@type":"WebSite","@id":"https:\/\/www.cnbs.gob.hn\/educacionfinanciera\/#website","url":"https:\/\/www.cnbs.gob.hn\/educacionfinanciera\/","name":"CNBS - GEIFG - Educaci\u00f3n Financiera","description":"","publisher":{"@id":"https:\/\/www.cnbs.gob.hn\/educacionfinanciera\/#organization"},"potentialAction":[{"@type":"SearchAction","target":{"@type":"EntryPoint","urlTemplate":"https:\/\/www.cnbs.gob.hn\/educacionfinanciera\/?s={search_term_string}"},"query-input":{"@type":"PropertyValueSpecification","valueRequired":true,"valueName":"search_term_string"}}],"inLanguage":"es"},{"@type":"Organization","@id":"https:\/\/www.cnbs.gob.hn\/educacionfinanciera\/#organization","name":"CNBS - GEIFG - Educaci\u00f3n Financiera","url":"https:\/\/www.cnbs.gob.hn\/educacionfinanciera\/","logo":{"@type":"ImageObject","inLanguage":"es","@id":"https:\/\/www.cnbs.gob.hn\/educacionfinanciera\/#\/schema\/logo\/image\/","url":"https:\/\/www.cnbs.gob.hn\/educacionfinanciera\/wp-content\/uploads\/2020\/11\/Logo-CNBS-SOLO.png","contentUrl":"https:\/\/www.cnbs.gob.hn\/educacionfinanciera\/wp-content\/uploads\/2020\/11\/Logo-CNBS-SOLO.png","width":2250,"height":2250,"caption":"CNBS - GEIFG - Educaci\u00f3n Financiera"},"image":{"@id":"https:\/\/www.cnbs.gob.hn\/educacionfinanciera\/#\/schema\/logo\/image\/"}}]}},"_links":{"self":[{"href":"https:\/\/www.cnbs.gob.hn\/educacionfinanciera\/wp-json\/wp\/v2\/pages\/5738","targetHints":{"allow":["GET"]}}],"collection":[{"href":"https:\/\/www.cnbs.gob.hn\/educacionfinanciera\/wp-json\/wp\/v2\/pages"}],"about":[{"href":"https:\/\/www.cnbs.gob.hn\/educacionfinanciera\/wp-json\/wp\/v2\/types\/page"}],"author":[{"embeddable":true,"href":"https:\/\/www.cnbs.gob.hn\/educacionfinanciera\/wp-json\/wp\/v2\/users\/7"}],"replies":[{"embeddable":true,"href":"https:\/\/www.cnbs.gob.hn\/educacionfinanciera\/wp-json\/wp\/v2\/comments?post=5738"}],"version-history":[{"count":0,"href":"https:\/\/www.cnbs.gob.hn\/educacionfinanciera\/wp-json\/wp\/v2\/pages\/5738\/revisions"}],"wp:attachment":[{"href":"https:\/\/www.cnbs.gob.hn\/educacionfinanciera\/wp-json\/wp\/v2\/media?parent=5738"}],"curies":[{"name":"wp","href":"https:\/\/api.w.org\/{rel}","templated":true}]}}