{"id":5739,"date":"2023-08-25T17:13:58","date_gmt":"2023-08-25T23:13:58","guid":{"rendered":"https:\/\/www.cnbs.gob.hn\/educacionfinanciera\/?page_id=5402"},"modified":"2026-02-16T16:22:43","modified_gmt":"2026-02-16T22:22:43","slug":"app-el-club-del-ahorro","status":"publish","type":"page","link":"https:\/\/www.cnbs.gob.hn\/educacionfinanciera\/app-el-club-del-ahorro\/","title":{"rendered":"App \u201cEl Club del Ahorro\u201d"},"content":{"rendered":"\t\t<div data-elementor-type=\"wp-page\" data-elementor-id=\"5739\" class=\"elementor elementor-5739\" data-elementor-post-type=\"page\">\n\t\t\t\t\t\t<section class=\"elementor-section elementor-top-section elementor-element elementor-element-4ca55b8 elementor-section-boxed elementor-section-height-default elementor-section-height-default\" data-id=\"4ca55b8\" data-element_type=\"section\" data-e-type=\"section\">\n\t\t\t\t\t\t<div class=\"elementor-container elementor-column-gap-default\">\n\t\t\t\t\t<div class=\"elementor-column elementor-col-50 elementor-top-column elementor-element elementor-element-a78d68b\" data-id=\"a78d68b\" data-element_type=\"column\" data-e-type=\"column\">\n\t\t\t<div class=\"elementor-widget-wrap elementor-element-populated\">\n\t\t\t\t\t\t<div class=\"elementor-element elementor-element-a4dd364 elementor-widget elementor-widget-heading\" data-id=\"a4dd364\" data-element_type=\"widget\" data-e-type=\"widget\" data-widget_type=\"heading.default\">\n\t\t\t\t<div class=\"elementor-widget-container\">\n\t\t\t\t\t<h2 class=\"elementor-heading-title elementor-size-default\">App \u201cEl Club del Ahorro\u201d<\/h2>\t\t\t\t<\/div>\n\t\t\t\t<\/div>\n\t\t\t\t<div class=\"elementor-element elementor-element-a44df0d elementor-widget elementor-widget-spacer\" data-id=\"a44df0d\" data-element_type=\"widget\" data-e-type=\"widget\" data-widget_type=\"spacer.default\">\n\t\t\t\t<div class=\"elementor-widget-container\">\n\t\t\t\t\t\t\t<div class=\"elementor-spacer\">\n\t\t\t<div class=\"elementor-spacer-inner\"><\/div>\n\t\t<\/div>\n\t\t\t\t\t\t<\/div>\n\t\t\t\t<\/div>\n\t\t\t\t<div class=\"elementor-element elementor-element-2946482 elementor-widget elementor-widget-text-editor\" data-id=\"2946482\" data-element_type=\"widget\" data-e-type=\"widget\" data-widget_type=\"text-editor.default\">\n\t\t\t\t<div class=\"elementor-widget-container\">\n\t\t\t\t\t\t\t\t\t<p>La plataforma interactiva para ni\u00f1os \u201cEl Club del Ahorro\u201d es una iniciativa de la\u00a0<a href=\"https:\/\/www.facebook.com\/SparkassenstiftungLAC\/?__xts__%5B0%5D=68.ARD4cbvmwXUiMOSnmXklOb0-Gt_gZpO6kpJEHJbA_nyh4sDlzy_fat5oiDA6pebdPxdFHH2PEo9JdpCIZcRzzrA8aSQhEJHguWDERn_WuefUKflJrz8H2CKjA8Wd5qXzE6ttWiFep71fq27yi-TfK5kd-o3s3O3DJS54xGrFq4RCmXPM8klA3SHMlUg8JtjBz4o5a60QdXzsWBxHqWUPIf0Wrz9NLuMCMKrAq10Z_jejHg1vWFXj0lRomdKL-3Ezz1q4H8pM-jY-gJiSSgHg0Mt8BEdHo89aTw_X_Kf_ZIH_oTHdx8fye9TFuy6q3IJ1fs1hPOcd5IwKZTGfu39skRJgag&amp;__tn__=%2CdK%2AF-R&amp;eid=ARAGOKa_2hPiwZo-eHtibTUz_I_sqNNcXT8DyyboYjf0hViOvZzNkrlZWIbmW2oUlpSQC-fFrhkp5vMo\">Sparkassenstiftung Latinoam\u00e9rica<\/a>\u00a0(Fundaci\u00f3n Sparkassen ) y la Comisi\u00f3n Nacional de Bancos y Seguros (CNBS), en donde las ni\u00f1as y ni\u00f1os aprenden jugando temas de Educaci\u00f3n Financiera a trav\u00e9s de un medio innovador y atractivo.<\/p><p>Objetivo de la app: Las ni\u00f1as y ni\u00f1os argumentar\u00e1n el valor del ahorro a trav\u00e9s de un juego que simula la administraci\u00f3n de dinero virtual obtenido a trav\u00e9s de decisiones financieras de la vida cotidiana.<\/p><p>Puedes descargar la app de forma gratuita desde el link:\u00a0<a href=\"https:\/\/play.google.com\/store\/apps\/details?id=com.threeartmedia.ecda\">https:\/\/play.google.com\/store\/apps\/details?id=com.threeartmedia.ecda<\/a><\/p><p>De igual forma, puedes visitar nuestro sitio web:<br \/><a href=\"https:\/\/www.cnbs.gob.hn\/educacionfinanciera\/educacionfinanciera\/?fbclid=IwAR0kcjzMJKP90zdYi4Dff-TegOIcy0cXAVc3yBvfhdCipX8R4XMmGWrC2Vk\" target=\"_blank\" rel=\"noopener\">https:\/\/www.cnbs.gob.hn\/educacionfinanciera\/<\/a><\/p><p><a href=\"https:\/\/www.facebook.com\/hashtag\/educaci%C3%B3nfinanciera?epa=HASHTAG\">#Educaci\u00f3nFinanciera<\/a><\/p><figure class=\"wp-block-embed\"><\/figure>\t\t\t\t\t\t\t\t<\/div>\n\t\t\t\t<\/div>\n\t\t\t\t\t<\/div>\n\t\t<\/div>\n\t\t\t\t<div class=\"elementor-column elementor-col-50 elementor-top-column elementor-element elementor-element-fd88564\" data-id=\"fd88564\" data-element_type=\"column\" data-e-type=\"column\">\n\t\t\t<div class=\"elementor-widget-wrap elementor-element-populated\">\n\t\t\t\t\t\t<div class=\"elementor-element elementor-element-e8738d3 elementor-widget elementor-widget-image\" data-id=\"e8738d3\" data-element_type=\"widget\" data-e-type=\"widget\" data-widget_type=\"image.default\">\n\t\t\t\t<div class=\"elementor-widget-container\">\n\t\t\t\t\t\t\t\t\t\t\t\t\t\t\t<img fetchpriority=\"high\" decoding=\"async\" width=\"886\" height=\"664\" src=\"https:\/\/www.cnbs.gob.hn\/educacionfinanciera\/wp-content\/uploads\/2023\/11\/MicrosoftTeams-image-32.png\" class=\"attachment-large size-large wp-image-5404\" alt=\"\" srcset=\"https:\/\/www.cnbs.gob.hn\/educacionfinanciera\/wp-content\/uploads\/2023\/11\/MicrosoftTeams-image-32.png 886w, https:\/\/www.cnbs.gob.hn\/educacionfinanciera\/wp-content\/uploads\/2023\/11\/MicrosoftTeams-image-32-300x225.png 300w, https:\/\/www.cnbs.gob.hn\/educacionfinanciera\/wp-content\/uploads\/2023\/11\/MicrosoftTeams-image-32-768x576.png 768w, https:\/\/www.cnbs.gob.hn\/educacionfinanciera\/wp-content\/uploads\/2023\/11\/MicrosoftTeams-image-32-195x146.png 195w, https:\/\/www.cnbs.gob.hn\/educacionfinanciera\/wp-content\/uploads\/2023\/11\/MicrosoftTeams-image-32-50x37.png 50w, https:\/\/www.cnbs.gob.hn\/educacionfinanciera\/wp-content\/uploads\/2023\/11\/MicrosoftTeams-image-32-100x75.png 100w, https:\/\/www.cnbs.gob.hn\/educacionfinanciera\/wp-content\/uploads\/2023\/11\/MicrosoftTeams-image-32-750x562.png 750w\" sizes=\"(max-width:767px) 480px, (max-width:886px) 100vw, 886px\" \/>\t\t\t\t\t\t\t\t\t\t\t\t\t\t\t<\/div>\n\t\t\t\t<\/div>\n\t\t\t\t\t<\/div>\n\t\t<\/div>\n\t\t\t\t\t<\/div>\n\t\t<\/section>\n\t\t\t\t<\/div>\n\t\t","protected":false},"excerpt":{"rendered":"<p>App \u201cEl Club del Ahorro\u201d La plataforma interactiva para ni\u00f1os \u201cEl Club del Ahorro\u201d es una iniciativa de la\u00a0Sparkassenstiftung Latinoam\u00e9rica\u00a0(Fundaci\u00f3n Sparkassen ) y la Comisi\u00f3n Nacional<span class=\"excerpt-hellip\"> [\u2026]<\/span><\/p>\n","protected":false},"author":7,"featured_media":0,"parent":0,"menu_order":0,"comment_status":"closed","ping_status":"closed","template":"","meta":{"footnotes":""},"class_list":["post-5739","page","type-page","status-publish","hentry"],"yoast_head":"<!-- This site is optimized with the Yoast SEO plugin v27.2 - https:\/\/yoast.com\/product\/yoast-seo-wordpress\/ -->\n<title>App \u201cEl Club del Ahorro\u201d - CNBS - GEIFG - Educaci\u00f3n Financiera<\/title>\n<meta name=\"robots\" content=\"index, follow, max-snippet:-1, max-image-preview:large, max-video-preview:-1\" \/>\n<link rel=\"canonical\" href=\"https:\/\/www.cnbs.gob.hn\/educacionfinanciera\/app-el-club-del-ahorro\/\" \/>\n<meta property=\"og:locale\" content=\"es_ES\" \/>\n<meta property=\"og:type\" content=\"article\" \/>\n<meta property=\"og:title\" content=\"App \u201cEl Club del Ahorro\u201d - CNBS - GEIFG - Educaci\u00f3n Financiera\" \/>\n<meta property=\"og:description\" content=\"App \u201cEl Club del Ahorro\u201d La plataforma interactiva para ni\u00f1os \u201cEl Club del Ahorro\u201d es una iniciativa de la\u00a0Sparkassenstiftung Latinoam\u00e9rica\u00a0(Fundaci\u00f3n Sparkassen ) y la Comisi\u00f3n Nacional [\u2026]\" \/>\n<meta property=\"og:url\" content=\"https:\/\/www.cnbs.gob.hn\/educacionfinanciera\/app-el-club-del-ahorro\/\" \/>\n<meta property=\"og:site_name\" content=\"CNBS - GEIFG - Educaci\u00f3n Financiera\" \/>\n<meta property=\"article:modified_time\" content=\"2026-02-16T22:22:43+00:00\" \/>\n<meta property=\"og:image\" content=\"https:\/\/www.cnbs.gob.hn\/educacionfinanciera\/wp-content\/uploads\/2023\/11\/MicrosoftTeams-image-32.png\" \/>\n\t<meta property=\"og:image:width\" content=\"886\" \/>\n\t<meta property=\"og:image:height\" content=\"664\" \/>\n\t<meta property=\"og:image:type\" content=\"image\/png\" \/>\n<meta name=\"twitter:card\" content=\"summary_large_image\" \/>\n<meta name=\"twitter:label1\" content=\"Tiempo de lectura\" \/>\n\t<meta name=\"twitter:data1\" content=\"1 minuto\" \/>\n<script type=\"application\/ld+json\" class=\"yoast-schema-graph\">{\"@context\":\"https:\/\/schema.org\",\"@graph\":[{\"@type\":\"WebPage\",\"@id\":\"https:\/\/www.cnbs.gob.hn\/educacionfinanciera\/app-el-club-del-ahorro\/\",\"url\":\"https:\/\/www.cnbs.gob.hn\/educacionfinanciera\/app-el-club-del-ahorro\/\",\"name\":\"App \u201cEl Club del Ahorro\u201d - CNBS - GEIFG - Educaci\u00f3n Financiera\",\"isPartOf\":{\"@id\":\"https:\/\/www.cnbs.gob.hn\/educacionfinanciera\/#website\"},\"primaryImageOfPage\":{\"@id\":\"https:\/\/www.cnbs.gob.hn\/educacionfinanciera\/app-el-club-del-ahorro\/#primaryimage\"},\"image\":{\"@id\":\"https:\/\/www.cnbs.gob.hn\/educacionfinanciera\/app-el-club-del-ahorro\/#primaryimage\"},\"thumbnailUrl\":\"https:\/\/www.cnbs.gob.hn\/educacionfinanciera\/wp-content\/uploads\/2023\/11\/MicrosoftTeams-image-32.png\",\"datePublished\":\"2023-08-25T23:13:58+00:00\",\"dateModified\":\"2026-02-16T22:22:43+00:00\",\"breadcrumb\":{\"@id\":\"https:\/\/www.cnbs.gob.hn\/educacionfinanciera\/app-el-club-del-ahorro\/#breadcrumb\"},\"inLanguage\":\"es\",\"potentialAction\":[{\"@type\":\"ReadAction\",\"target\":[\"https:\/\/www.cnbs.gob.hn\/educacionfinanciera\/app-el-club-del-ahorro\/\"]}]},{\"@type\":\"ImageObject\",\"inLanguage\":\"es\",\"@id\":\"https:\/\/www.cnbs.gob.hn\/educacionfinanciera\/app-el-club-del-ahorro\/#primaryimage\",\"url\":\"https:\/\/www.cnbs.gob.hn\/educacionfinanciera\/wp-content\/uploads\/2023\/11\/MicrosoftTeams-image-32.png\",\"contentUrl\":\"https:\/\/www.cnbs.gob.hn\/educacionfinanciera\/wp-content\/uploads\/2023\/11\/MicrosoftTeams-image-32.png\",\"width\":886,\"height\":664},{\"@type\":\"BreadcrumbList\",\"@id\":\"https:\/\/www.cnbs.gob.hn\/educacionfinanciera\/app-el-club-del-ahorro\/#breadcrumb\",\"itemListElement\":[{\"@type\":\"ListItem\",\"position\":1,\"name\":\"Home\",\"item\":\"https:\/\/www.cnbs.gob.hn\/educacionfinanciera\/\"},{\"@type\":\"ListItem\",\"position\":2,\"name\":\"App \u201cEl Club del Ahorro\u201d\"}]},{\"@type\":\"WebSite\",\"@id\":\"https:\/\/www.cnbs.gob.hn\/educacionfinanciera\/#website\",\"url\":\"https:\/\/www.cnbs.gob.hn\/educacionfinanciera\/\",\"name\":\"CNBS - GEIFG - Educaci\u00f3n Financiera\",\"description\":\"\",\"publisher\":{\"@id\":\"https:\/\/www.cnbs.gob.hn\/educacionfinanciera\/#organization\"},\"potentialAction\":[{\"@type\":\"SearchAction\",\"target\":{\"@type\":\"EntryPoint\",\"urlTemplate\":\"https:\/\/www.cnbs.gob.hn\/educacionfinanciera\/?s={search_term_string}\"},\"query-input\":{\"@type\":\"PropertyValueSpecification\",\"valueRequired\":true,\"valueName\":\"search_term_string\"}}],\"inLanguage\":\"es\"},{\"@type\":\"Organization\",\"@id\":\"https:\/\/www.cnbs.gob.hn\/educacionfinanciera\/#organization\",\"name\":\"CNBS - GEIFG - Educaci\u00f3n Financiera\",\"url\":\"https:\/\/www.cnbs.gob.hn\/educacionfinanciera\/\",\"logo\":{\"@type\":\"ImageObject\",\"inLanguage\":\"es\",\"@id\":\"https:\/\/www.cnbs.gob.hn\/educacionfinanciera\/#\/schema\/logo\/image\/\",\"url\":\"https:\/\/www.cnbs.gob.hn\/educacionfinanciera\/wp-content\/uploads\/2020\/11\/Logo-CNBS-SOLO.png\",\"contentUrl\":\"https:\/\/www.cnbs.gob.hn\/educacionfinanciera\/wp-content\/uploads\/2020\/11\/Logo-CNBS-SOLO.png\",\"width\":2250,\"height\":2250,\"caption\":\"CNBS - GEIFG - Educaci\u00f3n Financiera\"},\"image\":{\"@id\":\"https:\/\/www.cnbs.gob.hn\/educacionfinanciera\/#\/schema\/logo\/image\/\"}}]}<\/script>\n<!-- \/ Yoast SEO plugin. -->","yoast_head_json":{"title":"App \u201cEl Club del Ahorro\u201d - CNBS - GEIFG - Educaci\u00f3n Financiera","robots":{"index":"index","follow":"follow","max-snippet":"max-snippet:-1","max-image-preview":"max-image-preview:large","max-video-preview":"max-video-preview:-1"},"canonical":"https:\/\/www.cnbs.gob.hn\/educacionfinanciera\/app-el-club-del-ahorro\/","og_locale":"es_ES","og_type":"article","og_title":"App \u201cEl Club del Ahorro\u201d - CNBS - GEIFG - Educaci\u00f3n Financiera","og_description":"App \u201cEl Club del Ahorro\u201d La plataforma interactiva para ni\u00f1os \u201cEl Club del Ahorro\u201d es una iniciativa de la\u00a0Sparkassenstiftung Latinoam\u00e9rica\u00a0(Fundaci\u00f3n Sparkassen ) y la Comisi\u00f3n Nacional [\u2026]","og_url":"https:\/\/www.cnbs.gob.hn\/educacionfinanciera\/app-el-club-del-ahorro\/","og_site_name":"CNBS - GEIFG - Educaci\u00f3n Financiera","article_modified_time":"2026-02-16T22:22:43+00:00","og_image":[{"width":886,"height":664,"url":"https:\/\/www.cnbs.gob.hn\/educacionfinanciera\/wp-content\/uploads\/2023\/11\/MicrosoftTeams-image-32.png","type":"image\/png"}],"twitter_card":"summary_large_image","twitter_misc":{"Tiempo de lectura":"1 minuto"},"schema":{"@context":"https:\/\/schema.org","@graph":[{"@type":"WebPage","@id":"https:\/\/www.cnbs.gob.hn\/educacionfinanciera\/app-el-club-del-ahorro\/","url":"https:\/\/www.cnbs.gob.hn\/educacionfinanciera\/app-el-club-del-ahorro\/","name":"App \u201cEl Club del Ahorro\u201d - CNBS - GEIFG - Educaci\u00f3n Financiera","isPartOf":{"@id":"https:\/\/www.cnbs.gob.hn\/educacionfinanciera\/#website"},"primaryImageOfPage":{"@id":"https:\/\/www.cnbs.gob.hn\/educacionfinanciera\/app-el-club-del-ahorro\/#primaryimage"},"image":{"@id":"https:\/\/www.cnbs.gob.hn\/educacionfinanciera\/app-el-club-del-ahorro\/#primaryimage"},"thumbnailUrl":"https:\/\/www.cnbs.gob.hn\/educacionfinanciera\/wp-content\/uploads\/2023\/11\/MicrosoftTeams-image-32.png","datePublished":"2023-08-25T23:13:58+00:00","dateModified":"2026-02-16T22:22:43+00:00","breadcrumb":{"@id":"https:\/\/www.cnbs.gob.hn\/educacionfinanciera\/app-el-club-del-ahorro\/#breadcrumb"},"inLanguage":"es","potentialAction":[{"@type":"ReadAction","target":["https:\/\/www.cnbs.gob.hn\/educacionfinanciera\/app-el-club-del-ahorro\/"]}]},{"@type":"ImageObject","inLanguage":"es","@id":"https:\/\/www.cnbs.gob.hn\/educacionfinanciera\/app-el-club-del-ahorro\/#primaryimage","url":"https:\/\/www.cnbs.gob.hn\/educacionfinanciera\/wp-content\/uploads\/2023\/11\/MicrosoftTeams-image-32.png","contentUrl":"https:\/\/www.cnbs.gob.hn\/educacionfinanciera\/wp-content\/uploads\/2023\/11\/MicrosoftTeams-image-32.png","width":886,"height":664},{"@type":"BreadcrumbList","@id":"https:\/\/www.cnbs.gob.hn\/educacionfinanciera\/app-el-club-del-ahorro\/#breadcrumb","itemListElement":[{"@type":"ListItem","position":1,"name":"Home","item":"https:\/\/www.cnbs.gob.hn\/educacionfinanciera\/"},{"@type":"ListItem","position":2,"name":"App \u201cEl Club del Ahorro\u201d"}]},{"@type":"WebSite","@id":"https:\/\/www.cnbs.gob.hn\/educacionfinanciera\/#website","url":"https:\/\/www.cnbs.gob.hn\/educacionfinanciera\/","name":"CNBS - GEIFG - Educaci\u00f3n Financiera","description":"","publisher":{"@id":"https:\/\/www.cnbs.gob.hn\/educacionfinanciera\/#organization"},"potentialAction":[{"@type":"SearchAction","target":{"@type":"EntryPoint","urlTemplate":"https:\/\/www.cnbs.gob.hn\/educacionfinanciera\/?s={search_term_string}"},"query-input":{"@type":"PropertyValueSpecification","valueRequired":true,"valueName":"search_term_string"}}],"inLanguage":"es"},{"@type":"Organization","@id":"https:\/\/www.cnbs.gob.hn\/educacionfinanciera\/#organization","name":"CNBS - GEIFG - Educaci\u00f3n Financiera","url":"https:\/\/www.cnbs.gob.hn\/educacionfinanciera\/","logo":{"@type":"ImageObject","inLanguage":"es","@id":"https:\/\/www.cnbs.gob.hn\/educacionfinanciera\/#\/schema\/logo\/image\/","url":"https:\/\/www.cnbs.gob.hn\/educacionfinanciera\/wp-content\/uploads\/2020\/11\/Logo-CNBS-SOLO.png","contentUrl":"https:\/\/www.cnbs.gob.hn\/educacionfinanciera\/wp-content\/uploads\/2020\/11\/Logo-CNBS-SOLO.png","width":2250,"height":2250,"caption":"CNBS - GEIFG - Educaci\u00f3n Financiera"},"image":{"@id":"https:\/\/www.cnbs.gob.hn\/educacionfinanciera\/#\/schema\/logo\/image\/"}}]}},"_links":{"self":[{"href":"https:\/\/www.cnbs.gob.hn\/educacionfinanciera\/wp-json\/wp\/v2\/pages\/5739","targetHints":{"allow":["GET"]}}],"collection":[{"href":"https:\/\/www.cnbs.gob.hn\/educacionfinanciera\/wp-json\/wp\/v2\/pages"}],"about":[{"href":"https:\/\/www.cnbs.gob.hn\/educacionfinanciera\/wp-json\/wp\/v2\/types\/page"}],"author":[{"embeddable":true,"href":"https:\/\/www.cnbs.gob.hn\/educacionfinanciera\/wp-json\/wp\/v2\/users\/7"}],"replies":[{"embeddable":true,"href":"https:\/\/www.cnbs.gob.hn\/educacionfinanciera\/wp-json\/wp\/v2\/comments?post=5739"}],"version-history":[{"count":3,"href":"https:\/\/www.cnbs.gob.hn\/educacionfinanciera\/wp-json\/wp\/v2\/pages\/5739\/revisions"}],"predecessor-version":[{"id":8015,"href":"https:\/\/www.cnbs.gob.hn\/educacionfinanciera\/wp-json\/wp\/v2\/pages\/5739\/revisions\/8015"}],"wp:attachment":[{"href":"https:\/\/www.cnbs.gob.hn\/educacionfinanciera\/wp-json\/wp\/v2\/media?parent=5739"}],"curies":[{"name":"wp","href":"https:\/\/api.w.org\/{rel}","templated":true}]}}