{"id":5853,"date":"2023-12-14T10:52:09","date_gmt":"2023-12-14T16:52:09","guid":{"rendered":"https:\/\/www.cnbs.gob.hn\/educacionfinanciera\/?page_id=5853"},"modified":"2026-02-16T15:41:50","modified_gmt":"2026-02-16T21:41:50","slug":"ley-y-reglamento-de-tarjetas-de-credito","status":"publish","type":"page","link":"https:\/\/www.cnbs.gob.hn\/educacionfinanciera\/ley-y-reglamento-de-tarjetas-de-credito\/","title":{"rendered":"Ley y Reglamento de Tarjetas de Cr\u00e9dito"},"content":{"rendered":"\t\t<div data-elementor-type=\"wp-page\" data-elementor-id=\"5853\" class=\"elementor elementor-5853\" data-elementor-post-type=\"page\">\n\t\t\t\t\t\t<section class=\"elementor-section elementor-top-section elementor-element elementor-element-79deef0 elementor-section-boxed elementor-section-height-default elementor-section-height-default\" data-id=\"79deef0\" data-element_type=\"section\" data-e-type=\"section\">\n\t\t\t\t\t\t<div class=\"elementor-container elementor-column-gap-default\">\n\t\t\t\t\t<div class=\"elementor-column elementor-col-100 elementor-top-column elementor-element elementor-element-b79141c\" data-id=\"b79141c\" data-element_type=\"column\" data-e-type=\"column\">\n\t\t\t<div class=\"elementor-widget-wrap elementor-element-populated\">\n\t\t\t\t\t\t<div class=\"elementor-element elementor-element-9f95dca elementor-widget elementor-widget-heading\" data-id=\"9f95dca\" data-element_type=\"widget\" data-e-type=\"widget\" data-widget_type=\"heading.default\">\n\t\t\t\t<div class=\"elementor-widget-container\">\n\t\t\t\t\t<h2 class=\"elementor-heading-title elementor-size-default\">Ley y Reglamento de Tarjetas de Cr\u00e9dito<\/h2>\t\t\t\t<\/div>\n\t\t\t\t<\/div>\n\t\t\t\t<div class=\"elementor-element elementor-element-13b5f47 elementor-widget elementor-widget-spacer\" data-id=\"13b5f47\" data-element_type=\"widget\" data-e-type=\"widget\" data-widget_type=\"spacer.default\">\n\t\t\t\t<div class=\"elementor-widget-container\">\n\t\t\t\t\t\t\t<div class=\"elementor-spacer\">\n\t\t\t<div class=\"elementor-spacer-inner\"><\/div>\n\t\t<\/div>\n\t\t\t\t\t\t<\/div>\n\t\t\t\t<\/div>\n\t\t\t\t\t<\/div>\n\t\t<\/div>\n\t\t\t\t\t<\/div>\n\t\t<\/section>\n\t\t\t\t<section class=\"elementor-section elementor-top-section elementor-element elementor-element-e314a8e elementor-section-boxed elementor-section-height-default elementor-section-height-default\" data-id=\"e314a8e\" data-element_type=\"section\" data-e-type=\"section\">\n\t\t\t\t\t\t<div class=\"elementor-container elementor-column-gap-default\">\n\t\t\t\t\t<div class=\"elementor-column elementor-col-33 elementor-top-column elementor-element elementor-element-834d97c\" data-id=\"834d97c\" data-element_type=\"column\" data-e-type=\"column\">\n\t\t\t<div class=\"elementor-widget-wrap elementor-element-populated\">\n\t\t\t\t\t\t<div class=\"elementor-element elementor-element-c20ded4 elementor-position-top elementor-widget elementor-widget-image-box\" data-id=\"c20ded4\" data-element_type=\"widget\" data-e-type=\"widget\" data-widget_type=\"image-box.default\">\n\t\t\t\t<div class=\"elementor-widget-container\">\n\t\t\t\t\t<div class=\"elementor-image-box-wrapper\"><figure class=\"elementor-image-box-img\"><a href=\"https:\/\/cnbs.gob.hn\/educacionfinanciera\/wp-content\/uploads\/2023\/12\/Reglamento_de_ley_tarjetas_de_credito_2013.pdf\" tabindex=\"-1\"><img decoding=\"async\" src=\"https:\/\/cnbs.gob.hn\/educacionfinanciera\/wp-content\/uploads\/2023\/12\/1.png\" alt=\"\" \/><\/a><\/figure><div class=\"elementor-image-box-content\"><h4 class=\"elementor-image-box-title\"><a href=\"https:\/\/cnbs.gob.hn\/educacionfinanciera\/wp-content\/uploads\/2023\/12\/Reglamento_de_ley_tarjetas_de_credito_2013.pdf\">Reglamento de las Tarjetas de Cr\u00e9dito<\/a><\/h4><\/div><\/div>\t\t\t\t<\/div>\n\t\t\t\t<\/div>\n\t\t\t\t\t<\/div>\n\t\t<\/div>\n\t\t\t\t<div class=\"elementor-column elementor-col-33 elementor-top-column elementor-element elementor-element-78ff467\" data-id=\"78ff467\" data-element_type=\"column\" data-e-type=\"column\">\n\t\t\t<div class=\"elementor-widget-wrap elementor-element-populated\">\n\t\t\t\t\t\t<div class=\"elementor-element elementor-element-e359b4b elementor-position-top elementor-widget elementor-widget-image-box\" data-id=\"e359b4b\" data-element_type=\"widget\" data-e-type=\"widget\" data-widget_type=\"image-box.default\">\n\t\t\t\t<div class=\"elementor-widget-container\">\n\t\t\t\t\t<div class=\"elementor-image-box-wrapper\"><figure class=\"elementor-image-box-img\"><a href=\"https:\/\/cnbs.gob.hn\/educacionfinanciera\/wp-content\/uploads\/2023\/12\/Reformas_LeydeTarjetasdeCredito.pdf\" tabindex=\"-1\"><img decoding=\"async\" src=\"https:\/\/cnbs.gob.hn\/educacionfinanciera\/wp-content\/uploads\/2023\/12\/2.png\" alt=\"\" \/><\/a><\/figure><div class=\"elementor-image-box-content\"><h4 class=\"elementor-image-box-title\"><a href=\"https:\/\/cnbs.gob.hn\/educacionfinanciera\/wp-content\/uploads\/2023\/12\/Reformas_LeydeTarjetasdeCredito.pdf\">Reformas Ley de Tarjetas de Cr\u00e9dito<\/a><\/h4><\/div><\/div>\t\t\t\t<\/div>\n\t\t\t\t<\/div>\n\t\t\t\t\t<\/div>\n\t\t<\/div>\n\t\t\t\t<div class=\"elementor-column elementor-col-33 elementor-top-column elementor-element elementor-element-70ba1dd\" data-id=\"70ba1dd\" data-element_type=\"column\" data-e-type=\"column\">\n\t\t\t<div class=\"elementor-widget-wrap elementor-element-populated\">\n\t\t\t\t\t\t<div class=\"elementor-element elementor-element-13d6610 elementor-position-top elementor-widget elementor-widget-image-box\" data-id=\"13d6610\" data-element_type=\"widget\" data-e-type=\"widget\" data-widget_type=\"image-box.default\">\n\t\t\t\t<div class=\"elementor-widget-container\">\n\t\t\t\t\t<div class=\"elementor-image-box-wrapper\"><figure class=\"elementor-image-box-img\"><a href=\"https:\/\/cnbs.gob.hn\/educacionfinanciera\/wp-content\/uploads\/2023\/12\/Reforma-a-Ley-de-TC-2022.pdf\" tabindex=\"-1\"><img decoding=\"async\" src=\"https:\/\/cnbs.gob.hn\/educacionfinanciera\/wp-content\/uploads\/2023\/12\/3.png\" alt=\"\" \/><\/a><\/figure><div class=\"elementor-image-box-content\"><h4 class=\"elementor-image-box-title\"><a href=\"https:\/\/cnbs.gob.hn\/educacionfinanciera\/wp-content\/uploads\/2023\/12\/Reforma-a-Ley-de-TC-2022.pdf\">Ley Tarjetas de Cr\u00e9dito<\/a><\/h4><\/div><\/div>\t\t\t\t<\/div>\n\t\t\t\t<\/div>\n\t\t\t\t\t<\/div>\n\t\t<\/div>\n\t\t\t\t\t<\/div>\n\t\t<\/section>\n\t\t\t\t<section class=\"elementor-section elementor-top-section elementor-element elementor-element-3896efd elementor-section-boxed elementor-section-height-default elementor-section-height-default\" data-id=\"3896efd\" data-element_type=\"section\" data-e-type=\"section\">\n\t\t\t\t\t\t<div class=\"elementor-container elementor-column-gap-default\">\n\t\t\t\t\t<div class=\"elementor-column elementor-col-33 elementor-top-column elementor-element elementor-element-972e0d4\" data-id=\"972e0d4\" data-element_type=\"column\" data-e-type=\"column\">\n\t\t\t<div class=\"elementor-widget-wrap elementor-element-populated\">\n\t\t\t\t\t\t<div class=\"elementor-element elementor-element-6552939 elementor-position-top elementor-widget elementor-widget-image-box\" data-id=\"6552939\" data-element_type=\"widget\" data-e-type=\"widget\" data-widget_type=\"image-box.default\">\n\t\t\t\t<div class=\"elementor-widget-container\">\n\t\t\t\t\t<div class=\"elementor-image-box-wrapper\"><figure class=\"elementor-image-box-img\"><a href=\"https:\/\/cnbs.gob.hn\/educacionfinanciera\/wp-content\/uploads\/2023\/12\/Ley-Tarjetas-de-Credito.pdf\" tabindex=\"-1\"><img decoding=\"async\" src=\"https:\/\/cnbs.gob.hn\/educacionfinanciera\/wp-content\/uploads\/2023\/12\/4.png\" alt=\"\" \/><\/a><\/figure><div class=\"elementor-image-box-content\"><h4 class=\"elementor-image-box-title\"><a href=\"https:\/\/cnbs.gob.hn\/educacionfinanciera\/wp-content\/uploads\/2023\/12\/Ley-Tarjetas-de-Credito.pdf\">Ley de Tarjetas de Cr\u00e9dito 2022<\/a><\/h4><\/div><\/div>\t\t\t\t<\/div>\n\t\t\t\t<\/div>\n\t\t\t\t\t<\/div>\n\t\t<\/div>\n\t\t\t\t<div class=\"elementor-column elementor-col-33 elementor-top-column elementor-element elementor-element-2ca915b\" data-id=\"2ca915b\" data-element_type=\"column\" data-e-type=\"column\">\n\t\t\t<div class=\"elementor-widget-wrap elementor-element-populated\">\n\t\t\t\t\t\t<div class=\"elementor-element elementor-element-f6cde37 elementor-position-top elementor-widget elementor-widget-image-box\" data-id=\"f6cde37\" data-element_type=\"widget\" data-e-type=\"widget\" data-widget_type=\"image-box.default\">\n\t\t\t\t<div class=\"elementor-widget-container\">\n\t\t\t\t\t<div class=\"elementor-image-box-wrapper\"><figure class=\"elementor-image-box-img\"><a href=\"https:\/\/cnbs.gob.hn\/educacionfinanciera\/wp-content\/uploads\/2023\/12\/Decreto_39-2018.pdf\" tabindex=\"-1\"><img decoding=\"async\" src=\"https:\/\/cnbs.gob.hn\/educacionfinanciera\/wp-content\/uploads\/2023\/12\/5.png\" alt=\"\" \/><\/a><\/figure><div class=\"elementor-image-box-content\"><h4 class=\"elementor-image-box-title\"><a href=\"https:\/\/cnbs.gob.hn\/educacionfinanciera\/wp-content\/uploads\/2023\/12\/Decreto_39-2018.pdf\">DECRETO No. 39-2018<\/a><\/h4><\/div><\/div>\t\t\t\t<\/div>\n\t\t\t\t<\/div>\n\t\t\t\t\t<\/div>\n\t\t<\/div>\n\t\t\t\t<div class=\"elementor-column elementor-col-33 elementor-top-column elementor-element elementor-element-7a87274\" data-id=\"7a87274\" data-element_type=\"column\" data-e-type=\"column\">\n\t\t\t<div class=\"elementor-widget-wrap\">\n\t\t\t\t\t\t\t<\/div>\n\t\t<\/div>\n\t\t\t\t\t<\/div>\n\t\t<\/section>\n\t\t\t\t<\/div>\n\t\t","protected":false},"excerpt":{"rendered":"<p>Ley y Reglamento de Tarjetas de Cr\u00e9dito Reglamento de las Tarjetas de Cr\u00e9dito Reformas Ley de Tarjetas de Cr\u00e9dito Ley Tarjetas de Cr\u00e9dito Ley de Tarjetas<span class=\"excerpt-hellip\"> [\u2026]<\/span><\/p>\n","protected":false},"author":7,"featured_media":0,"parent":0,"menu_order":0,"comment_status":"closed","ping_status":"closed","template":"","meta":{"footnotes":""},"class_list":["post-5853","page","type-page","status-publish","hentry"],"yoast_head":"<!-- This site is optimized with the Yoast SEO plugin v27.5 - https:\/\/yoast.com\/product\/yoast-seo-wordpress\/ -->\n<title>Ley y Reglamento de Tarjetas de Cr\u00e9dito - CNBS - GEIFG - Educaci\u00f3n Financiera<\/title>\n<meta name=\"robots\" content=\"index, follow, max-snippet:-1, max-image-preview:large, max-video-preview:-1\" \/>\n<link rel=\"canonical\" href=\"https:\/\/www.cnbs.gob.hn\/educacionfinanciera\/ley-y-reglamento-de-tarjetas-de-credito\/\" \/>\n<meta property=\"og:locale\" content=\"es_ES\" \/>\n<meta property=\"og:type\" content=\"article\" \/>\n<meta property=\"og:title\" content=\"Ley y Reglamento de Tarjetas de Cr\u00e9dito - CNBS - GEIFG - Educaci\u00f3n Financiera\" \/>\n<meta property=\"og:description\" content=\"Ley y Reglamento de Tarjetas de Cr\u00e9dito Reglamento de las Tarjetas de Cr\u00e9dito Reformas Ley de Tarjetas de Cr\u00e9dito Ley Tarjetas de Cr\u00e9dito Ley de Tarjetas [\u2026]\" \/>\n<meta property=\"og:url\" content=\"https:\/\/www.cnbs.gob.hn\/educacionfinanciera\/ley-y-reglamento-de-tarjetas-de-credito\/\" \/>\n<meta property=\"og:site_name\" content=\"CNBS - GEIFG - Educaci\u00f3n Financiera\" \/>\n<meta property=\"article:modified_time\" content=\"2026-02-16T21:41:50+00:00\" \/>\n<meta property=\"og:image\" content=\"https:\/\/cnbs.gob.hn\/educacionfinanciera\/wp-content\/uploads\/2023\/12\/1.png\" \/>\n<meta name=\"twitter:card\" content=\"summary_large_image\" \/>\n<meta name=\"twitter:label1\" content=\"Tiempo de lectura\" \/>\n\t<meta name=\"twitter:data1\" content=\"2 minutos\" \/>\n<script type=\"application\/ld+json\" class=\"yoast-schema-graph\">{\"@context\":\"https:\\\/\\\/schema.org\",\"@graph\":[{\"@type\":\"WebPage\",\"@id\":\"https:\\\/\\\/www.cnbs.gob.hn\\\/educacionfinanciera\\\/ley-y-reglamento-de-tarjetas-de-credito\\\/\",\"url\":\"https:\\\/\\\/www.cnbs.gob.hn\\\/educacionfinanciera\\\/ley-y-reglamento-de-tarjetas-de-credito\\\/\",\"name\":\"Ley y Reglamento de Tarjetas de Cr\u00e9dito - CNBS - GEIFG - Educaci\u00f3n Financiera\",\"isPartOf\":{\"@id\":\"https:\\\/\\\/www.cnbs.gob.hn\\\/educacionfinanciera\\\/#website\"},\"primaryImageOfPage\":{\"@id\":\"https:\\\/\\\/www.cnbs.gob.hn\\\/educacionfinanciera\\\/ley-y-reglamento-de-tarjetas-de-credito\\\/#primaryimage\"},\"image\":{\"@id\":\"https:\\\/\\\/www.cnbs.gob.hn\\\/educacionfinanciera\\\/ley-y-reglamento-de-tarjetas-de-credito\\\/#primaryimage\"},\"thumbnailUrl\":\"https:\\\/\\\/cnbs.gob.hn\\\/educacionfinanciera\\\/wp-content\\\/uploads\\\/2023\\\/12\\\/1.png\",\"datePublished\":\"2023-12-14T16:52:09+00:00\",\"dateModified\":\"2026-02-16T21:41:50+00:00\",\"breadcrumb\":{\"@id\":\"https:\\\/\\\/www.cnbs.gob.hn\\\/educacionfinanciera\\\/ley-y-reglamento-de-tarjetas-de-credito\\\/#breadcrumb\"},\"inLanguage\":\"es\",\"potentialAction\":[{\"@type\":\"ReadAction\",\"target\":[\"https:\\\/\\\/www.cnbs.gob.hn\\\/educacionfinanciera\\\/ley-y-reglamento-de-tarjetas-de-credito\\\/\"]}]},{\"@type\":\"ImageObject\",\"inLanguage\":\"es\",\"@id\":\"https:\\\/\\\/www.cnbs.gob.hn\\\/educacionfinanciera\\\/ley-y-reglamento-de-tarjetas-de-credito\\\/#primaryimage\",\"url\":\"https:\\\/\\\/cnbs.gob.hn\\\/educacionfinanciera\\\/wp-content\\\/uploads\\\/2023\\\/12\\\/1.png\",\"contentUrl\":\"https:\\\/\\\/cnbs.gob.hn\\\/educacionfinanciera\\\/wp-content\\\/uploads\\\/2023\\\/12\\\/1.png\"},{\"@type\":\"BreadcrumbList\",\"@id\":\"https:\\\/\\\/www.cnbs.gob.hn\\\/educacionfinanciera\\\/ley-y-reglamento-de-tarjetas-de-credito\\\/#breadcrumb\",\"itemListElement\":[{\"@type\":\"ListItem\",\"position\":1,\"name\":\"Home\",\"item\":\"https:\\\/\\\/www.cnbs.gob.hn\\\/educacionfinanciera\\\/\"},{\"@type\":\"ListItem\",\"position\":2,\"name\":\"Ley y Reglamento de Tarjetas de Cr\u00e9dito\"}]},{\"@type\":\"WebSite\",\"@id\":\"https:\\\/\\\/www.cnbs.gob.hn\\\/educacionfinanciera\\\/#website\",\"url\":\"https:\\\/\\\/www.cnbs.gob.hn\\\/educacionfinanciera\\\/\",\"name\":\"CNBS - GEIFG - Educaci\u00f3n Financiera\",\"description\":\"\",\"publisher\":{\"@id\":\"https:\\\/\\\/www.cnbs.gob.hn\\\/educacionfinanciera\\\/#organization\"},\"potentialAction\":[{\"@type\":\"SearchAction\",\"target\":{\"@type\":\"EntryPoint\",\"urlTemplate\":\"https:\\\/\\\/www.cnbs.gob.hn\\\/educacionfinanciera\\\/?s={search_term_string}\"},\"query-input\":{\"@type\":\"PropertyValueSpecification\",\"valueRequired\":true,\"valueName\":\"search_term_string\"}}],\"inLanguage\":\"es\"},{\"@type\":\"Organization\",\"@id\":\"https:\\\/\\\/www.cnbs.gob.hn\\\/educacionfinanciera\\\/#organization\",\"name\":\"CNBS - GEIFG - Educaci\u00f3n Financiera\",\"url\":\"https:\\\/\\\/www.cnbs.gob.hn\\\/educacionfinanciera\\\/\",\"logo\":{\"@type\":\"ImageObject\",\"inLanguage\":\"es\",\"@id\":\"https:\\\/\\\/www.cnbs.gob.hn\\\/educacionfinanciera\\\/#\\\/schema\\\/logo\\\/image\\\/\",\"url\":\"https:\\\/\\\/www.cnbs.gob.hn\\\/educacionfinanciera\\\/wp-content\\\/uploads\\\/2020\\\/11\\\/Logo-CNBS-SOLO.png\",\"contentUrl\":\"https:\\\/\\\/www.cnbs.gob.hn\\\/educacionfinanciera\\\/wp-content\\\/uploads\\\/2020\\\/11\\\/Logo-CNBS-SOLO.png\",\"width\":2250,\"height\":2250,\"caption\":\"CNBS - GEIFG - Educaci\u00f3n Financiera\"},\"image\":{\"@id\":\"https:\\\/\\\/www.cnbs.gob.hn\\\/educacionfinanciera\\\/#\\\/schema\\\/logo\\\/image\\\/\"}}]}<\/script>\n<!-- \/ Yoast SEO plugin. -->","yoast_head_json":{"title":"Ley y Reglamento de Tarjetas de Cr\u00e9dito - CNBS - GEIFG - Educaci\u00f3n Financiera","robots":{"index":"index","follow":"follow","max-snippet":"max-snippet:-1","max-image-preview":"max-image-preview:large","max-video-preview":"max-video-preview:-1"},"canonical":"https:\/\/www.cnbs.gob.hn\/educacionfinanciera\/ley-y-reglamento-de-tarjetas-de-credito\/","og_locale":"es_ES","og_type":"article","og_title":"Ley y Reglamento de Tarjetas de Cr\u00e9dito - CNBS - GEIFG - Educaci\u00f3n Financiera","og_description":"Ley y Reglamento de Tarjetas de Cr\u00e9dito Reglamento de las Tarjetas de Cr\u00e9dito Reformas Ley de Tarjetas de Cr\u00e9dito Ley Tarjetas de Cr\u00e9dito Ley de Tarjetas [\u2026]","og_url":"https:\/\/www.cnbs.gob.hn\/educacionfinanciera\/ley-y-reglamento-de-tarjetas-de-credito\/","og_site_name":"CNBS - GEIFG - Educaci\u00f3n Financiera","article_modified_time":"2026-02-16T21:41:50+00:00","og_image":[{"url":"https:\/\/cnbs.gob.hn\/educacionfinanciera\/wp-content\/uploads\/2023\/12\/1.png","type":"","width":"","height":""}],"twitter_card":"summary_large_image","twitter_misc":{"Tiempo de lectura":"2 minutos"},"schema":{"@context":"https:\/\/schema.org","@graph":[{"@type":"WebPage","@id":"https:\/\/www.cnbs.gob.hn\/educacionfinanciera\/ley-y-reglamento-de-tarjetas-de-credito\/","url":"https:\/\/www.cnbs.gob.hn\/educacionfinanciera\/ley-y-reglamento-de-tarjetas-de-credito\/","name":"Ley y Reglamento de Tarjetas de Cr\u00e9dito - CNBS - GEIFG - Educaci\u00f3n Financiera","isPartOf":{"@id":"https:\/\/www.cnbs.gob.hn\/educacionfinanciera\/#website"},"primaryImageOfPage":{"@id":"https:\/\/www.cnbs.gob.hn\/educacionfinanciera\/ley-y-reglamento-de-tarjetas-de-credito\/#primaryimage"},"image":{"@id":"https:\/\/www.cnbs.gob.hn\/educacionfinanciera\/ley-y-reglamento-de-tarjetas-de-credito\/#primaryimage"},"thumbnailUrl":"https:\/\/cnbs.gob.hn\/educacionfinanciera\/wp-content\/uploads\/2023\/12\/1.png","datePublished":"2023-12-14T16:52:09+00:00","dateModified":"2026-02-16T21:41:50+00:00","breadcrumb":{"@id":"https:\/\/www.cnbs.gob.hn\/educacionfinanciera\/ley-y-reglamento-de-tarjetas-de-credito\/#breadcrumb"},"inLanguage":"es","potentialAction":[{"@type":"ReadAction","target":["https:\/\/www.cnbs.gob.hn\/educacionfinanciera\/ley-y-reglamento-de-tarjetas-de-credito\/"]}]},{"@type":"ImageObject","inLanguage":"es","@id":"https:\/\/www.cnbs.gob.hn\/educacionfinanciera\/ley-y-reglamento-de-tarjetas-de-credito\/#primaryimage","url":"https:\/\/cnbs.gob.hn\/educacionfinanciera\/wp-content\/uploads\/2023\/12\/1.png","contentUrl":"https:\/\/cnbs.gob.hn\/educacionfinanciera\/wp-content\/uploads\/2023\/12\/1.png"},{"@type":"BreadcrumbList","@id":"https:\/\/www.cnbs.gob.hn\/educacionfinanciera\/ley-y-reglamento-de-tarjetas-de-credito\/#breadcrumb","itemListElement":[{"@type":"ListItem","position":1,"name":"Home","item":"https:\/\/www.cnbs.gob.hn\/educacionfinanciera\/"},{"@type":"ListItem","position":2,"name":"Ley y Reglamento de Tarjetas de Cr\u00e9dito"}]},{"@type":"WebSite","@id":"https:\/\/www.cnbs.gob.hn\/educacionfinanciera\/#website","url":"https:\/\/www.cnbs.gob.hn\/educacionfinanciera\/","name":"CNBS - GEIFG - Educaci\u00f3n Financiera","description":"","publisher":{"@id":"https:\/\/www.cnbs.gob.hn\/educacionfinanciera\/#organization"},"potentialAction":[{"@type":"SearchAction","target":{"@type":"EntryPoint","urlTemplate":"https:\/\/www.cnbs.gob.hn\/educacionfinanciera\/?s={search_term_string}"},"query-input":{"@type":"PropertyValueSpecification","valueRequired":true,"valueName":"search_term_string"}}],"inLanguage":"es"},{"@type":"Organization","@id":"https:\/\/www.cnbs.gob.hn\/educacionfinanciera\/#organization","name":"CNBS - GEIFG - Educaci\u00f3n Financiera","url":"https:\/\/www.cnbs.gob.hn\/educacionfinanciera\/","logo":{"@type":"ImageObject","inLanguage":"es","@id":"https:\/\/www.cnbs.gob.hn\/educacionfinanciera\/#\/schema\/logo\/image\/","url":"https:\/\/www.cnbs.gob.hn\/educacionfinanciera\/wp-content\/uploads\/2020\/11\/Logo-CNBS-SOLO.png","contentUrl":"https:\/\/www.cnbs.gob.hn\/educacionfinanciera\/wp-content\/uploads\/2020\/11\/Logo-CNBS-SOLO.png","width":2250,"height":2250,"caption":"CNBS - GEIFG - Educaci\u00f3n Financiera"},"image":{"@id":"https:\/\/www.cnbs.gob.hn\/educacionfinanciera\/#\/schema\/logo\/image\/"}}]}},"_links":{"self":[{"href":"https:\/\/www.cnbs.gob.hn\/educacionfinanciera\/wp-json\/wp\/v2\/pages\/5853","targetHints":{"allow":["GET"]}}],"collection":[{"href":"https:\/\/www.cnbs.gob.hn\/educacionfinanciera\/wp-json\/wp\/v2\/pages"}],"about":[{"href":"https:\/\/www.cnbs.gob.hn\/educacionfinanciera\/wp-json\/wp\/v2\/types\/page"}],"author":[{"embeddable":true,"href":"https:\/\/www.cnbs.gob.hn\/educacionfinanciera\/wp-json\/wp\/v2\/users\/7"}],"replies":[{"embeddable":true,"href":"https:\/\/www.cnbs.gob.hn\/educacionfinanciera\/wp-json\/wp\/v2\/comments?post=5853"}],"version-history":[{"count":6,"href":"https:\/\/www.cnbs.gob.hn\/educacionfinanciera\/wp-json\/wp\/v2\/pages\/5853\/revisions"}],"predecessor-version":[{"id":7987,"href":"https:\/\/www.cnbs.gob.hn\/educacionfinanciera\/wp-json\/wp\/v2\/pages\/5853\/revisions\/7987"}],"wp:attachment":[{"href":"https:\/\/www.cnbs.gob.hn\/educacionfinanciera\/wp-json\/wp\/v2\/media?parent=5853"}],"curies":[{"name":"wp","href":"https:\/\/api.w.org\/{rel}","templated":true}]}}