{"id":686,"date":"2018-04-13T18:36:33","date_gmt":"2018-04-13T18:36:33","guid":{"rendered":"https:\/\/www.cnbs.gob.hn\/educacionfinanciera\/?page_id=686"},"modified":"2023-07-11T12:29:07","modified_gmt":"2023-07-11T18:29:07","slug":"planificando-para-su-retiro","status":"publish","type":"page","link":"https:\/\/www.cnbs.gob.hn\/educacionfinanciera\/jubilacion-y-retiro\/planificando-para-su-retiro\/","title":{"rendered":"Planificando para su retiro"},"content":{"rendered":"\t\t<div data-elementor-type=\"wp-post\" data-elementor-id=\"686\" class=\"elementor elementor-686\" data-elementor-post-type=\"page\">\n\t\t\t\t\t\t<section class=\"elementor-section elementor-top-section elementor-element elementor-element-c3480d2 elementor-section-boxed elementor-section-height-default elementor-section-height-default\" data-id=\"c3480d2\" data-element_type=\"section\" data-e-type=\"section\">\n\t\t\t\t\t\t<div class=\"elementor-container elementor-column-gap-default\">\n\t\t\t\t\t<div class=\"elementor-column elementor-col-50 elementor-top-column elementor-element elementor-element-4f99d17\" data-id=\"4f99d17\" data-element_type=\"column\" data-e-type=\"column\">\n\t\t\t<div class=\"elementor-widget-wrap elementor-element-populated\">\n\t\t\t\t\t\t<div class=\"elementor-element elementor-element-0f9a622 elementor-widget elementor-widget-text-editor\" data-id=\"0f9a622\" data-element_type=\"widget\" data-e-type=\"widget\" data-widget_type=\"text-editor.default\">\n\t\t\t\t<div class=\"elementor-widget-container\">\n\t\t\t\t\t\t\t\t\t<p class=\"just\">Un plan de pensiones es un producto financiero de ahorro a largo plazo vinculado a la jubilaci\u00f3n y a otras contingencias como la incapacidad laboral permanente, permanente y el fallecimiento.<\/p>\n\n<h4><span style=\"color: #993300;\"><strong>Consejos para la Planificaci\u00f3n de su\u00a0Jubilaci\u00f3n<\/strong><\/span><\/h4>\n<h4><i class=\"\tfa fa-edit\" style=\"font-size:20px;color:orange;\"><\/i> \n Ahorre lo que pueda lo antes posible<\/h4>\n<p class=\"just\">A pesar de que nunca es demasiado tarde para empezar, cuanto antes comience a ahorrar, m\u00e1s tiempo tendr\u00e1 su dinero para crecer. Las ganancias cada a\u00f1o se basan en el ejercicio anterior de &#8211; ese es el poder de la capitalizaci\u00f3n, y la mejor manera de acumular riqueza.<\/p>\n\n<h4><i class=\"fa fa-edit\" style=\"font-size:20px;color:orange;\"><\/i> Establezca metas realistas<\/h4>\nProyecte sus gastos de jubilaci\u00f3n en funci\u00f3n de sus necesidades, no reglas generales. Sea honesto acerca de c\u00f3mo quiere vivir en el retiro y cu\u00e1nto va a costar.<\/p>\n<p class=\"just\"><\/p>\t\t\t\t\t\t\t\t<\/div>\n\t\t\t\t<\/div>\n\t\t\t\t\t<\/div>\n\t\t<\/div>\n\t\t\t\t<div class=\"elementor-column elementor-col-50 elementor-top-column elementor-element elementor-element-ed0296c\" data-id=\"ed0296c\" data-element_type=\"column\" data-e-type=\"column\">\n\t\t\t<div class=\"elementor-widget-wrap elementor-element-populated\">\n\t\t\t\t\t\t<div class=\"elementor-element elementor-element-f0eeab6 elementor-widget elementor-widget-image\" data-id=\"f0eeab6\" data-element_type=\"widget\" data-e-type=\"widget\" data-widget_type=\"image.default\">\n\t\t\t\t<div class=\"elementor-widget-container\">\n\t\t\t\t\t\t\t\t\t\t\t\t\t\t\t<img fetchpriority=\"high\" decoding=\"async\" width=\"640\" height=\"427\" src=\"https:\/\/www.cnbs.gob.hn\/educacionfinanciera\/wp-content\/uploads\/2018\/04\/jubilacion.jpg\" class=\"elementor-animation-shrink attachment-large size-large wp-image-695\" alt=\"\" srcset=\"https:\/\/www.cnbs.gob.hn\/educacionfinanciera\/wp-content\/uploads\/2018\/04\/jubilacion.jpg 640w, https:\/\/www.cnbs.gob.hn\/educacionfinanciera\/wp-content\/uploads\/2018\/04\/jubilacion-300x200.jpg 300w, https:\/\/www.cnbs.gob.hn\/educacionfinanciera\/wp-content\/uploads\/2018\/04\/jubilacion-219x146.jpg 219w, https:\/\/www.cnbs.gob.hn\/educacionfinanciera\/wp-content\/uploads\/2018\/04\/jubilacion-50x33.jpg 50w, https:\/\/www.cnbs.gob.hn\/educacionfinanciera\/wp-content\/uploads\/2018\/04\/jubilacion-112x75.jpg 112w\" sizes=\"(max-width:767px) 480px, 640px\" \/>\t\t\t\t\t\t\t\t\t\t\t\t\t\t\t<\/div>\n\t\t\t\t<\/div>\n\t\t\t\t\t<\/div>\n\t\t<\/div>\n\t\t\t\t\t<\/div>\n\t\t<\/section>\n\t\t\t\t<section class=\"elementor-section elementor-top-section elementor-element elementor-element-ae043f8 elementor-section-boxed elementor-section-height-default elementor-section-height-default\" data-id=\"ae043f8\" data-element_type=\"section\" data-e-type=\"section\">\n\t\t\t\t\t\t<div class=\"elementor-container elementor-column-gap-default\">\n\t\t\t\t\t<div class=\"elementor-column elementor-col-100 elementor-top-column elementor-element elementor-element-1f6b5c1\" data-id=\"1f6b5c1\" data-element_type=\"column\" data-e-type=\"column\">\n\t\t\t<div class=\"elementor-widget-wrap elementor-element-populated\">\n\t\t\t\t\t\t<div class=\"elementor-element elementor-element-a48f1c0 elementor-widget elementor-widget-text-editor\" data-id=\"a48f1c0\" data-element_type=\"widget\" data-e-type=\"widget\" data-widget_type=\"text-editor.default\">\n\t\t\t\t<div class=\"elementor-widget-container\">\n\t\t\t\t\t\t\t\t\t<h4><i class=\"fa fa-edit\" style=\"font-size: 20px; color: orange;\"><\/i> Las acciones son las mejores para el crecimiento a largo plazo<\/h4><p>\u00a0<\/p><p class=\"just\">Las acciones tienen la mejor oportunidad de lograr un alto rendimiento durante largos per\u00edodos. Una dosis saludable le ayudar\u00e1 a asegurarse de que sus ahorros crece m\u00e1s r\u00e1pido que la inflaci\u00f3n, el aumento del poder adquisitivo de sus ahorros.<\/p><h4><i class=\"fa fa-edit\" style=\"font-size: 20px; color: orange;\"><\/i> Trabajo a tiempo parcial en la jubilaci\u00f3n puede ayudar en m\u00e1s de un sentido<\/h4><p class=\"just\">Trabajo mantiene comprometido socialmente y reduce la cantidad de retiros de sus ahorros.<\/p>\t\t\t\t\t\t\t\t<\/div>\n\t\t\t\t<\/div>\n\t\t\t\t\t<\/div>\n\t\t<\/div>\n\t\t\t\t\t<\/div>\n\t\t<\/section>\n\t\t\t\t<section class=\"elementor-section elementor-top-section elementor-element elementor-element-19fe3aa elementor-section-boxed elementor-section-height-default elementor-section-height-default\" data-id=\"19fe3aa\" data-element_type=\"section\" data-e-type=\"section\">\n\t\t\t\t\t\t<div class=\"elementor-container elementor-column-gap-default\">\n\t\t\t\t\t<div class=\"elementor-column elementor-col-66 elementor-top-column elementor-element elementor-element-092a3ec\" data-id=\"092a3ec\" data-element_type=\"column\" data-e-type=\"column\">\n\t\t\t<div class=\"elementor-widget-wrap elementor-element-populated\">\n\t\t\t\t\t\t<div class=\"elementor-element elementor-element-ef46614 elementor-widget elementor-widget-text-editor\" data-id=\"ef46614\" data-element_type=\"widget\" data-e-type=\"widget\" data-widget_type=\"text-editor.default\">\n\t\t\t\t<div class=\"elementor-widget-container\">\n\t\t\t\t\t\t\t\t\t<h4><span style=\"color: #993300;\"><strong>Manejo del Fondo de Registro<\/strong><\/span><\/h4><p class=\"just\">Los aportes son deducibles en un 100% de sus ingresos anuales, a fin de calcular el Impuesto Sobre la Renta, los intereses que generan las inversiones del Fondo de Pensiones no son gravados con ning\u00fan tipo de tasa fiscal.<\/p><p class=\"just\">Se puede retirar el total del fondo acumulado en cualquier momento ya que es un patrimonio de los participantes; sin embargo, se le aplicar\u00e1 un cargo por retiro anticipado.<\/p><p class=\"just\">Se pueden hacer aportes extraordinarios en cualquier momento, as\u00ed ser\u00e1 mayor el patrimonio que acumule y m\u00e1s alta ser\u00e1 la pensi\u00f3n que recibir\u00e1.<\/p>\t\t\t\t\t\t\t\t<\/div>\n\t\t\t\t<\/div>\n\t\t\t\t\t<\/div>\n\t\t<\/div>\n\t\t\t\t<div class=\"elementor-column elementor-col-33 elementor-top-column elementor-element elementor-element-2267d66\" data-id=\"2267d66\" data-element_type=\"column\" data-e-type=\"column\">\n\t\t\t<div class=\"elementor-widget-wrap elementor-element-populated\">\n\t\t\t\t\t\t<div class=\"elementor-element elementor-element-5dc808f elementor-widget elementor-widget-image\" data-id=\"5dc808f\" data-element_type=\"widget\" data-e-type=\"widget\" data-widget_type=\"image.default\">\n\t\t\t\t<div class=\"elementor-widget-container\">\n\t\t\t\t\t\t\t\t\t\t\t\t\t\t\t<img decoding=\"async\" src=\"https:\/\/www.cnbs.gob.hn\/educacionfinanciera\/wp-content\/uploads\/elementor\/thumbs\/planificar-retiro-q6pl6ixrri1kz0p3h16f3z69me043z5c54x4u58mbk.jpg\" alt=\"planificar-retiro\" \/>\t\t\t\t\t\t\t\t\t\t\t\t\t\t\t<\/div>\n\t\t\t\t<\/div>\n\t\t\t\t\t<\/div>\n\t\t<\/div>\n\t\t\t\t\t<\/div>\n\t\t<\/section>\n\t\t\t\t<section class=\"elementor-section elementor-top-section elementor-element elementor-element-078524d elementor-section-boxed elementor-section-height-default elementor-section-height-default\" data-id=\"078524d\" data-element_type=\"section\" data-e-type=\"section\">\n\t\t\t\t\t\t<div class=\"elementor-container elementor-column-gap-default\">\n\t\t\t\t\t<div class=\"elementor-column elementor-col-100 elementor-top-column elementor-element elementor-element-c486132\" data-id=\"c486132\" data-element_type=\"column\" data-e-type=\"column\">\n\t\t\t<div class=\"elementor-widget-wrap elementor-element-populated\">\n\t\t\t\t\t\t<div class=\"elementor-element elementor-element-9f57dd4 elementor-widget elementor-widget-text-editor\" data-id=\"9f57dd4\" data-element_type=\"widget\" data-e-type=\"widget\" data-widget_type=\"text-editor.default\">\n\t\t\t\t<div class=\"elementor-widget-container\">\n\t\t\t\t\t\t\t\t\t<h4><i class=\"fa fa-edit\" style=\"font-size: 20px; color: orange;\"><\/i>6 consejos para afrontar la jubilaci\u00f3n de manera positiva:<\/h4><p class=\"just\">Las acciones tienen la mejor oportunidad de lograr un alto rendimiento durante largos per\u00edodos. Una dosis saludable le ayudar\u00e1 a asegurarse de que sus ahorros crece m\u00e1s r\u00e1pido que la inflaci\u00f3n, el aumento del poder adquisitivo de sus ahorros.<\/p><ul><li><u>Encuentra un sentido para tu d\u00eda a d\u00eda:<\/u> elijas la actividad que elijas, la misma debe ser interesante y con un prop\u00f3sito. Esto te permitir\u00e1 mantener la motivaci\u00f3n.<\/li><li><u>Es un buen momento para recuperar tu espacio y tu tiempo:<\/u> durante muchos a\u00f1os pusiste una pausa a ciertas ideas o planes, porque no podr\u00edas encontrarles un lugar en la agenda. Sin embargo, esta etapa de la vida es volver a conectar contigo mismo a tu ritmo y estilo.<\/li><li><u>Busca planes que te interesen:<\/u> la jubilaci\u00f3n no tiene que ser sin\u00f3nimo de quedarse en casa todo el d\u00eda viendo televisi\u00f3n. Hoy en d\u00eda, existen muchas propuestas para hacer diferentes actividades, como ser: aprender un idioma, instrumentos, arte, pintura, ejercicio, cocina, jardiner\u00eda, entre otros.<\/li><li><u>Genera y fortalece tu propia red:<\/u> disfruta de actividades con la familia, arma planes con tus nietos, sal con tus amistades o asiste alg\u00fan grupo de la iglesia.<\/li><li><u>Dise\u00f1a un nuevo futuro laboral:<\/u> jubilarse no quiere decir que tengas que abandonar por completo tu actividad profesional, puedes continuar realizando algunos trabajos, integrando tu tiempo de ocio con lo laboral.<\/li><li><u>Int\u00e9grate a grupos comunitarios o con fines sociales:<\/u> muchas veces, poder formar parte de alguna ONG, patronato vecinal o realizar actividades comunitarias, tambi\u00e9n nos ayuda a reencontrarnos con nuestro valor y sentirnos \u00fatiles.<\/li><\/ul>\t\t\t\t\t\t\t\t<\/div>\n\t\t\t\t<\/div>\n\t\t\t\t\t<\/div>\n\t\t<\/div>\n\t\t\t\t\t<\/div>\n\t\t<\/section>\n\t\t\t\t<section class=\"elementor-section elementor-top-section elementor-element elementor-element-9570424 elementor-section-boxed elementor-section-height-default elementor-section-height-default\" data-id=\"9570424\" data-element_type=\"section\" data-e-type=\"section\">\n\t\t\t\t\t\t<div class=\"elementor-container elementor-column-gap-default\">\n\t\t\t\t\t<div class=\"elementor-column elementor-col-100 elementor-top-column elementor-element elementor-element-139d5ad\" data-id=\"139d5ad\" data-element_type=\"column\" data-e-type=\"column\">\n\t\t\t<div class=\"elementor-widget-wrap elementor-element-populated\">\n\t\t\t\t\t\t<div class=\"elementor-element elementor-element-843d8fd elementor-widget elementor-widget-image\" data-id=\"843d8fd\" data-element_type=\"widget\" data-e-type=\"widget\" data-widget_type=\"image.default\">\n\t\t\t\t<div class=\"elementor-widget-container\">\n\t\t\t\t\t\t\t\t\t\t\t\t\t\t\t\t<a href=\"https:\/\/www.cnbs.gob.hn\/educacionfinanciera\/wp-content\/uploads\/2023\/01\/FondoAhorro_Vejez.png\" data-elementor-open-lightbox=\"yes\" data-elementor-lightbox-title=\"FondoAhorro_Vejez\" data-e-action-hash=\"#elementor-action%3Aaction%3Dlightbox%26settings%3DeyJpZCI6NDQ5MSwidXJsIjoiaHR0cHM6XC9cL3d3dy5jbmJzLmdvYi5oblwvZWR1Y2FjaW9uZmluYW5jaWVyYVwvd3AtY29udGVudFwvdXBsb2Fkc1wvMjAyM1wvMDFcL0ZvbmRvQWhvcnJvX1ZlamV6LnBuZyJ9\">\n\t\t\t\t\t\t\t<img decoding=\"async\" width=\"768\" height=\"1380\" src=\"https:\/\/www.cnbs.gob.hn\/educacionfinanciera\/wp-content\/uploads\/2023\/01\/FondoAhorro_Vejez-768x1380.png\" class=\"attachment-medium_large size-medium_large wp-image-4491\" alt=\"\" srcset=\"https:\/\/www.cnbs.gob.hn\/educacionfinanciera\/wp-content\/uploads\/2023\/01\/FondoAhorro_Vejez-768x1380.png 768w, https:\/\/www.cnbs.gob.hn\/educacionfinanciera\/wp-content\/uploads\/2023\/01\/FondoAhorro_Vejez-167x300.png 167w, https:\/\/www.cnbs.gob.hn\/educacionfinanciera\/wp-content\/uploads\/2023\/01\/FondoAhorro_Vejez-570x1024.png 570w, https:\/\/www.cnbs.gob.hn\/educacionfinanciera\/wp-content\/uploads\/2023\/01\/FondoAhorro_Vejez-855x1536.png 855w, https:\/\/www.cnbs.gob.hn\/educacionfinanciera\/wp-content\/uploads\/2023\/01\/FondoAhorro_Vejez-1140x2048.png 1140w, https:\/\/www.cnbs.gob.hn\/educacionfinanciera\/wp-content\/uploads\/2023\/01\/FondoAhorro_Vejez-81x146.png 81w, https:\/\/www.cnbs.gob.hn\/educacionfinanciera\/wp-content\/uploads\/2023\/01\/FondoAhorro_Vejez-28x50.png 28w, https:\/\/www.cnbs.gob.hn\/educacionfinanciera\/wp-content\/uploads\/2023\/01\/FondoAhorro_Vejez-42x75.png 42w\" sizes=\"(max-width:767px) 480px, (max-width:768px) 100vw, 768px\" \/>\t\t\t\t\t\t\t\t<\/a>\n\t\t\t\t\t\t\t\t\t\t\t\t\t\t\t<\/div>\n\t\t\t\t<\/div>\n\t\t\t\t\t<\/div>\n\t\t<\/div>\n\t\t\t\t\t<\/div>\n\t\t<\/section>\n\t\t\t\t<\/div>\n\t\t","protected":false},"excerpt":{"rendered":"<p>Un plan de pensiones es un producto financiero de ahorro a largo plazo vinculado a la jubilaci\u00f3n y a otras contingencias como la incapacidad laboral permanente,<span class=\"excerpt-hellip\"> [\u2026]<\/span><\/p>\n","protected":false},"author":2,"featured_media":0,"parent":702,"menu_order":0,"comment_status":"closed","ping_status":"closed","template":"","meta":{"footnotes":""},"class_list":["post-686","page","type-page","status-publish","hentry"],"yoast_head":"<!-- This site is optimized with the Yoast SEO plugin v27.5 - https:\/\/yoast.com\/product\/yoast-seo-wordpress\/ -->\n<title>Planificando para su retiro - CNBS - GEIFG - Educaci\u00f3n Financiera<\/title>\n<meta name=\"robots\" content=\"index, follow, max-snippet:-1, max-image-preview:large, max-video-preview:-1\" \/>\n<link rel=\"canonical\" href=\"https:\/\/www.cnbs.gob.hn\/educacionfinanciera\/jubilacion-y-retiro\/planificando-para-su-retiro\/\" \/>\n<meta property=\"og:locale\" content=\"es_ES\" \/>\n<meta property=\"og:type\" content=\"article\" \/>\n<meta property=\"og:title\" content=\"Planificando para su retiro - CNBS - GEIFG - Educaci\u00f3n Financiera\" \/>\n<meta property=\"og:description\" content=\"Un plan de pensiones es un producto financiero de ahorro a largo plazo vinculado a la jubilaci\u00f3n y a otras contingencias como la incapacidad laboral permanente, [\u2026]\" \/>\n<meta property=\"og:url\" content=\"https:\/\/www.cnbs.gob.hn\/educacionfinanciera\/jubilacion-y-retiro\/planificando-para-su-retiro\/\" \/>\n<meta property=\"og:site_name\" content=\"CNBS - GEIFG - Educaci\u00f3n Financiera\" \/>\n<meta property=\"article:modified_time\" content=\"2023-07-11T18:29:07+00:00\" \/>\n<meta property=\"og:image\" content=\"https:\/\/www.cnbs.gob.hn\/educacionfinanciera\/wp-content\/uploads\/2018\/04\/jubilacion.jpg\" \/>\n<meta name=\"twitter:card\" content=\"summary_large_image\" \/>\n<meta name=\"twitter:label1\" content=\"Tiempo de lectura\" \/>\n\t<meta name=\"twitter:data1\" content=\"3 minutos\" \/>\n<script type=\"application\/ld+json\" class=\"yoast-schema-graph\">{\"@context\":\"https:\\\/\\\/schema.org\",\"@graph\":[{\"@type\":\"WebPage\",\"@id\":\"https:\\\/\\\/www.cnbs.gob.hn\\\/educacionfinanciera\\\/jubilacion-y-retiro\\\/planificando-para-su-retiro\\\/\",\"url\":\"https:\\\/\\\/www.cnbs.gob.hn\\\/educacionfinanciera\\\/jubilacion-y-retiro\\\/planificando-para-su-retiro\\\/\",\"name\":\"Planificando para su retiro - CNBS - GEIFG - Educaci\u00f3n Financiera\",\"isPartOf\":{\"@id\":\"https:\\\/\\\/www.cnbs.gob.hn\\\/educacionfinanciera\\\/#website\"},\"primaryImageOfPage\":{\"@id\":\"https:\\\/\\\/www.cnbs.gob.hn\\\/educacionfinanciera\\\/jubilacion-y-retiro\\\/planificando-para-su-retiro\\\/#primaryimage\"},\"image\":{\"@id\":\"https:\\\/\\\/www.cnbs.gob.hn\\\/educacionfinanciera\\\/jubilacion-y-retiro\\\/planificando-para-su-retiro\\\/#primaryimage\"},\"thumbnailUrl\":\"https:\\\/\\\/www.cnbs.gob.hn\\\/educacionfinanciera\\\/wp-content\\\/uploads\\\/2018\\\/04\\\/jubilacion.jpg\",\"datePublished\":\"2018-04-13T18:36:33+00:00\",\"dateModified\":\"2023-07-11T18:29:07+00:00\",\"breadcrumb\":{\"@id\":\"https:\\\/\\\/www.cnbs.gob.hn\\\/educacionfinanciera\\\/jubilacion-y-retiro\\\/planificando-para-su-retiro\\\/#breadcrumb\"},\"inLanguage\":\"es\",\"potentialAction\":[{\"@type\":\"ReadAction\",\"target\":[\"https:\\\/\\\/www.cnbs.gob.hn\\\/educacionfinanciera\\\/jubilacion-y-retiro\\\/planificando-para-su-retiro\\\/\"]}]},{\"@type\":\"ImageObject\",\"inLanguage\":\"es\",\"@id\":\"https:\\\/\\\/www.cnbs.gob.hn\\\/educacionfinanciera\\\/jubilacion-y-retiro\\\/planificando-para-su-retiro\\\/#primaryimage\",\"url\":\"https:\\\/\\\/www.cnbs.gob.hn\\\/educacionfinanciera\\\/wp-content\\\/uploads\\\/2018\\\/04\\\/jubilacion.jpg\",\"contentUrl\":\"https:\\\/\\\/www.cnbs.gob.hn\\\/educacionfinanciera\\\/wp-content\\\/uploads\\\/2018\\\/04\\\/jubilacion.jpg\",\"width\":640,\"height\":427},{\"@type\":\"BreadcrumbList\",\"@id\":\"https:\\\/\\\/www.cnbs.gob.hn\\\/educacionfinanciera\\\/jubilacion-y-retiro\\\/planificando-para-su-retiro\\\/#breadcrumb\",\"itemListElement\":[{\"@type\":\"ListItem\",\"position\":1,\"name\":\"Home\",\"item\":\"https:\\\/\\\/www.cnbs.gob.hn\\\/educacionfinanciera\\\/\"},{\"@type\":\"ListItem\",\"position\":2,\"name\":\"Jubilaci\u00f3n y Retiro\",\"item\":\"https:\\\/\\\/www.cnbs.gob.hn\\\/educacionfinanciera\\\/jubilacion-y-retiro\\\/\"},{\"@type\":\"ListItem\",\"position\":3,\"name\":\"Planificando para su retiro\"}]},{\"@type\":\"WebSite\",\"@id\":\"https:\\\/\\\/www.cnbs.gob.hn\\\/educacionfinanciera\\\/#website\",\"url\":\"https:\\\/\\\/www.cnbs.gob.hn\\\/educacionfinanciera\\\/\",\"name\":\"CNBS - GEIFG - Educaci\u00f3n Financiera\",\"description\":\"\",\"publisher\":{\"@id\":\"https:\\\/\\\/www.cnbs.gob.hn\\\/educacionfinanciera\\\/#organization\"},\"potentialAction\":[{\"@type\":\"SearchAction\",\"target\":{\"@type\":\"EntryPoint\",\"urlTemplate\":\"https:\\\/\\\/www.cnbs.gob.hn\\\/educacionfinanciera\\\/?s={search_term_string}\"},\"query-input\":{\"@type\":\"PropertyValueSpecification\",\"valueRequired\":true,\"valueName\":\"search_term_string\"}}],\"inLanguage\":\"es\"},{\"@type\":\"Organization\",\"@id\":\"https:\\\/\\\/www.cnbs.gob.hn\\\/educacionfinanciera\\\/#organization\",\"name\":\"CNBS - GEIFG - Educaci\u00f3n Financiera\",\"url\":\"https:\\\/\\\/www.cnbs.gob.hn\\\/educacionfinanciera\\\/\",\"logo\":{\"@type\":\"ImageObject\",\"inLanguage\":\"es\",\"@id\":\"https:\\\/\\\/www.cnbs.gob.hn\\\/educacionfinanciera\\\/#\\\/schema\\\/logo\\\/image\\\/\",\"url\":\"https:\\\/\\\/www.cnbs.gob.hn\\\/educacionfinanciera\\\/wp-content\\\/uploads\\\/2020\\\/11\\\/Logo-CNBS-SOLO.png\",\"contentUrl\":\"https:\\\/\\\/www.cnbs.gob.hn\\\/educacionfinanciera\\\/wp-content\\\/uploads\\\/2020\\\/11\\\/Logo-CNBS-SOLO.png\",\"width\":2250,\"height\":2250,\"caption\":\"CNBS - GEIFG - Educaci\u00f3n Financiera\"},\"image\":{\"@id\":\"https:\\\/\\\/www.cnbs.gob.hn\\\/educacionfinanciera\\\/#\\\/schema\\\/logo\\\/image\\\/\"}}]}<\/script>\n<!-- \/ Yoast SEO plugin. -->","yoast_head_json":{"title":"Planificando para su retiro - CNBS - GEIFG - Educaci\u00f3n Financiera","robots":{"index":"index","follow":"follow","max-snippet":"max-snippet:-1","max-image-preview":"max-image-preview:large","max-video-preview":"max-video-preview:-1"},"canonical":"https:\/\/www.cnbs.gob.hn\/educacionfinanciera\/jubilacion-y-retiro\/planificando-para-su-retiro\/","og_locale":"es_ES","og_type":"article","og_title":"Planificando para su retiro - CNBS - GEIFG - Educaci\u00f3n Financiera","og_description":"Un plan de pensiones es un producto financiero de ahorro a largo plazo vinculado a la jubilaci\u00f3n y a otras contingencias como la incapacidad laboral permanente, [\u2026]","og_url":"https:\/\/www.cnbs.gob.hn\/educacionfinanciera\/jubilacion-y-retiro\/planificando-para-su-retiro\/","og_site_name":"CNBS - GEIFG - Educaci\u00f3n Financiera","article_modified_time":"2023-07-11T18:29:07+00:00","og_image":[{"url":"https:\/\/www.cnbs.gob.hn\/educacionfinanciera\/wp-content\/uploads\/2018\/04\/jubilacion.jpg","type":"","width":"","height":""}],"twitter_card":"summary_large_image","twitter_misc":{"Tiempo de lectura":"3 minutos"},"schema":{"@context":"https:\/\/schema.org","@graph":[{"@type":"WebPage","@id":"https:\/\/www.cnbs.gob.hn\/educacionfinanciera\/jubilacion-y-retiro\/planificando-para-su-retiro\/","url":"https:\/\/www.cnbs.gob.hn\/educacionfinanciera\/jubilacion-y-retiro\/planificando-para-su-retiro\/","name":"Planificando para su retiro - CNBS - GEIFG - Educaci\u00f3n Financiera","isPartOf":{"@id":"https:\/\/www.cnbs.gob.hn\/educacionfinanciera\/#website"},"primaryImageOfPage":{"@id":"https:\/\/www.cnbs.gob.hn\/educacionfinanciera\/jubilacion-y-retiro\/planificando-para-su-retiro\/#primaryimage"},"image":{"@id":"https:\/\/www.cnbs.gob.hn\/educacionfinanciera\/jubilacion-y-retiro\/planificando-para-su-retiro\/#primaryimage"},"thumbnailUrl":"https:\/\/www.cnbs.gob.hn\/educacionfinanciera\/wp-content\/uploads\/2018\/04\/jubilacion.jpg","datePublished":"2018-04-13T18:36:33+00:00","dateModified":"2023-07-11T18:29:07+00:00","breadcrumb":{"@id":"https:\/\/www.cnbs.gob.hn\/educacionfinanciera\/jubilacion-y-retiro\/planificando-para-su-retiro\/#breadcrumb"},"inLanguage":"es","potentialAction":[{"@type":"ReadAction","target":["https:\/\/www.cnbs.gob.hn\/educacionfinanciera\/jubilacion-y-retiro\/planificando-para-su-retiro\/"]}]},{"@type":"ImageObject","inLanguage":"es","@id":"https:\/\/www.cnbs.gob.hn\/educacionfinanciera\/jubilacion-y-retiro\/planificando-para-su-retiro\/#primaryimage","url":"https:\/\/www.cnbs.gob.hn\/educacionfinanciera\/wp-content\/uploads\/2018\/04\/jubilacion.jpg","contentUrl":"https:\/\/www.cnbs.gob.hn\/educacionfinanciera\/wp-content\/uploads\/2018\/04\/jubilacion.jpg","width":640,"height":427},{"@type":"BreadcrumbList","@id":"https:\/\/www.cnbs.gob.hn\/educacionfinanciera\/jubilacion-y-retiro\/planificando-para-su-retiro\/#breadcrumb","itemListElement":[{"@type":"ListItem","position":1,"name":"Home","item":"https:\/\/www.cnbs.gob.hn\/educacionfinanciera\/"},{"@type":"ListItem","position":2,"name":"Jubilaci\u00f3n y Retiro","item":"https:\/\/www.cnbs.gob.hn\/educacionfinanciera\/jubilacion-y-retiro\/"},{"@type":"ListItem","position":3,"name":"Planificando para su retiro"}]},{"@type":"WebSite","@id":"https:\/\/www.cnbs.gob.hn\/educacionfinanciera\/#website","url":"https:\/\/www.cnbs.gob.hn\/educacionfinanciera\/","name":"CNBS - GEIFG - Educaci\u00f3n Financiera","description":"","publisher":{"@id":"https:\/\/www.cnbs.gob.hn\/educacionfinanciera\/#organization"},"potentialAction":[{"@type":"SearchAction","target":{"@type":"EntryPoint","urlTemplate":"https:\/\/www.cnbs.gob.hn\/educacionfinanciera\/?s={search_term_string}"},"query-input":{"@type":"PropertyValueSpecification","valueRequired":true,"valueName":"search_term_string"}}],"inLanguage":"es"},{"@type":"Organization","@id":"https:\/\/www.cnbs.gob.hn\/educacionfinanciera\/#organization","name":"CNBS - GEIFG - Educaci\u00f3n Financiera","url":"https:\/\/www.cnbs.gob.hn\/educacionfinanciera\/","logo":{"@type":"ImageObject","inLanguage":"es","@id":"https:\/\/www.cnbs.gob.hn\/educacionfinanciera\/#\/schema\/logo\/image\/","url":"https:\/\/www.cnbs.gob.hn\/educacionfinanciera\/wp-content\/uploads\/2020\/11\/Logo-CNBS-SOLO.png","contentUrl":"https:\/\/www.cnbs.gob.hn\/educacionfinanciera\/wp-content\/uploads\/2020\/11\/Logo-CNBS-SOLO.png","width":2250,"height":2250,"caption":"CNBS - GEIFG - Educaci\u00f3n Financiera"},"image":{"@id":"https:\/\/www.cnbs.gob.hn\/educacionfinanciera\/#\/schema\/logo\/image\/"}}]}},"_links":{"self":[{"href":"https:\/\/www.cnbs.gob.hn\/educacionfinanciera\/wp-json\/wp\/v2\/pages\/686","targetHints":{"allow":["GET"]}}],"collection":[{"href":"https:\/\/www.cnbs.gob.hn\/educacionfinanciera\/wp-json\/wp\/v2\/pages"}],"about":[{"href":"https:\/\/www.cnbs.gob.hn\/educacionfinanciera\/wp-json\/wp\/v2\/types\/page"}],"author":[{"embeddable":true,"href":"https:\/\/www.cnbs.gob.hn\/educacionfinanciera\/wp-json\/wp\/v2\/users\/2"}],"replies":[{"embeddable":true,"href":"https:\/\/www.cnbs.gob.hn\/educacionfinanciera\/wp-json\/wp\/v2\/comments?post=686"}],"version-history":[{"count":44,"href":"https:\/\/www.cnbs.gob.hn\/educacionfinanciera\/wp-json\/wp\/v2\/pages\/686\/revisions"}],"predecessor-version":[{"id":5040,"href":"https:\/\/www.cnbs.gob.hn\/educacionfinanciera\/wp-json\/wp\/v2\/pages\/686\/revisions\/5040"}],"up":[{"embeddable":true,"href":"https:\/\/www.cnbs.gob.hn\/educacionfinanciera\/wp-json\/wp\/v2\/pages\/702"}],"wp:attachment":[{"href":"https:\/\/www.cnbs.gob.hn\/educacionfinanciera\/wp-json\/wp\/v2\/media?parent=686"}],"curies":[{"name":"wp","href":"https:\/\/api.w.org\/{rel}","templated":true}]}}