{"id":691,"date":"2018-04-13T18:38:45","date_gmt":"2018-04-13T18:38:45","guid":{"rendered":"https:\/\/www.cnbs.gob.hn\/educacionfinanciera\/?page_id=691"},"modified":"2018-06-20T17:52:16","modified_gmt":"2018-06-20T17:52:16","slug":"manejo-del-fondo-de-retiro","status":"publish","type":"page","link":"https:\/\/www.cnbs.gob.hn\/educacionfinanciera\/jubilacion-y-retiro\/manejo-del-fondo-de-retiro\/","title":{"rendered":"Manejo del fondo de retiro"},"content":{"rendered":"\t\t<div data-elementor-type=\"wp-post\" data-elementor-id=\"691\" class=\"elementor elementor-691 elementor-bc-flex-widget\" data-elementor-post-type=\"page\">\n\t\t\t\t\t\t<section class=\"elementor-section elementor-top-section elementor-element elementor-element-531d3b6 elementor-section-boxed elementor-section-height-default elementor-section-height-default\" data-id=\"531d3b6\" data-element_type=\"section\" data-e-type=\"section\">\n\t\t\t\t\t\t<div class=\"elementor-container elementor-column-gap-default\">\n\t\t\t\t\t<div class=\"elementor-column elementor-col-33 elementor-top-column elementor-element elementor-element-c2389c8\" data-id=\"c2389c8\" data-element_type=\"column\" data-e-type=\"column\">\n\t\t\t<div class=\"elementor-widget-wrap elementor-element-populated\">\n\t\t\t\t\t\t<div class=\"elementor-element elementor-element-de8848b elementor-view-default elementor-widget elementor-widget-icon\" data-id=\"de8848b\" data-element_type=\"widget\" data-e-type=\"widget\" data-widget_type=\"icon.default\">\n\t\t\t\t<div class=\"elementor-widget-container\">\n\t\t\t\t\t\t\t<div class=\"elementor-icon-wrapper\">\n\t\t\t<div class=\"elementor-icon\">\n\t\t\t\t\t\t\t<i class=\"fa fa-money\" aria-hidden=\"true\"><\/i>\n\t\t\t\t\t\t<\/div>\n\t\t<\/div>\n\t\t\t\t\t\t<\/div>\n\t\t\t\t<\/div>\n\t\t\t\t\t<\/div>\n\t\t<\/div>\n\t\t\t\t<div class=\"elementor-column elementor-col-33 elementor-top-column elementor-element elementor-element-7a78328\" data-id=\"7a78328\" data-element_type=\"column\" data-e-type=\"column\">\n\t\t\t<div class=\"elementor-widget-wrap elementor-element-populated\">\n\t\t\t\t\t\t<div class=\"elementor-element elementor-element-a897894 elementor-widget elementor-widget-text-editor\" data-id=\"a897894\" data-element_type=\"widget\" data-e-type=\"widget\" data-widget_type=\"text-editor.default\">\n\t\t\t\t<div class=\"elementor-widget-container\">\n\t\t\t\t\t\t\t\t\t<p class=\"just\">Los aportes son deducibles en un 100% de sus ingresos anuales, a fin de calcular el Impuesto Sobre la Renta, los intereses que generan las inversiones del Fondo de Pensiones no son gravados con ning\u00fan tipo de tasa fiscal.<\/p><p class=\"just\">Se puede retirar el total del fondo acumulado en cualquier momento ya que es un patrimonio de los participantes; sin embargo, se le aplicar\u00e1 un cargo por retiro anticipado.<\/p><p class=\"just\">Se pueden hacer aportes extraordinarios en cualquier momento, as\u00ed ser\u00e1 mayor el patrimonio que acumule y m\u00e1s alta ser\u00e1 la pensi\u00f3n que recibir\u00e1.<\/p>\t\t\t\t\t\t\t\t<\/div>\n\t\t\t\t<\/div>\n\t\t\t\t\t<\/div>\n\t\t<\/div>\n\t\t\t\t<div class=\"elementor-column elementor-col-33 elementor-top-column elementor-element elementor-element-46b3bbf\" data-id=\"46b3bbf\" data-element_type=\"column\" data-e-type=\"column\">\n\t\t\t<div class=\"elementor-widget-wrap elementor-element-populated\">\n\t\t\t\t\t\t<div class=\"elementor-element elementor-element-8a7a0d2 elementor-widget elementor-widget-image\" data-id=\"8a7a0d2\" data-element_type=\"widget\" data-e-type=\"widget\" data-widget_type=\"image.default\">\n\t\t\t\t<div class=\"elementor-widget-container\">\n\t\t\t\t\t\t\t\t\t\t\t\t\t\t\t<img fetchpriority=\"high\" decoding=\"async\" width=\"225\" height=\"300\" src=\"https:\/\/www.cnbs.gob.hn\/educacionfinanciera\/wp-content\/uploads\/2018\/04\/planificar-retiro-225x300.jpg\" class=\"attachment-medium size-medium wp-image-687\" alt=\"\" srcset=\"https:\/\/www.cnbs.gob.hn\/educacionfinanciera\/wp-content\/uploads\/2018\/04\/planificar-retiro-225x300.jpg 225w, https:\/\/www.cnbs.gob.hn\/educacionfinanciera\/wp-content\/uploads\/2018\/04\/planificar-retiro-767x1024.jpg 767w, https:\/\/www.cnbs.gob.hn\/educacionfinanciera\/wp-content\/uploads\/2018\/04\/planificar-retiro-768x1025.jpg 768w, https:\/\/www.cnbs.gob.hn\/educacionfinanciera\/wp-content\/uploads\/2018\/04\/planificar-retiro-109x146.jpg 109w, https:\/\/www.cnbs.gob.hn\/educacionfinanciera\/wp-content\/uploads\/2018\/04\/planificar-retiro-37x50.jpg 37w, https:\/\/www.cnbs.gob.hn\/educacionfinanciera\/wp-content\/uploads\/2018\/04\/planificar-retiro-56x75.jpg 56w, https:\/\/www.cnbs.gob.hn\/educacionfinanciera\/wp-content\/uploads\/2018\/04\/planificar-retiro.jpg 1024w\" sizes=\"(max-width:767px) 225px, 225px\" \/>\t\t\t\t\t\t\t\t\t\t\t\t\t\t\t<\/div>\n\t\t\t\t<\/div>\n\t\t\t\t\t<\/div>\n\t\t<\/div>\n\t\t\t\t\t<\/div>\n\t\t<\/section>\n\t\t\t\t<\/div>\n\t\t","protected":false},"excerpt":{"rendered":"<p>Los aportes son deducibles en un 100% de sus ingresos anuales, a fin de calcular el Impuesto Sobre la Renta, los intereses que generan las inversiones<span class=\"excerpt-hellip\"> [\u2026]<\/span><\/p>\n","protected":false},"author":2,"featured_media":0,"parent":702,"menu_order":0,"comment_status":"closed","ping_status":"closed","template":"","meta":{"footnotes":""},"class_list":["post-691","page","type-page","status-publish","hentry"],"yoast_head":"<!-- This site is optimized with the Yoast SEO plugin v27.2 - https:\/\/yoast.com\/product\/yoast-seo-wordpress\/ -->\n<title>Manejo del fondo de retiro - CNBS - GEIFG - Educaci\u00f3n Financiera<\/title>\n<meta name=\"robots\" content=\"index, follow, max-snippet:-1, max-image-preview:large, max-video-preview:-1\" \/>\n<link rel=\"canonical\" href=\"https:\/\/www.cnbs.gob.hn\/educacionfinanciera\/jubilacion-y-retiro\/manejo-del-fondo-de-retiro\/\" \/>\n<meta property=\"og:locale\" content=\"es_ES\" \/>\n<meta property=\"og:type\" content=\"article\" \/>\n<meta property=\"og:title\" content=\"Manejo del fondo de retiro - CNBS - GEIFG - Educaci\u00f3n Financiera\" \/>\n<meta property=\"og:description\" content=\"Los aportes son deducibles en un 100% de sus ingresos anuales, a fin de calcular el Impuesto Sobre la Renta, los intereses que generan las inversiones [\u2026]\" \/>\n<meta property=\"og:url\" content=\"https:\/\/www.cnbs.gob.hn\/educacionfinanciera\/jubilacion-y-retiro\/manejo-del-fondo-de-retiro\/\" \/>\n<meta property=\"og:site_name\" content=\"CNBS - GEIFG - Educaci\u00f3n Financiera\" \/>\n<meta property=\"article:modified_time\" content=\"2018-06-20T17:52:16+00:00\" \/>\n<meta property=\"og:image\" content=\"https:\/\/www.cnbs.gob.hn\/educacionfinanciera\/wp-content\/uploads\/2018\/04\/planificar-retiro-225x300.jpg\" \/>\n<meta name=\"twitter:card\" content=\"summary_large_image\" \/>\n<script type=\"application\/ld+json\" class=\"yoast-schema-graph\">{\"@context\":\"https:\/\/schema.org\",\"@graph\":[{\"@type\":\"WebPage\",\"@id\":\"https:\/\/www.cnbs.gob.hn\/educacionfinanciera\/jubilacion-y-retiro\/manejo-del-fondo-de-retiro\/\",\"url\":\"https:\/\/www.cnbs.gob.hn\/educacionfinanciera\/jubilacion-y-retiro\/manejo-del-fondo-de-retiro\/\",\"name\":\"Manejo del fondo de retiro - CNBS - GEIFG - Educaci\u00f3n Financiera\",\"isPartOf\":{\"@id\":\"https:\/\/www.cnbs.gob.hn\/educacionfinanciera\/#website\"},\"primaryImageOfPage\":{\"@id\":\"https:\/\/www.cnbs.gob.hn\/educacionfinanciera\/jubilacion-y-retiro\/manejo-del-fondo-de-retiro\/#primaryimage\"},\"image\":{\"@id\":\"https:\/\/www.cnbs.gob.hn\/educacionfinanciera\/jubilacion-y-retiro\/manejo-del-fondo-de-retiro\/#primaryimage\"},\"thumbnailUrl\":\"https:\/\/www.cnbs.gob.hn\/educacionfinanciera\/wp-content\/uploads\/2018\/04\/planificar-retiro-225x300.jpg\",\"datePublished\":\"2018-04-13T18:38:45+00:00\",\"dateModified\":\"2018-06-20T17:52:16+00:00\",\"breadcrumb\":{\"@id\":\"https:\/\/www.cnbs.gob.hn\/educacionfinanciera\/jubilacion-y-retiro\/manejo-del-fondo-de-retiro\/#breadcrumb\"},\"inLanguage\":\"es\",\"potentialAction\":[{\"@type\":\"ReadAction\",\"target\":[\"https:\/\/www.cnbs.gob.hn\/educacionfinanciera\/jubilacion-y-retiro\/manejo-del-fondo-de-retiro\/\"]}]},{\"@type\":\"ImageObject\",\"inLanguage\":\"es\",\"@id\":\"https:\/\/www.cnbs.gob.hn\/educacionfinanciera\/jubilacion-y-retiro\/manejo-del-fondo-de-retiro\/#primaryimage\",\"url\":\"https:\/\/www.cnbs.gob.hn\/educacionfinanciera\/wp-content\/uploads\/2018\/04\/planificar-retiro.jpg\",\"contentUrl\":\"https:\/\/www.cnbs.gob.hn\/educacionfinanciera\/wp-content\/uploads\/2018\/04\/planificar-retiro.jpg\",\"width\":1024,\"height\":1367},{\"@type\":\"BreadcrumbList\",\"@id\":\"https:\/\/www.cnbs.gob.hn\/educacionfinanciera\/jubilacion-y-retiro\/manejo-del-fondo-de-retiro\/#breadcrumb\",\"itemListElement\":[{\"@type\":\"ListItem\",\"position\":1,\"name\":\"Home\",\"item\":\"https:\/\/www.cnbs.gob.hn\/educacionfinanciera\/\"},{\"@type\":\"ListItem\",\"position\":2,\"name\":\"Jubilaci\u00f3n y Retiro\",\"item\":\"https:\/\/www.cnbs.gob.hn\/educacionfinanciera\/jubilacion-y-retiro\/\"},{\"@type\":\"ListItem\",\"position\":3,\"name\":\"Manejo del fondo de retiro\"}]},{\"@type\":\"WebSite\",\"@id\":\"https:\/\/www.cnbs.gob.hn\/educacionfinanciera\/#website\",\"url\":\"https:\/\/www.cnbs.gob.hn\/educacionfinanciera\/\",\"name\":\"CNBS - GEIFG - Educaci\u00f3n Financiera\",\"description\":\"\",\"publisher\":{\"@id\":\"https:\/\/www.cnbs.gob.hn\/educacionfinanciera\/#organization\"},\"potentialAction\":[{\"@type\":\"SearchAction\",\"target\":{\"@type\":\"EntryPoint\",\"urlTemplate\":\"https:\/\/www.cnbs.gob.hn\/educacionfinanciera\/?s={search_term_string}\"},\"query-input\":{\"@type\":\"PropertyValueSpecification\",\"valueRequired\":true,\"valueName\":\"search_term_string\"}}],\"inLanguage\":\"es\"},{\"@type\":\"Organization\",\"@id\":\"https:\/\/www.cnbs.gob.hn\/educacionfinanciera\/#organization\",\"name\":\"CNBS - GEIFG - Educaci\u00f3n Financiera\",\"url\":\"https:\/\/www.cnbs.gob.hn\/educacionfinanciera\/\",\"logo\":{\"@type\":\"ImageObject\",\"inLanguage\":\"es\",\"@id\":\"https:\/\/www.cnbs.gob.hn\/educacionfinanciera\/#\/schema\/logo\/image\/\",\"url\":\"https:\/\/www.cnbs.gob.hn\/educacionfinanciera\/wp-content\/uploads\/2020\/11\/Logo-CNBS-SOLO.png\",\"contentUrl\":\"https:\/\/www.cnbs.gob.hn\/educacionfinanciera\/wp-content\/uploads\/2020\/11\/Logo-CNBS-SOLO.png\",\"width\":2250,\"height\":2250,\"caption\":\"CNBS - GEIFG - Educaci\u00f3n Financiera\"},\"image\":{\"@id\":\"https:\/\/www.cnbs.gob.hn\/educacionfinanciera\/#\/schema\/logo\/image\/\"}}]}<\/script>\n<!-- \/ Yoast SEO plugin. -->","yoast_head_json":{"title":"Manejo del fondo de retiro - CNBS - GEIFG - Educaci\u00f3n Financiera","robots":{"index":"index","follow":"follow","max-snippet":"max-snippet:-1","max-image-preview":"max-image-preview:large","max-video-preview":"max-video-preview:-1"},"canonical":"https:\/\/www.cnbs.gob.hn\/educacionfinanciera\/jubilacion-y-retiro\/manejo-del-fondo-de-retiro\/","og_locale":"es_ES","og_type":"article","og_title":"Manejo del fondo de retiro - CNBS - GEIFG - Educaci\u00f3n Financiera","og_description":"Los aportes son deducibles en un 100% de sus ingresos anuales, a fin de calcular el Impuesto Sobre la Renta, los intereses que generan las inversiones [\u2026]","og_url":"https:\/\/www.cnbs.gob.hn\/educacionfinanciera\/jubilacion-y-retiro\/manejo-del-fondo-de-retiro\/","og_site_name":"CNBS - GEIFG - Educaci\u00f3n Financiera","article_modified_time":"2018-06-20T17:52:16+00:00","og_image":[{"url":"https:\/\/www.cnbs.gob.hn\/educacionfinanciera\/wp-content\/uploads\/2018\/04\/planificar-retiro-225x300.jpg","type":"","width":"","height":""}],"twitter_card":"summary_large_image","schema":{"@context":"https:\/\/schema.org","@graph":[{"@type":"WebPage","@id":"https:\/\/www.cnbs.gob.hn\/educacionfinanciera\/jubilacion-y-retiro\/manejo-del-fondo-de-retiro\/","url":"https:\/\/www.cnbs.gob.hn\/educacionfinanciera\/jubilacion-y-retiro\/manejo-del-fondo-de-retiro\/","name":"Manejo del fondo de retiro - CNBS - GEIFG - Educaci\u00f3n Financiera","isPartOf":{"@id":"https:\/\/www.cnbs.gob.hn\/educacionfinanciera\/#website"},"primaryImageOfPage":{"@id":"https:\/\/www.cnbs.gob.hn\/educacionfinanciera\/jubilacion-y-retiro\/manejo-del-fondo-de-retiro\/#primaryimage"},"image":{"@id":"https:\/\/www.cnbs.gob.hn\/educacionfinanciera\/jubilacion-y-retiro\/manejo-del-fondo-de-retiro\/#primaryimage"},"thumbnailUrl":"https:\/\/www.cnbs.gob.hn\/educacionfinanciera\/wp-content\/uploads\/2018\/04\/planificar-retiro-225x300.jpg","datePublished":"2018-04-13T18:38:45+00:00","dateModified":"2018-06-20T17:52:16+00:00","breadcrumb":{"@id":"https:\/\/www.cnbs.gob.hn\/educacionfinanciera\/jubilacion-y-retiro\/manejo-del-fondo-de-retiro\/#breadcrumb"},"inLanguage":"es","potentialAction":[{"@type":"ReadAction","target":["https:\/\/www.cnbs.gob.hn\/educacionfinanciera\/jubilacion-y-retiro\/manejo-del-fondo-de-retiro\/"]}]},{"@type":"ImageObject","inLanguage":"es","@id":"https:\/\/www.cnbs.gob.hn\/educacionfinanciera\/jubilacion-y-retiro\/manejo-del-fondo-de-retiro\/#primaryimage","url":"https:\/\/www.cnbs.gob.hn\/educacionfinanciera\/wp-content\/uploads\/2018\/04\/planificar-retiro.jpg","contentUrl":"https:\/\/www.cnbs.gob.hn\/educacionfinanciera\/wp-content\/uploads\/2018\/04\/planificar-retiro.jpg","width":1024,"height":1367},{"@type":"BreadcrumbList","@id":"https:\/\/www.cnbs.gob.hn\/educacionfinanciera\/jubilacion-y-retiro\/manejo-del-fondo-de-retiro\/#breadcrumb","itemListElement":[{"@type":"ListItem","position":1,"name":"Home","item":"https:\/\/www.cnbs.gob.hn\/educacionfinanciera\/"},{"@type":"ListItem","position":2,"name":"Jubilaci\u00f3n y Retiro","item":"https:\/\/www.cnbs.gob.hn\/educacionfinanciera\/jubilacion-y-retiro\/"},{"@type":"ListItem","position":3,"name":"Manejo del fondo de retiro"}]},{"@type":"WebSite","@id":"https:\/\/www.cnbs.gob.hn\/educacionfinanciera\/#website","url":"https:\/\/www.cnbs.gob.hn\/educacionfinanciera\/","name":"CNBS - GEIFG - Educaci\u00f3n Financiera","description":"","publisher":{"@id":"https:\/\/www.cnbs.gob.hn\/educacionfinanciera\/#organization"},"potentialAction":[{"@type":"SearchAction","target":{"@type":"EntryPoint","urlTemplate":"https:\/\/www.cnbs.gob.hn\/educacionfinanciera\/?s={search_term_string}"},"query-input":{"@type":"PropertyValueSpecification","valueRequired":true,"valueName":"search_term_string"}}],"inLanguage":"es"},{"@type":"Organization","@id":"https:\/\/www.cnbs.gob.hn\/educacionfinanciera\/#organization","name":"CNBS - GEIFG - Educaci\u00f3n Financiera","url":"https:\/\/www.cnbs.gob.hn\/educacionfinanciera\/","logo":{"@type":"ImageObject","inLanguage":"es","@id":"https:\/\/www.cnbs.gob.hn\/educacionfinanciera\/#\/schema\/logo\/image\/","url":"https:\/\/www.cnbs.gob.hn\/educacionfinanciera\/wp-content\/uploads\/2020\/11\/Logo-CNBS-SOLO.png","contentUrl":"https:\/\/www.cnbs.gob.hn\/educacionfinanciera\/wp-content\/uploads\/2020\/11\/Logo-CNBS-SOLO.png","width":2250,"height":2250,"caption":"CNBS - GEIFG - Educaci\u00f3n Financiera"},"image":{"@id":"https:\/\/www.cnbs.gob.hn\/educacionfinanciera\/#\/schema\/logo\/image\/"}}]}},"_links":{"self":[{"href":"https:\/\/www.cnbs.gob.hn\/educacionfinanciera\/wp-json\/wp\/v2\/pages\/691","targetHints":{"allow":["GET"]}}],"collection":[{"href":"https:\/\/www.cnbs.gob.hn\/educacionfinanciera\/wp-json\/wp\/v2\/pages"}],"about":[{"href":"https:\/\/www.cnbs.gob.hn\/educacionfinanciera\/wp-json\/wp\/v2\/types\/page"}],"author":[{"embeddable":true,"href":"https:\/\/www.cnbs.gob.hn\/educacionfinanciera\/wp-json\/wp\/v2\/users\/2"}],"replies":[{"embeddable":true,"href":"https:\/\/www.cnbs.gob.hn\/educacionfinanciera\/wp-json\/wp\/v2\/comments?post=691"}],"version-history":[{"count":10,"href":"https:\/\/www.cnbs.gob.hn\/educacionfinanciera\/wp-json\/wp\/v2\/pages\/691\/revisions"}],"predecessor-version":[{"id":1381,"href":"https:\/\/www.cnbs.gob.hn\/educacionfinanciera\/wp-json\/wp\/v2\/pages\/691\/revisions\/1381"}],"up":[{"embeddable":true,"href":"https:\/\/www.cnbs.gob.hn\/educacionfinanciera\/wp-json\/wp\/v2\/pages\/702"}],"wp:attachment":[{"href":"https:\/\/www.cnbs.gob.hn\/educacionfinanciera\/wp-json\/wp\/v2\/media?parent=691"}],"curies":[{"name":"wp","href":"https:\/\/api.w.org\/{rel}","templated":true}]}}