{"id":720,"date":"2018-04-13T20:30:42","date_gmt":"2018-04-13T20:30:42","guid":{"rendered":"https:\/\/www.cnbs.gob.hn\/educacionfinanciera\/?page_id=720"},"modified":"2026-02-16T15:44:22","modified_gmt":"2026-02-16T21:44:22","slug":"evitando-riesgos","status":"publish","type":"page","link":"https:\/\/www.cnbs.gob.hn\/educacionfinanciera\/evite-riesgos\/evitando-riesgos\/","title":{"rendered":"Evitando riesgos"},"content":{"rendered":"\t\t<div data-elementor-type=\"wp-post\" data-elementor-id=\"720\" class=\"elementor elementor-720\" data-elementor-post-type=\"page\">\n\t\t\t\t\t\t<section class=\"elementor-section elementor-top-section elementor-element elementor-element-f83cc94 elementor-section-boxed elementor-section-height-default elementor-section-height-default\" data-id=\"f83cc94\" data-element_type=\"section\" data-e-type=\"section\">\n\t\t\t\t\t\t<div class=\"elementor-container elementor-column-gap-default\">\n\t\t\t\t\t<div class=\"elementor-column elementor-col-100 elementor-top-column elementor-element elementor-element-b00157a\" data-id=\"b00157a\" data-element_type=\"column\" data-e-type=\"column\">\n\t\t\t<div class=\"elementor-widget-wrap elementor-element-populated\">\n\t\t\t\t\t\t<div class=\"elementor-element elementor-element-faebe99 elementor-widget elementor-widget-heading\" data-id=\"faebe99\" data-element_type=\"widget\" data-e-type=\"widget\" data-widget_type=\"heading.default\">\n\t\t\t\t<div class=\"elementor-widget-container\">\n\t\t\t\t\t<h2 class=\"elementor-heading-title elementor-size-default\">Evitando riesgos\n<\/h2>\t\t\t\t<\/div>\n\t\t\t\t<\/div>\n\t\t\t\t\t<\/div>\n\t\t<\/div>\n\t\t\t\t\t<\/div>\n\t\t<\/section>\n\t\t\t\t<section class=\"elementor-section elementor-top-section elementor-element elementor-element-e708a16 elementor-section-boxed elementor-section-height-default elementor-section-height-default\" data-id=\"e708a16\" data-element_type=\"section\" data-e-type=\"section\">\n\t\t\t\t\t\t<div class=\"elementor-container elementor-column-gap-default\">\n\t\t\t\t\t<div class=\"elementor-column elementor-col-100 elementor-top-column elementor-element elementor-element-03c499f\" data-id=\"03c499f\" data-element_type=\"column\" data-e-type=\"column\">\n\t\t\t<div class=\"elementor-widget-wrap elementor-element-populated\">\n\t\t\t\t\t\t<div class=\"elementor-element elementor-element-dc4c0e0 elementor-tabs-view-horizontal elementor-widget elementor-widget-tabs\" data-id=\"dc4c0e0\" data-element_type=\"widget\" data-e-type=\"widget\" data-widget_type=\"tabs.default\">\n\t\t\t\t<div class=\"elementor-widget-container\">\n\t\t\t\t\t\t\t<div class=\"elementor-tabs\">\n\t\t\t<div class=\"elementor-tabs-wrapper\" role=\"tablist\" >\n\t\t\t\t\t\t\t\t\t<div id=\"elementor-tab-title-2301\" class=\"elementor-tab-title elementor-tab-desktop-title\" aria-selected=\"true\" data-tab=\"1\" role=\"tab\" tabindex=\"0\" aria-controls=\"elementor-tab-content-2301\" aria-expanded=\"false\">Disminuya el riesgo en el uso de su tarjeta de cr\u00e9dito<\/div>\n\t\t\t\t\t\t\t\t\t<div id=\"elementor-tab-title-2302\" class=\"elementor-tab-title elementor-tab-desktop-title\" aria-selected=\"false\" data-tab=\"2\" role=\"tab\" tabindex=\"-1\" aria-controls=\"elementor-tab-content-2302\" aria-expanded=\"false\">D\u00e9 seguimiento a sus cr\u00e9ditos<\/div>\n\t\t\t\t\t\t\t<\/div>\n\t\t\t<div class=\"elementor-tabs-content-wrapper\" role=\"tablist\" aria-orientation=\"vertical\">\n\t\t\t\t\t\t\t\t\t<div class=\"elementor-tab-title elementor-tab-mobile-title\" aria-selected=\"true\" data-tab=\"1\" role=\"tab\" tabindex=\"0\" aria-controls=\"elementor-tab-content-2301\" aria-expanded=\"false\">Disminuya el riesgo en el uso de su tarjeta de cr\u00e9dito<\/div>\n\t\t\t\t\t<div id=\"elementor-tab-content-2301\" class=\"elementor-tab-content elementor-clearfix\" data-tab=\"1\" role=\"tabpanel\" aria-labelledby=\"elementor-tab-title-2301\" tabindex=\"0\" hidden=\"false\"><h4>\u00bfQu\u00e9 hacer para disminuir el riesgo de hurto, robo y extrav\u00edo?<\/h4><p><a href=\"https:\/\/www.cnbs.gob.hn\/educacionfinanciera\/wp-content\/uploads\/2018\/05\/www.maxpixel.net-Payment-Finance-Credit-Credit-Cards-Credit-Card-2762536.jpg\"><img fetchpriority=\"high\" decoding=\"async\" class=\"alignright wp-image-1185 size-medium\" src=\"https:\/\/www.cnbs.gob.hn\/educacionfinanciera\/wp-content\/uploads\/2018\/05\/www.maxpixel.net-Payment-Finance-Credit-Credit-Cards-Credit-Card-2762536-300x200.jpg\" alt=\"\" width=\"300\" height=\"200\" \/><\/a><\/p><ul class=\"listoption1\"><li><strong>No pierda de vista su Tarjeta en todo momento.<\/strong>\u00a0Despu\u00e9s de haber realizado cualquier transacci\u00f3n con su tarjeta de cr\u00e9dito o d\u00e9bito nunca la pierda de vista y despu\u00e9s de cada operaci\u00f3n compruebe siempre que su Tarjeta regresa a su poder.<\/li><li><strong>Memorice el n\u00famero secreto (PIN)<\/strong>\u00a0Junto a su tarjeta, usted recibir\u00e1 el N\u00famero Personal de Identificaci\u00f3n (PIN) o n\u00famero secreto, que necesitar\u00e1 para realizar determinadas operaciones con su tarjeta, como por ejemplo, disponer de dinero en efectivo en cajeros autom\u00e1ticos.<\/li><li><strong>Firmar dorso de la tarjeta<\/strong>\u00a0Aseg\u00farese de firmar su tarjeta en el momento que es recibida, tener su firma en la parte posterior contribuir\u00e1 a disminuir el uso indebido de su tarjetas por personas ajenas.<\/li><li><strong>Siempre presente su identificaci\u00f3n de forma voluntaria.<\/strong>\u00a0En cualquier transacci\u00f3n que usted realice siempre debe presentar su identificaci\u00f3n personal para prevenir el mal uso de su tarjeta.<\/li><\/ul><h4><a href=\"https:\/\/www.cnbs.gob.hn\/educacionfinanciera\/wp-content\/uploads\/2023\/01\/NoBrindes_DatosPersonales-1.png\"><img decoding=\"async\" class=\"alignright wp-image-1792 size-full\" src=\"https:\/\/www.cnbs.gob.hn\/educacionfinanciera\/wp-content\/uploads\/2023\/01\/NoBrindes_DatosPersonales-1.png\" alt=\"\" width=\"526\" height=\"681\" \/><\/a>Siempre que realice cualquier transacci\u00f3n:<\/h4><ul class=\"listoption1\"><li>Revise su comprobante antes de firmar el Boucher o alg\u00fan otro tipo de comprobante de pago, revise que su contenido corresponda a la transacci\u00f3n efectuada., no firme a la ligera.<\/li><li>Cuando realice compras por internet aseg\u00farese que al adquirir bienes y\/o servicios a trav\u00e9s de p\u00e1ginas Web, sea una p\u00e1gina segura. La mayor\u00eda de comercios que cumplen con especificaciones de ambiente seguro.<\/li><li>Tenga cuidado especial en el cajero autom\u00e1tico, Si detecta cualquier anomal\u00eda en el cajero, como por ejemplo un dispositivo extra\u00f1o, p\u00f3ngalo de inmediato en conocimiento de la entidad bancaria, y como medida preventiva, no realice ninguna operaci\u00f3n en ese cajero autom\u00e1tico.<\/li><li>Act\u00fae con rapidez en caso de bloqueo de la tarjeta en el cajero autom\u00e1tico, solicite inmediatamente la ayuda de un profesional de la entidad financiera donde se encuentre el cajero autom\u00e1tico o ATM y no acepte la ayuda de personas ajenas a dicha entidad, pueden estar esperando la oportunidad de sustraer su tarjeta o conocer su n\u00famero secreto. tambi\u00e9n puede comunicarse inmediatamente aun call center disponible de sus Tarjetas para comunicar la incidencia y proceder a un bloqueo preventivo de su tarjeta.<\/li><li>No brinde informaci\u00f3n de su n\u00famero de tarjeta por tel\u00e9fono, a menos que sea usted quien llame a la compa\u00f1\u00eda para adquirir un bien o servicio y le conste que se trate de una instituci\u00f3n responsable.<\/li><li>Si comprueba y denuncia a tiempo una posible operaci\u00f3n fraudulenta realizada con su tarjeta, puede impedir que dicho fraude alcance cantidades superiores. Revise cuanto antes todos los cargos realizados en la cuenta.<\/li><\/ul><h4>P\u00f3liza de hurto y robo<\/h4><ul class=\"listoption1\"><li>En muchas ocasiones es recomendable que se afilie al seguro de robo y extravi\u00f3 que ofrecen las instituciones emisoras de tarjetas de cr\u00e9dito.<\/li><li>Nunca env\u00ede por fax o correo u otra persona el n\u00famero de tarjeta de cr\u00e9dito o d\u00e9bito.<\/li><li>Es conveniente verificar en forma peri\u00f3dica que su tarjeta a\u00fan est\u00e1 en su poder.<\/li><li>En caso de ser v\u00edctima de un robo o fraude, debe inmediatamente realizar la denuncia Correspondiente ante las autoridades competentes. Y luego su reclamo en la entidad emisora.<\/li><li>Si pierde o le roban su tarjeta o piensa que es v\u00edctima de un fraude, anule la tarjeta inmediatamente.<\/li><li>Es importante que su informaci\u00f3n personal este actualizada, para su seguridad ante cualquier riesgo, con el fin de evitar que se materialice.<\/li><\/ul><\/div>\n\t\t\t\t\t\t\t\t\t<div class=\"elementor-tab-title elementor-tab-mobile-title\" aria-selected=\"false\" data-tab=\"2\" role=\"tab\" tabindex=\"-1\" aria-controls=\"elementor-tab-content-2302\" aria-expanded=\"false\">D\u00e9 seguimiento a sus cr\u00e9ditos<\/div>\n\t\t\t\t\t<div id=\"elementor-tab-content-2302\" class=\"elementor-tab-content elementor-clearfix\" data-tab=\"2\" role=\"tabpanel\" aria-labelledby=\"elementor-tab-title-2302\" tabindex=\"0\" hidden=\"hidden\"><h4>Cuidando su Cr\u00e9dito<\/h4><p class=\"just\"><a href=\"https:\/\/www.cnbs.gob.hn\/educacionfinanciera\/wp-content\/uploads\/2018\/06\/cuidando-su-credito.jpg\"><img decoding=\"async\" class=\"alignleft wp-image-1267\" src=\"https:\/\/www.cnbs.gob.hn\/educacionfinanciera\/wp-content\/uploads\/2018\/06\/cuidando-su-credito.jpg\" alt=\"\" width=\"200\" height=\"133\" srcset=\"https:\/\/www.cnbs.gob.hn\/educacionfinanciera\/wp-content\/uploads\/2018\/06\/cuidando-su-credito.jpg 640w, https:\/\/www.cnbs.gob.hn\/educacionfinanciera\/wp-content\/uploads\/2018\/06\/cuidando-su-credito-300x199.jpg 300w, https:\/\/www.cnbs.gob.hn\/educacionfinanciera\/wp-content\/uploads\/2018\/06\/cuidando-su-credito-220x146.jpg 220w, https:\/\/www.cnbs.gob.hn\/educacionfinanciera\/wp-content\/uploads\/2018\/06\/cuidando-su-credito-50x33.jpg 50w, https:\/\/www.cnbs.gob.hn\/educacionfinanciera\/wp-content\/uploads\/2018\/06\/cuidando-su-credito-113x75.jpg 113w\" sizes=\"(max-width:767px) 200px, 200px\" \/><\/a>Cuando una entidad pone a disposici\u00f3n de un cliente una cantidad de dinero, con un l\u00edmite fijado, es lo que conocemos como cr\u00e9dito. Ese dinero el cliente lo utiliza seg\u00fan la necesidad del momento, utilizando una cuenta o una tarjeta de cr\u00e9dito.\u00a0 El cliente paga intereses solamente por el dinero que ha utilizado. La entidad financiera generalmente cobra una comisi\u00f3n m\u00ednima sobre el saldo no dispuesto. Y donde el usuario del cr\u00e9dito a medida que hace sus pagos podr\u00e1 seguir disponiendo del dinero, sin pasarse del l\u00edmite.<\/p><p class=\"just\">El cr\u00e9dito puede ser muy \u00fatil, siempre y cuando sea utilizado con moderaci\u00f3n y de manera responsable. Cuando usted seleccione una l\u00ednea de cr\u00e9dito, aseg\u00farese de que satisfaga sus necesidades o expectativas seg\u00fan el fin por el que fue adquirido.<\/p><p class=\"just\">Muchas veces estos cr\u00e9ditos pueden ser utilizados para varios fines:<\/p><ul class=\"listoption1\"><li>Pago de una deuda total o parcial.<\/li><li>Para invertir en un negocio: Llegado el plazo del vencimiento del cr\u00e9dito podemos volver a negociar su renovaci\u00f3n o ampliaci\u00f3n.<\/li><li>Otras veces el prop\u00f3sito del cr\u00e9dito es cubrir los gastos, corrientes o extraordinarios, en momentos espec\u00edficos.<\/li><\/ul><p>En todo cr\u00e9dito debe considerar lo siguiente:<\/p><ul class=\"listoption1\"><li>Es importante que realice un presupuesto pueda ayudarle a llevar un buen control sobre su cr\u00e9dito, y manejar gastos futuros.<\/li><li>Dele Prioridad a cancelar sus saldos pendientes teniendo en cuenta las tasas de inter\u00e9s. Abone las cuentas con mayor tasa de inter\u00e9s primero. Pero recuerde continuar pagando al menos el monto del pago m\u00ednimo en el resto de sus saldos.<\/li><li>Cuando usted contrae una deuda debe estar seguro que tiene la capacidad para pagarlas. Las entidades financieras llevan un registro del comportamiento de pago de las tarjetas de cr\u00e9dito y pr\u00e9stamos que es reportado a las centrales de riesgo.<\/li><li>El cual puede servirle para lograr otros cr\u00e9ditos en el futuro o ampliar el cr\u00e9dito que tiene. El informe de cr\u00e9dito le ayudar\u00e1 a tomar mejores decisiones financieras debido a que la calificaci\u00f3n de cr\u00e9dito se basa en el informe de cr\u00e9dito que contiene datos personales e incluye lo siguiente el historial de pagos, los pr\u00e9stamos que tiene y cu\u00e1nto debe. Tambi\u00e9n esto le ayuda que verifique que el contenido sea veraz, el cual debe revisar peri\u00f3dicamente.<\/li><li>Revise sus opciones de pago y la m\u00e1s adecuada para pagar a su t\u00e9rmino.<\/li><li>Verifique cu\u00e1l est\u00e1 disponible para que no le hagan cargos por sobregiros.<\/li><li>Pague m\u00e1s del pago m\u00ednimo. Realice abonos adicionales a la cuota m\u00ednima permite reducir el saldo total de la deuda de una manera m\u00e1s r\u00e1pida y pagando menos intereses corrientes.<\/li><li>Trate de pagar sus cuotas a tiempo para evitar el pago de intereses moratorios.<\/li><li>Lleve el control de los pagos. Revise siempre su estado de cuenta y verifique que los movimientos (compras) reflejados realmente hayan sido efectuadas.<\/li><li>Es importante guardar el Boucher (documentos firmados por la compra) por cualquier reclamo ante la entidad.<\/li><li>No le preste su tarjeta a nadie.<\/li><li>Si est\u00e1 en problemas, hable con su entidad financiera. Antes de entrar en mora, acuda a su entidad y prop\u00f3ngale un acuerdo de pagos.<\/li><li>Este pendiente de los beneficios adicionales que le sus ofrecen su tarjetas (ofertas, premios, acumulaci\u00f3n de millas y otros).<\/li><li>Nunca pierda de vista su tarjeta porque uno de los delitos m\u00e1s comunes es la clonaci\u00f3n de las tarjetas de cr\u00e9dito y debito donde la informaci\u00f3n que contiene la banda magn\u00e9tica es extra\u00edda y copiada en otra tarjeta para cometer il\u00edcitos. As\u00ed es como los delincuentes retiran dinero y pagan cuentas a cargo suyo, como si usted lo hubiera hecho.<\/li><li>Cuanto usted se d\u00e9 cuenta que ha sido clonada su tarjeta, inmediatamente debe comunicarse con la empresa emisora de su tarjeta y solicitar el bloqueo inmediato. Entre m\u00e1s pronto reporte el fraude y adjunte pruebas que demuestren la clonaci\u00f3n, la instituci\u00f3n proceder\u00e1 a realizar una investigaci\u00f3n para hacerle los descargos correspondientes.<\/li><\/ul><\/div>\n\t\t\t\t\t\t\t<\/div>\n\t\t<\/div>\n\t\t\t\t\t\t<\/div>\n\t\t\t\t<\/div>\n\t\t\t\t\t<\/div>\n\t\t<\/div>\n\t\t\t\t\t<\/div>\n\t\t<\/section>\n\t\t\t\t<\/div>\n\t\t","protected":false},"excerpt":{"rendered":"<p>Evitando riesgos Disminuya el riesgo en el uso de su tarjeta de cr\u00e9dito D\u00e9 seguimiento a sus cr\u00e9ditos Disminuya el riesgo en el uso de su<span class=\"excerpt-hellip\"> [\u2026]<\/span><\/p>\n","protected":false},"author":2,"featured_media":0,"parent":705,"menu_order":0,"comment_status":"closed","ping_status":"closed","template":"","meta":{"footnotes":""},"class_list":["post-720","page","type-page","status-publish","hentry"],"yoast_head":"<!-- This site is optimized with the Yoast SEO plugin v27.3 - https:\/\/yoast.com\/product\/yoast-seo-wordpress\/ -->\n<title>Evitando riesgos - CNBS - GEIFG - Educaci\u00f3n Financiera<\/title>\n<meta name=\"robots\" content=\"index, follow, max-snippet:-1, max-image-preview:large, max-video-preview:-1\" \/>\n<link rel=\"canonical\" href=\"https:\/\/www.cnbs.gob.hn\/educacionfinanciera\/evite-riesgos\/evitando-riesgos\/\" \/>\n<meta property=\"og:locale\" content=\"es_ES\" \/>\n<meta property=\"og:type\" content=\"article\" \/>\n<meta property=\"og:title\" content=\"Evitando riesgos - CNBS - GEIFG - Educaci\u00f3n Financiera\" \/>\n<meta property=\"og:description\" content=\"Evitando riesgos Disminuya el riesgo en el uso de su tarjeta de cr\u00e9dito D\u00e9 seguimiento a sus cr\u00e9ditos Disminuya el riesgo en el uso de su [\u2026]\" \/>\n<meta property=\"og:url\" content=\"https:\/\/www.cnbs.gob.hn\/educacionfinanciera\/evite-riesgos\/evitando-riesgos\/\" \/>\n<meta property=\"og:site_name\" content=\"CNBS - GEIFG - Educaci\u00f3n Financiera\" \/>\n<meta property=\"article:modified_time\" content=\"2026-02-16T21:44:22+00:00\" \/>\n<meta name=\"twitter:card\" content=\"summary_large_image\" \/>\n<meta name=\"twitter:image\" content=\"https:\/\/www.cnbs.gob.hn\/educacionfinanciera\/wp-content\/uploads\/2018\/05\/www.maxpixel.net-Payment-Finance-Credit-Credit-Cards-Credit-Card-2762536.jpg\" \/>\n<meta name=\"twitter:label1\" content=\"Tiempo de lectura\" \/>\n\t<meta name=\"twitter:data1\" content=\"7 minutos\" \/>\n<script type=\"application\/ld+json\" class=\"yoast-schema-graph\">{\"@context\":\"https:\\\/\\\/schema.org\",\"@graph\":[{\"@type\":\"WebPage\",\"@id\":\"https:\\\/\\\/www.cnbs.gob.hn\\\/educacionfinanciera\\\/evite-riesgos\\\/evitando-riesgos\\\/\",\"url\":\"https:\\\/\\\/www.cnbs.gob.hn\\\/educacionfinanciera\\\/evite-riesgos\\\/evitando-riesgos\\\/\",\"name\":\"Evitando riesgos - CNBS - GEIFG - Educaci\u00f3n Financiera\",\"isPartOf\":{\"@id\":\"https:\\\/\\\/www.cnbs.gob.hn\\\/educacionfinanciera\\\/#website\"},\"primaryImageOfPage\":{\"@id\":\"https:\\\/\\\/www.cnbs.gob.hn\\\/educacionfinanciera\\\/evite-riesgos\\\/evitando-riesgos\\\/#primaryimage\"},\"image\":{\"@id\":\"https:\\\/\\\/www.cnbs.gob.hn\\\/educacionfinanciera\\\/evite-riesgos\\\/evitando-riesgos\\\/#primaryimage\"},\"thumbnailUrl\":\"https:\\\/\\\/www.cnbs.gob.hn\\\/educacionfinanciera\\\/wp-content\\\/uploads\\\/2018\\\/05\\\/www.maxpixel.net-Payment-Finance-Credit-Credit-Cards-Credit-Card-2762536-300x200.jpg\",\"datePublished\":\"2018-04-13T20:30:42+00:00\",\"dateModified\":\"2026-02-16T21:44:22+00:00\",\"breadcrumb\":{\"@id\":\"https:\\\/\\\/www.cnbs.gob.hn\\\/educacionfinanciera\\\/evite-riesgos\\\/evitando-riesgos\\\/#breadcrumb\"},\"inLanguage\":\"es\",\"potentialAction\":[{\"@type\":\"ReadAction\",\"target\":[\"https:\\\/\\\/www.cnbs.gob.hn\\\/educacionfinanciera\\\/evite-riesgos\\\/evitando-riesgos\\\/\"]}]},{\"@type\":\"ImageObject\",\"inLanguage\":\"es\",\"@id\":\"https:\\\/\\\/www.cnbs.gob.hn\\\/educacionfinanciera\\\/evite-riesgos\\\/evitando-riesgos\\\/#primaryimage\",\"url\":\"https:\\\/\\\/www.cnbs.gob.hn\\\/educacionfinanciera\\\/wp-content\\\/uploads\\\/2018\\\/05\\\/www.maxpixel.net-Payment-Finance-Credit-Credit-Cards-Credit-Card-2762536.jpg\",\"contentUrl\":\"https:\\\/\\\/www.cnbs.gob.hn\\\/educacionfinanciera\\\/wp-content\\\/uploads\\\/2018\\\/05\\\/www.maxpixel.net-Payment-Finance-Credit-Credit-Cards-Credit-Card-2762536.jpg\",\"caption\":\"Payment Finance Credit Credit Cards Credit Card\"},{\"@type\":\"BreadcrumbList\",\"@id\":\"https:\\\/\\\/www.cnbs.gob.hn\\\/educacionfinanciera\\\/evite-riesgos\\\/evitando-riesgos\\\/#breadcrumb\",\"itemListElement\":[{\"@type\":\"ListItem\",\"position\":1,\"name\":\"Home\",\"item\":\"https:\\\/\\\/www.cnbs.gob.hn\\\/educacionfinanciera\\\/\"},{\"@type\":\"ListItem\",\"position\":2,\"name\":\"Evite Riesgos\",\"item\":\"https:\\\/\\\/www.cnbs.gob.hn\\\/educacionfinanciera\\\/evite-riesgos\\\/\"},{\"@type\":\"ListItem\",\"position\":3,\"name\":\"Evitando riesgos\"}]},{\"@type\":\"WebSite\",\"@id\":\"https:\\\/\\\/www.cnbs.gob.hn\\\/educacionfinanciera\\\/#website\",\"url\":\"https:\\\/\\\/www.cnbs.gob.hn\\\/educacionfinanciera\\\/\",\"name\":\"CNBS - GEIFG - Educaci\u00f3n Financiera\",\"description\":\"\",\"publisher\":{\"@id\":\"https:\\\/\\\/www.cnbs.gob.hn\\\/educacionfinanciera\\\/#organization\"},\"potentialAction\":[{\"@type\":\"SearchAction\",\"target\":{\"@type\":\"EntryPoint\",\"urlTemplate\":\"https:\\\/\\\/www.cnbs.gob.hn\\\/educacionfinanciera\\\/?s={search_term_string}\"},\"query-input\":{\"@type\":\"PropertyValueSpecification\",\"valueRequired\":true,\"valueName\":\"search_term_string\"}}],\"inLanguage\":\"es\"},{\"@type\":\"Organization\",\"@id\":\"https:\\\/\\\/www.cnbs.gob.hn\\\/educacionfinanciera\\\/#organization\",\"name\":\"CNBS - GEIFG - Educaci\u00f3n Financiera\",\"url\":\"https:\\\/\\\/www.cnbs.gob.hn\\\/educacionfinanciera\\\/\",\"logo\":{\"@type\":\"ImageObject\",\"inLanguage\":\"es\",\"@id\":\"https:\\\/\\\/www.cnbs.gob.hn\\\/educacionfinanciera\\\/#\\\/schema\\\/logo\\\/image\\\/\",\"url\":\"https:\\\/\\\/www.cnbs.gob.hn\\\/educacionfinanciera\\\/wp-content\\\/uploads\\\/2020\\\/11\\\/Logo-CNBS-SOLO.png\",\"contentUrl\":\"https:\\\/\\\/www.cnbs.gob.hn\\\/educacionfinanciera\\\/wp-content\\\/uploads\\\/2020\\\/11\\\/Logo-CNBS-SOLO.png\",\"width\":2250,\"height\":2250,\"caption\":\"CNBS - GEIFG - Educaci\u00f3n Financiera\"},\"image\":{\"@id\":\"https:\\\/\\\/www.cnbs.gob.hn\\\/educacionfinanciera\\\/#\\\/schema\\\/logo\\\/image\\\/\"}}]}<\/script>\n<!-- \/ Yoast SEO plugin. -->","yoast_head_json":{"title":"Evitando riesgos - CNBS - GEIFG - Educaci\u00f3n Financiera","robots":{"index":"index","follow":"follow","max-snippet":"max-snippet:-1","max-image-preview":"max-image-preview:large","max-video-preview":"max-video-preview:-1"},"canonical":"https:\/\/www.cnbs.gob.hn\/educacionfinanciera\/evite-riesgos\/evitando-riesgos\/","og_locale":"es_ES","og_type":"article","og_title":"Evitando riesgos - CNBS - GEIFG - Educaci\u00f3n Financiera","og_description":"Evitando riesgos Disminuya el riesgo en el uso de su tarjeta de cr\u00e9dito D\u00e9 seguimiento a sus cr\u00e9ditos Disminuya el riesgo en el uso de su [\u2026]","og_url":"https:\/\/www.cnbs.gob.hn\/educacionfinanciera\/evite-riesgos\/evitando-riesgos\/","og_site_name":"CNBS - GEIFG - Educaci\u00f3n Financiera","article_modified_time":"2026-02-16T21:44:22+00:00","twitter_card":"summary_large_image","twitter_image":"https:\/\/www.cnbs.gob.hn\/educacionfinanciera\/wp-content\/uploads\/2018\/05\/www.maxpixel.net-Payment-Finance-Credit-Credit-Cards-Credit-Card-2762536.jpg","twitter_misc":{"Tiempo de lectura":"7 minutos"},"schema":{"@context":"https:\/\/schema.org","@graph":[{"@type":"WebPage","@id":"https:\/\/www.cnbs.gob.hn\/educacionfinanciera\/evite-riesgos\/evitando-riesgos\/","url":"https:\/\/www.cnbs.gob.hn\/educacionfinanciera\/evite-riesgos\/evitando-riesgos\/","name":"Evitando riesgos - CNBS - GEIFG - Educaci\u00f3n Financiera","isPartOf":{"@id":"https:\/\/www.cnbs.gob.hn\/educacionfinanciera\/#website"},"primaryImageOfPage":{"@id":"https:\/\/www.cnbs.gob.hn\/educacionfinanciera\/evite-riesgos\/evitando-riesgos\/#primaryimage"},"image":{"@id":"https:\/\/www.cnbs.gob.hn\/educacionfinanciera\/evite-riesgos\/evitando-riesgos\/#primaryimage"},"thumbnailUrl":"https:\/\/www.cnbs.gob.hn\/educacionfinanciera\/wp-content\/uploads\/2018\/05\/www.maxpixel.net-Payment-Finance-Credit-Credit-Cards-Credit-Card-2762536-300x200.jpg","datePublished":"2018-04-13T20:30:42+00:00","dateModified":"2026-02-16T21:44:22+00:00","breadcrumb":{"@id":"https:\/\/www.cnbs.gob.hn\/educacionfinanciera\/evite-riesgos\/evitando-riesgos\/#breadcrumb"},"inLanguage":"es","potentialAction":[{"@type":"ReadAction","target":["https:\/\/www.cnbs.gob.hn\/educacionfinanciera\/evite-riesgos\/evitando-riesgos\/"]}]},{"@type":"ImageObject","inLanguage":"es","@id":"https:\/\/www.cnbs.gob.hn\/educacionfinanciera\/evite-riesgos\/evitando-riesgos\/#primaryimage","url":"https:\/\/www.cnbs.gob.hn\/educacionfinanciera\/wp-content\/uploads\/2018\/05\/www.maxpixel.net-Payment-Finance-Credit-Credit-Cards-Credit-Card-2762536.jpg","contentUrl":"https:\/\/www.cnbs.gob.hn\/educacionfinanciera\/wp-content\/uploads\/2018\/05\/www.maxpixel.net-Payment-Finance-Credit-Credit-Cards-Credit-Card-2762536.jpg","caption":"Payment Finance Credit Credit Cards Credit Card"},{"@type":"BreadcrumbList","@id":"https:\/\/www.cnbs.gob.hn\/educacionfinanciera\/evite-riesgos\/evitando-riesgos\/#breadcrumb","itemListElement":[{"@type":"ListItem","position":1,"name":"Home","item":"https:\/\/www.cnbs.gob.hn\/educacionfinanciera\/"},{"@type":"ListItem","position":2,"name":"Evite Riesgos","item":"https:\/\/www.cnbs.gob.hn\/educacionfinanciera\/evite-riesgos\/"},{"@type":"ListItem","position":3,"name":"Evitando riesgos"}]},{"@type":"WebSite","@id":"https:\/\/www.cnbs.gob.hn\/educacionfinanciera\/#website","url":"https:\/\/www.cnbs.gob.hn\/educacionfinanciera\/","name":"CNBS - GEIFG - Educaci\u00f3n Financiera","description":"","publisher":{"@id":"https:\/\/www.cnbs.gob.hn\/educacionfinanciera\/#organization"},"potentialAction":[{"@type":"SearchAction","target":{"@type":"EntryPoint","urlTemplate":"https:\/\/www.cnbs.gob.hn\/educacionfinanciera\/?s={search_term_string}"},"query-input":{"@type":"PropertyValueSpecification","valueRequired":true,"valueName":"search_term_string"}}],"inLanguage":"es"},{"@type":"Organization","@id":"https:\/\/www.cnbs.gob.hn\/educacionfinanciera\/#organization","name":"CNBS - GEIFG - Educaci\u00f3n Financiera","url":"https:\/\/www.cnbs.gob.hn\/educacionfinanciera\/","logo":{"@type":"ImageObject","inLanguage":"es","@id":"https:\/\/www.cnbs.gob.hn\/educacionfinanciera\/#\/schema\/logo\/image\/","url":"https:\/\/www.cnbs.gob.hn\/educacionfinanciera\/wp-content\/uploads\/2020\/11\/Logo-CNBS-SOLO.png","contentUrl":"https:\/\/www.cnbs.gob.hn\/educacionfinanciera\/wp-content\/uploads\/2020\/11\/Logo-CNBS-SOLO.png","width":2250,"height":2250,"caption":"CNBS - GEIFG - Educaci\u00f3n Financiera"},"image":{"@id":"https:\/\/www.cnbs.gob.hn\/educacionfinanciera\/#\/schema\/logo\/image\/"}}]}},"_links":{"self":[{"href":"https:\/\/www.cnbs.gob.hn\/educacionfinanciera\/wp-json\/wp\/v2\/pages\/720","targetHints":{"allow":["GET"]}}],"collection":[{"href":"https:\/\/www.cnbs.gob.hn\/educacionfinanciera\/wp-json\/wp\/v2\/pages"}],"about":[{"href":"https:\/\/www.cnbs.gob.hn\/educacionfinanciera\/wp-json\/wp\/v2\/types\/page"}],"author":[{"embeddable":true,"href":"https:\/\/www.cnbs.gob.hn\/educacionfinanciera\/wp-json\/wp\/v2\/users\/2"}],"replies":[{"embeddable":true,"href":"https:\/\/www.cnbs.gob.hn\/educacionfinanciera\/wp-json\/wp\/v2\/comments?post=720"}],"version-history":[{"count":44,"href":"https:\/\/www.cnbs.gob.hn\/educacionfinanciera\/wp-json\/wp\/v2\/pages\/720\/revisions"}],"predecessor-version":[{"id":7993,"href":"https:\/\/www.cnbs.gob.hn\/educacionfinanciera\/wp-json\/wp\/v2\/pages\/720\/revisions\/7993"}],"up":[{"embeddable":true,"href":"https:\/\/www.cnbs.gob.hn\/educacionfinanciera\/wp-json\/wp\/v2\/pages\/705"}],"wp:attachment":[{"href":"https:\/\/www.cnbs.gob.hn\/educacionfinanciera\/wp-json\/wp\/v2\/media?parent=720"}],"curies":[{"name":"wp","href":"https:\/\/api.w.org\/{rel}","templated":true}]}}