{"id":122,"date":"2018-07-13T12:31:29","date_gmt":"2018-07-13T18:31:29","guid":{"rendered":"https:\/\/www.cnbs.gob.hn\/reclamos\/?page_id=122"},"modified":"2026-03-06T16:09:55","modified_gmt":"2026-03-06T22:09:55","slug":"preguntas-frecuentes","status":"publish","type":"page","link":"https:\/\/www.cnbs.gob.hn\/reclamos\/preguntas-frecuentes\/","title":{"rendered":"Preguntas Frecuentes"},"content":{"rendered":"\t\t<div data-elementor-type=\"wp-post\" data-elementor-id=\"122\" class=\"elementor elementor-122\" data-elementor-post-type=\"page\">\n\t\t\t\t\t\t<section class=\"elementor-section elementor-top-section elementor-element elementor-element-2efd7fa elementor-section-boxed elementor-section-height-default elementor-section-height-default\" data-id=\"2efd7fa\" data-element_type=\"section\" data-e-type=\"section\">\n\t\t\t\t\t\t<div class=\"elementor-container elementor-column-gap-default\">\n\t\t\t\t\t<div class=\"elementor-column elementor-col-100 elementor-top-column elementor-element elementor-element-35003ac\" data-id=\"35003ac\" data-element_type=\"column\" data-e-type=\"column\">\n\t\t\t<div class=\"elementor-widget-wrap elementor-element-populated\">\n\t\t\t\t\t\t<div class=\"elementor-element elementor-element-9a4184e elementor-widget elementor-widget-accordion\" data-id=\"9a4184e\" data-element_type=\"widget\" data-e-type=\"widget\" data-widget_type=\"accordion.default\">\n\t\t\t\t<div class=\"elementor-widget-container\">\n\t\t\t\t\t\t\t<div class=\"elementor-accordion\">\n\t\t\t\t\t\t\t<div class=\"elementor-accordion-item\">\n\t\t\t\t\t<div id=\"elementor-tab-title-1611\" class=\"elementor-tab-title\" data-tab=\"1\" role=\"button\" aria-controls=\"elementor-tab-content-1611\" aria-expanded=\"false\">\n\t\t\t\t\t\t\t\t\t\t\t\t\t<span class=\"elementor-accordion-icon elementor-accordion-icon-left\" aria-hidden=\"true\">\n\t\t\t\t\t\t\t\t\t\t\t\t\t\t\t<span class=\"elementor-accordion-icon-closed\"><i class=\"fas fa-plus\"><\/i><\/span>\n\t\t\t\t\t\t\t\t<span class=\"elementor-accordion-icon-opened\"><i class=\"fas fa-minus\"><\/i><\/span>\n\t\t\t\t\t\t\t\t\t\t\t\t\t\t<\/span>\n\t\t\t\t\t\t\t\t\t\t\t\t<a class=\"elementor-accordion-title\" tabindex=\"0\">1) \u00bfQu\u00e9 es OFICIALES DE ATENCI\u00d3N AL USUARIO FINANCIERO y para qu\u00e9 sirve?<\/a>\n\t\t\t\t\t<\/div>\n\t\t\t\t\t<div id=\"elementor-tab-content-1611\" class=\"elementor-tab-content elementor-clearfix\" data-tab=\"1\" role=\"region\" aria-labelledby=\"elementor-tab-title-1611\"><p>En esta herramienta se encuentra toda la informaci\u00f3n relacionada a los oficiales de atenci\u00f3n al usuario financiero nombrados por la Junta Directiva o Consejo de Administraci\u00f3n de cada instituci\u00f3n supervisada, sirve para proporcionar informaci\u00f3n del personal de las instituciones que tienen la obligaci\u00f3n de guiar al usuario financiero en relaci\u00f3n a como interponer un reclamo e informarle del seguimiento del mismo.<\/p><\/div>\n\t\t\t\t<\/div>\n\t\t\t\t\t\t\t<div class=\"elementor-accordion-item\">\n\t\t\t\t\t<div id=\"elementor-tab-title-1612\" class=\"elementor-tab-title\" data-tab=\"2\" role=\"button\" aria-controls=\"elementor-tab-content-1612\" aria-expanded=\"false\">\n\t\t\t\t\t\t\t\t\t\t\t\t\t<span class=\"elementor-accordion-icon elementor-accordion-icon-left\" aria-hidden=\"true\">\n\t\t\t\t\t\t\t\t\t\t\t\t\t\t\t<span class=\"elementor-accordion-icon-closed\"><i class=\"fas fa-plus\"><\/i><\/span>\n\t\t\t\t\t\t\t\t<span class=\"elementor-accordion-icon-opened\"><i class=\"fas fa-minus\"><\/i><\/span>\n\t\t\t\t\t\t\t\t\t\t\t\t\t\t<\/span>\n\t\t\t\t\t\t\t\t\t\t\t\t<a class=\"elementor-accordion-title\" tabindex=\"0\">2) \u00bfQu\u00e9 es el Sistema de Atenci\u00f3n a Reclamos (SAR)?<\/a>\n\t\t\t\t\t<\/div>\n\t\t\t\t\t<div id=\"elementor-tab-content-1612\" class=\"elementor-tab-content elementor-clearfix\" data-tab=\"2\" role=\"region\" aria-labelledby=\"elementor-tab-title-1612\"><div id=\"target-id7615\" class=\"collapseomatic_content \"><p class=\"just\">Mediante el SAR las instituciones supervisadas atienden los reclamos presentados por sus clientes bajo un procedimiento y plazos establecidos.<\/p><p class=\"just\">Este servicio es totalmente gratuito, para ello los usuarios y los oficiales de Atenci\u00f3n al usuario son los encargados de prestar este servicio.<\/p><p class=\"just\">Hay un Oficial de Atenci\u00f3n al Usuario Financiero en cada instituci\u00f3n financiera supervisada, qui\u00e9n se encargar\u00e1 de resolver los reclamos presentados. Los usuarios financieros podr\u00e1n presentar sus reclamos en cualquier oficina o sucursal de la entidad financiera controlada y supervisada por la CNBS.<\/p><\/div><h4>\u00bfCu\u00e1l es el Procedimiento para Presentar un Reclamo a las Instituciones Financieras?<\/h4><div id=\"target-id479\" class=\"collapseomatic_content \"><p class=\"just\">Todos los reclamos de los usuarios financieros deben ser atendidos y resueltos en las instituciones supervisadas, mediante el Sistema de Atenci\u00f3n al Usuario Financiero a cargo del Oficial de Atenci\u00f3n al Usuario.<\/p><p class=\"just\">En la instituci\u00f3n supervisada:<\/p><ul class=\"listoption1\"><li>Solicitar al Oficial de Atenci\u00f3n al Usuario la Hoja de Reclamaci\u00f3n, llene la hoja y exija copia de la misma con firma y sello de recibido.<\/li><li>En un plazo m\u00e1ximo de diez (10) d\u00edas h\u00e1biles contados a partir de la fecha de la recepci\u00f3n del reclamo, la instituci\u00f3n supervisada analizar\u00e1 y resolver\u00e1 el reclamo, debiendo comunicar la respuesta por escrito al usuario financiero, dentro de dicho plazo. En caso de requerir un mayor plazo, la instituci\u00f3n supervisada debe de informar por escrito al usuario financiero las razones que ameritan la extensi\u00f3n del plazo.<\/li><li>En los casos en que los usuarios financieros presenten alguna incapacidad f\u00edsica y\/o no puedan escribir, y lo requieren, el oficial de atenci\u00f3n de la instituci\u00f3n supervisada llenar\u00e1 la hoja de reclamaci\u00f3n.<\/li><li>Verifique que la respuesta al reclamo que le brinde la instituci\u00f3n supervisada, sea dentro del plazo establecido y conforme a lo Solicitado.<\/li><\/ul><\/div><h4>\u00bfCu\u00e1l es el procedimiento para presentar un Reclamo a la CNBS?<\/h4><div id=\"target-id1013\" class=\"collapseomatic_content \"><p class=\"just\">Cuando la respuesta proporcionada por la instituci\u00f3n supervisada no sea satisfactoria para el usuario financiero, \u00e9ste podr\u00e1 presentarla ante la Direcci\u00f3n de Protecci\u00f3n al Usuario Financiero de la CNBS:<\/p><ul class=\"listoption1\"><li>El usuario financiero, deber\u00e1 presentar copia de la Hoja de Reclamaci\u00f3n que fue presentada ante la instituci\u00f3n supervisada acompa\u00f1ada de la respuesta correspondiente, exponiendo los motivos por los cuales considera que la respuesta no le es satisfactoria y adjuntando toda la documentaci\u00f3n que considere pertinente.<\/li><li>La CNBS, despu\u00e9s de recibida toda la documentaci\u00f3n, analizar\u00e1 la procedencia del reclamo pudiendo rechazar el mismo.<\/li><li>En el caso de ser admitido el reclamo, se realizar\u00e1 la investigaci\u00f3n correspondiente a efecto de dar respuesta por escrito de la decisi\u00f3n adoptada tanto al usuario financiero como a la instituci\u00f3n supervisada.<\/li><li>Si el usuario financiero o la instituci\u00f3n supervisada no est\u00e1n de acuerdo con la decisi\u00f3n adoptada, pueden solicitar a la CNBS la revisi\u00f3n en el plazo no mayor a diez (10) d\u00edas h\u00e1biles contados a partir de la fecha de la recepci\u00f3n de la respuesta emitida por la CNBS.<\/li><li>La instituci\u00f3n supervisada deber\u00e1 acatar lo resuelto por la CNBS. En caso de incumplimiento, \u00e9sta se reserva el derecho de abrir un procedimiento administrativo sancionador.<\/li><li>Recibida dicha solicitud, la CNBS la resolver\u00e1 mediante Resoluci\u00f3n con la cual se agotar\u00e1 la v\u00eda administrativa.<\/li><\/ul><\/div><\/div>\n\t\t\t\t<\/div>\n\t\t\t\t\t\t\t\t<\/div>\n\t\t\t\t\t\t<\/div>\n\t\t\t\t<\/div>\n\t\t\t\t\t<\/div>\n\t\t<\/div>\n\t\t\t\t\t<\/div>\n\t\t<\/section>\n\t\t\t\t<\/div>\n\t\t","protected":false},"excerpt":{"rendered":"<p>1) \u00bfQu\u00e9 es OFICIALES DE ATENCI\u00d3N AL USUARIO FINANCIERO y para qu\u00e9 sirve? En esta herramienta se encuentra toda la informaci\u00f3n relacionada a los oficiales &hellip;<\/p>\n","protected":false},"author":2,"featured_media":0,"parent":0,"menu_order":0,"comment_status":"closed","ping_status":"closed","template":"","meta":{"_crdt_document":"","footnotes":""},"class_list":["post-122","page","type-page","status-publish","hentry"],"_links":{"self":[{"href":"https:\/\/www.cnbs.gob.hn\/reclamos\/wp-json\/wp\/v2\/pages\/122","targetHints":{"allow":["GET"]}}],"collection":[{"href":"https:\/\/www.cnbs.gob.hn\/reclamos\/wp-json\/wp\/v2\/pages"}],"about":[{"href":"https:\/\/www.cnbs.gob.hn\/reclamos\/wp-json\/wp\/v2\/types\/page"}],"author":[{"embeddable":true,"href":"https:\/\/www.cnbs.gob.hn\/reclamos\/wp-json\/wp\/v2\/users\/2"}],"replies":[{"embeddable":true,"href":"https:\/\/www.cnbs.gob.hn\/reclamos\/wp-json\/wp\/v2\/comments?post=122"}],"version-history":[{"count":13,"href":"https:\/\/www.cnbs.gob.hn\/reclamos\/wp-json\/wp\/v2\/pages\/122\/revisions"}],"predecessor-version":[{"id":1880,"href":"https:\/\/www.cnbs.gob.hn\/reclamos\/wp-json\/wp\/v2\/pages\/122\/revisions\/1880"}],"wp:attachment":[{"href":"https:\/\/www.cnbs.gob.hn\/reclamos\/wp-json\/wp\/v2\/media?parent=122"}],"curies":[{"name":"wp","href":"https:\/\/api.w.org\/{rel}","templated":true}]}}